{"id":1376,"date":"2020-06-21T18:42:40","date_gmt":"2020-06-21T16:42:40","guid":{"rendered":"https:\/\/remembermefrance.org\/?page_id=1376"},"modified":"2025-09-17T10:12:28","modified_gmt":"2025-09-17T08:12:28","slug":"apistopvet","status":"publish","type":"page","link":"https:\/\/remembermefrance.org\/en\/la-communaute\/apistopvet\/","title":{"rendered":"Partner Veterinary Clinic"},"content":{"rendered":"<div class=\"n2_clear\"><ss3-force-full-width data-overflow-x=\"body\" data-horizontal-selector=\"body\"><div class=\"n2-section-smartslider fitvidsignore  n2_clear\" data-ssid=\"15\"><div class=\"n2-ss-margin\" style=\"margin: -35px 0px 0px 0px;\"><div id=\"n2-ss-15-align\" class=\"n2-ss-align\"><div class=\"n2-padding\"><div id=\"n2-ss-15\" data-creator=\"Smart Slider 3\" data-responsive=\"fullwidth\" class=\"n2-ss-slider n2-ow n2-has-hover n2notransition  \">\n        <div class=\"n2-ss-slider-1 n2-ow\">\n            <div class=\"n2-ss-slider-2 n2-ow\">\n                <div class=\"n2-ss-slide-backgrounds n2-ow-all\"><div class=\"n2-ss-slide-background\" data-public-id=\"1\" data-mode=\"fill\"><div class=\"n2-ss-slide-background-image\" data-blur=\"0\" data-opacity=\"100\" data-x=\"50\" data-y=\"50\" data-alt=\"\" data-title=\"\"><picture class=\"skip-lazy\" data-skip-lazy=\"1\"><img decoding=\"async\" src=\"\/\/remembermefrance.org\/wp-content\/uploads\/clinique-veterinaire-partenaire.jpg\" alt=\"\" title=\"\" loading=\"lazy\" class=\"skip-lazy\" data-skip-lazy=\"1\"><\/picture><\/div><div data-color=\"RGBA(255,255,255,0)\" style=\"background-color: RGBA(255,255,255,0);\" class=\"n2-ss-slide-background-color\"><\/div><\/div><\/div>                <div class=\"n2-ss-slider-3 n2-ow\">\n                    <svg xmlns=\"http:\/\/www.w3.org\/2000\/svg\" viewBox=\"0 0 1200 550\" data-related-device=\"desktopPortrait\" class=\"n2-ow n2-ss-preserve-size n2-ss-preserve-size--slider n2-ss-slide-limiter\"><\/svg><div data-first=\"1\" data-slide-duration=\"0\" data-id=\"34\" data-slide-public-id=\"1\" data-title=\"association-protection-animaux\" class=\"n2-ss-slide n2-ow  n2-ss-slide-34\"><div role=\"note\" class=\"n2-ss-slide--focus\" tabindex=\"-1\">association-protection-animaux<\/div><div class=\"n2-ss-layers-container n2-ss-slide-limiter n2-ow\"><div class=\"n2-ss-layer n2-ow n-uc-rJmyQlvsK8VO\" data-sstype=\"slide\" data-pm=\"default\"><div class=\"n2-ss-layer n2-ow n-uc-jS7zizmLOfzn\" data-pm=\"default\" data-sstype=\"content\" data-hasbackground=\"0\"><div class=\"n2-ss-section-main-content n2-ss-layer-with-background n2-ss-layer-content n2-ow n-uc-jS7zizmLOfzn-inner\"><div class=\"n2-ss-layer n2-ow n-uc-5WsYYJa6ntdJ\" data-pm=\"normal\" data-animv2=\"{&quot;basic&quot;:{&quot;in&quot;:{&quot;type&quot;:&quot;basic&quot;,&quot;name&quot;:&quot;Gauche&quot;,&quot;keyFrames&quot;:[{&quot;x&quot;:400}]}}}\" data-sstype=\"layer\"><div id=\"n2-ss-15item1\" class=\"n2-font-5ecae6306fdc95a3b1aeb89f2299a425-hover n2-style-70db088817768146cc836a0c2ce1d6e0-heading   n2-ss-item-content n2-ss-text n2-ow\" style=\"display:block;\">Clinique V\u00e9t\u00e9rinaire Partenaire<\/div><\/div><\/div><\/div><\/div><\/div><\/div>                <\/div>\n                            <\/div>\n        <\/div>\n        <\/div><ss3-loader><\/ss3-loader><\/div><\/div><div class=\"n2_clear\"><\/div><\/div><\/div><\/ss3-force-full-width><\/div>\n\n\n<div style=\"height:16px\" aria-hidden=\"true\" class=\"wp-block-spacer\"><\/div>\n\n\n\n<div class=\"wp-block-columns is-layout-flex wp-container-core-columns-is-layout-9d6595d7 wp-block-columns-is-layout-flex\">\n<div class=\"wp-block-column is-layout-flow wp-block-column-is-layout-flow\">\n<figure class=\"wp-block-image size-large is-style-default\"><a href=\"https:\/\/www.facebook.com\/Cabinet-veterinar-Apistopvet-dr-Lucian-Radu-793324690694752\/?ref=page_internal\" target=\"_blank\" rel=\"noopener\"><img decoding=\"async\" width=\"500\" height=\"300\" src=\"https:\/\/remembermefrance.org\/wp-content\/uploads\/12087694_1208529839174233_96074899932476693_o-500x300.jpg\" alt=\"\" class=\"wp-image-26658\" srcset=\"https:\/\/remembermefrance.org\/wp-content\/uploads\/12087694_1208529839174233_96074899932476693_o-500x300.jpg 500w, https:\/\/remembermefrance.org\/wp-content\/uploads\/12087694_1208529839174233_96074899932476693_o-300x180.jpg 300w, https:\/\/remembermefrance.org\/wp-content\/uploads\/12087694_1208529839174233_96074899932476693_o-768x461.jpg 768w, https:\/\/remembermefrance.org\/wp-content\/uploads\/12087694_1208529839174233_96074899932476693_o-18x12.jpg 18w, https:\/\/remembermefrance.org\/wp-content\/uploads\/12087694_1208529839174233_96074899932476693_o-360x216.jpg 360w, https:\/\/remembermefrance.org\/wp-content\/uploads\/12087694_1208529839174233_96074899932476693_o.jpg 1080w\" sizes=\"(max-width: 500px) 100vw, 500px\" \/><\/a><\/figure>\n<\/div>\n\n\n\n<div class=\"wp-block-column is-layout-flow wp-block-column-is-layout-flow\">\n<h2 class=\"wp-block-heading\" id=\"cabinet-medical-apistopvet\">Cabinet m\u00e9dical Apistopvet<\/h2>\n\n\n\n<p>Apistopvet est notre partenaire principal ; il s&rsquo;agit d&rsquo;une clinique v\u00e9t\u00e9rinaire bas\u00e9e \u00e0 Topile (Judet Lasi), en Roumanie. Elle est dirig\u00e9e par Lucian Radu, notre professionnel de sant\u00e9 animale attitr\u00e9. Trois v\u00e9t\u00e9rinaires travaillent dans cette structure \u00e0 temps plein.<\/p>\n\n\n\n<div class=\"wp-block-columns is-layout-flex wp-container-core-columns-is-layout-9d6595d7 wp-block-columns-is-layout-flex\">\n<div class=\"wp-block-column is-layout-flow wp-block-column-is-layout-flow\" style=\"flex-basis:33.33%\">\n<figure class=\"wp-block-image size-full is-resized\"><a href=\"https:\/\/www.facebook.com\/p\/Apistopvet-Clinic%C4%83-medical-veterinar%C4%83-100063497626391\/\" target=\"_blank\" rel=\" noreferrer noopener\"><img decoding=\"async\" width=\"200\" height=\"200\" src=\"https:\/\/remembermefrance.org\/wp-content\/uploads\/facebook.webp\" alt=\"\" class=\"wp-image-89477\" style=\"width:96px;height:96px\" srcset=\"https:\/\/remembermefrance.org\/wp-content\/uploads\/facebook.webp 200w, https:\/\/remembermefrance.org\/wp-content\/uploads\/facebook-150x150.webp 150w, https:\/\/remembermefrance.org\/wp-content\/uploads\/facebook-12x12.webp 12w, https:\/\/remembermefrance.org\/wp-content\/uploads\/facebook-100x100.webp 100w\" sizes=\"(max-width: 200px) 100vw, 200px\" \/><\/a><\/figure>\n<\/div>\n\n\n\n<div class=\"wp-block-column is-layout-flow wp-block-column-is-layout-flow\" style=\"flex-basis:66.66%\">\n<p>Email : <strong>apistopvet@gmail.com<\/strong><\/p>\n<\/div>\n<\/div>\n\n\n\n<p><\/p>\n<\/div>\n<\/div>\n\n\n\n<figure class=\"wp-block-gallery alignwide has-nested-images columns-5 is-cropped wp-block-gallery-1 is-layout-flex wp-block-gallery-is-layout-flex\">\n<figure class=\"wp-block-image size-large\"><a href=\"https:\/\/remembermefrance.org\/wp-content\/uploads\/241698616_5100306026663242_7521091319509140750_n.jpg\"><img decoding=\"async\" width=\"375\" height=\"500\" data-id=\"26664\" src=\"https:\/\/remembermefrance.org\/wp-content\/uploads\/241698616_5100306026663242_7521091319509140750_n-375x500.jpg\" alt=\"\" class=\"wp-image-26664\" srcset=\"https:\/\/remembermefrance.org\/wp-content\/uploads\/241698616_5100306026663242_7521091319509140750_n-375x500.jpg 375w, https:\/\/remembermefrance.org\/wp-content\/uploads\/241698616_5100306026663242_7521091319509140750_n-225x300.jpg 225w, https:\/\/remembermefrance.org\/wp-content\/uploads\/241698616_5100306026663242_7521091319509140750_n-9x12.jpg 9w, https:\/\/remembermefrance.org\/wp-content\/uploads\/241698616_5100306026663242_7521091319509140750_n-360x480.jpg 360w, https:\/\/remembermefrance.org\/wp-content\/uploads\/241698616_5100306026663242_7521091319509140750_n.jpg 720w\" sizes=\"(max-width: 375px) 100vw, 375px\" \/><\/a><\/figure>\n\n\n\n<figure class=\"wp-block-image size-large\"><a href=\"https:\/\/remembermefrance.org\/wp-content\/uploads\/95801032_3612499052110621_6636118935001366528_n.jpg\"><img decoding=\"async\" width=\"500\" height=\"281\" data-id=\"26663\" src=\"https:\/\/remembermefrance.org\/wp-content\/uploads\/95801032_3612499052110621_6636118935001366528_n-500x281.jpg\" alt=\"\" class=\"wp-image-26663\" srcset=\"https:\/\/remembermefrance.org\/wp-content\/uploads\/95801032_3612499052110621_6636118935001366528_n-500x281.jpg 500w, https:\/\/remembermefrance.org\/wp-content\/uploads\/95801032_3612499052110621_6636118935001366528_n-300x169.jpg 300w, https:\/\/remembermefrance.org\/wp-content\/uploads\/95801032_3612499052110621_6636118935001366528_n-768x432.jpg 768w, https:\/\/remembermefrance.org\/wp-content\/uploads\/95801032_3612499052110621_6636118935001366528_n-18x10.jpg 18w, https:\/\/remembermefrance.org\/wp-content\/uploads\/95801032_3612499052110621_6636118935001366528_n-360x203.jpg 360w, https:\/\/remembermefrance.org\/wp-content\/uploads\/95801032_3612499052110621_6636118935001366528_n.jpg 960w\" sizes=\"(max-width: 500px) 100vw, 500px\" \/><\/a><\/figure>\n\n\n\n<figure class=\"wp-block-image size-large\"><a href=\"https:\/\/remembermefrance.org\/wp-content\/uploads\/64725077_2887788071248393_5319273071465463808_n.jpg\"><img decoding=\"async\" width=\"278\" height=\"500\" data-id=\"26662\" src=\"https:\/\/remembermefrance.org\/wp-content\/uploads\/64725077_2887788071248393_5319273071465463808_n-278x500.jpg\" alt=\"\" class=\"wp-image-26662\" srcset=\"https:\/\/remembermefrance.org\/wp-content\/uploads\/64725077_2887788071248393_5319273071465463808_n-278x500.jpg 278w, https:\/\/remembermefrance.org\/wp-content\/uploads\/64725077_2887788071248393_5319273071465463808_n-167x300.jpg 167w, https:\/\/remembermefrance.org\/wp-content\/uploads\/64725077_2887788071248393_5319273071465463808_n-768x1382.jpg 768w, https:\/\/remembermefrance.org\/wp-content\/uploads\/64725077_2887788071248393_5319273071465463808_n-7x12.jpg 7w, https:\/\/remembermefrance.org\/wp-content\/uploads\/64725077_2887788071248393_5319273071465463808_n-360x648.jpg 360w, https:\/\/remembermefrance.org\/wp-content\/uploads\/64725077_2887788071248393_5319273071465463808_n.jpg 800w\" sizes=\"(max-width: 278px) 100vw, 278px\" \/><\/a><\/figure>\n\n\n\n<figure class=\"wp-block-image size-large\"><a href=\"https:\/\/remembermefrance.org\/wp-content\/uploads\/48417580_2586092724751264_5264435053584187392_n.jpg\"><img decoding=\"async\" width=\"375\" height=\"500\" data-id=\"26660\" src=\"https:\/\/remembermefrance.org\/wp-content\/uploads\/48417580_2586092724751264_5264435053584187392_n-375x500.jpg\" alt=\"\" class=\"wp-image-26660\" srcset=\"https:\/\/remembermefrance.org\/wp-content\/uploads\/48417580_2586092724751264_5264435053584187392_n-375x500.jpg 375w, https:\/\/remembermefrance.org\/wp-content\/uploads\/48417580_2586092724751264_5264435053584187392_n-225x300.jpg 225w, https:\/\/remembermefrance.org\/wp-content\/uploads\/48417580_2586092724751264_5264435053584187392_n-9x12.jpg 9w, https:\/\/remembermefrance.org\/wp-content\/uploads\/48417580_2586092724751264_5264435053584187392_n-360x480.jpg 360w, https:\/\/remembermefrance.org\/wp-content\/uploads\/48417580_2586092724751264_5264435053584187392_n.jpg 720w\" sizes=\"(max-width: 375px) 100vw, 375px\" \/><\/a><\/figure>\n\n\n\n<figure class=\"wp-block-image size-large\"><a href=\"https:\/\/remembermefrance.org\/wp-content\/uploads\/64409393_2885757344784799_8754183753535848448_n.jpg\"><img decoding=\"async\" width=\"372\" height=\"500\" data-id=\"26661\" src=\"https:\/\/remembermefrance.org\/wp-content\/uploads\/64409393_2885757344784799_8754183753535848448_n-372x500.jpg\" alt=\"\" class=\"wp-image-26661\" srcset=\"https:\/\/remembermefrance.org\/wp-content\/uploads\/64409393_2885757344784799_8754183753535848448_n-372x500.jpg 372w, https:\/\/remembermefrance.org\/wp-content\/uploads\/64409393_2885757344784799_8754183753535848448_n-223x300.jpg 223w, https:\/\/remembermefrance.org\/wp-content\/uploads\/64409393_2885757344784799_8754183753535848448_n-768x1032.jpg 768w, https:\/\/remembermefrance.org\/wp-content\/uploads\/64409393_2885757344784799_8754183753535848448_n-9x12.jpg 9w, https:\/\/remembermefrance.org\/wp-content\/uploads\/64409393_2885757344784799_8754183753535848448_n-360x484.jpg 360w, https:\/\/remembermefrance.org\/wp-content\/uploads\/64409393_2885757344784799_8754183753535848448_n.jpg 1072w\" sizes=\"(max-width: 372px) 100vw, 372px\" \/><\/a><\/figure>\n<\/figure>\n\n\n\n<hr class=\"wp-block-separator has-css-opacity\" \/>\n","protected":false},"excerpt":{"rendered":"<p>Cabinet m\u00e9dical Apistopvet Apistopvet est notre partenaire principal ; il s&rsquo;agit d&rsquo;une clinique v\u00e9t\u00e9rinaire bas\u00e9e \u00e0 Topile (Judet Lasi), en Roumanie. Elle est dirig\u00e9e par&hellip;<\/p>","protected":false},"author":1,"featured_media":0,"parent":553,"menu_order":0,"comment_status":"closed","ping_status":"closed","template":"","meta":{"cybocfi_hide_featured_image":"","footnotes":""},"class_list":["post-1376","page","type-page","status-publish","hentry"],"yoast_head":"<!-- This site is optimized with the Yoast SEO plugin v27.4 - https:\/\/yoast.com\/product\/yoast-seo-wordpress\/ -->\n<title>Clinique v\u00e9t\u00e9rinaire partenaire - Association RMF<\/title>\n<meta name=\"robots\" content=\"index, follow, max-snippet:-1, max-image-preview:large, max-video-preview:-1\" \/>\n<link rel=\"canonical\" href=\"http:\/\/remembermefrance.org\/en\/la-communaute\/apistopvet\/\" \/>\n<meta property=\"og:locale\" content=\"en_GB\" \/>\n<meta property=\"og:type\" content=\"article\" \/>\n<meta property=\"og:title\" content=\"Clinique v\u00e9t\u00e9rinaire partenaire - Association RMF\" \/>\n<meta property=\"og:description\" content=\"Cabinet m\u00e9dical Apistopvet Apistopvet est notre partenaire principal ; il s&rsquo;agit d&rsquo;une clinique v\u00e9t\u00e9rinaire bas\u00e9e \u00e0 Topile (Judet Lasi), en Roumanie. Elle est dirig\u00e9e par&hellip;\" \/>\n<meta property=\"og:url\" content=\"http:\/\/remembermefrance.org\/en\/la-communaute\/apistopvet\/\" \/>\n<meta property=\"og:site_name\" content=\"Association RMF\" \/>\n<meta property=\"article:publisher\" content=\"https:\/\/www.facebook.com\/remembermefrance\" \/>\n<meta property=\"article:modified_time\" content=\"2025-09-17T08:12:28+00:00\" \/>\n<meta property=\"og:image\" content=\"https:\/\/remembermefrance.org\/wp-content\/uploads\/12087694_1208529839174233_96074899932476693_o-500x300.jpg\" \/>\n<meta name=\"twitter:card\" content=\"summary_large_image\" \/>\n<script type=\"application\/ld+json\" class=\"yoast-schema-graph\">{\"@context\":\"https:\\\/\\\/schema.org\",\"@graph\":[{\"@type\":\"WebPage\",\"@id\":\"http:\\\/\\\/remembermefrance.org\\\/en\\\/la-communaute\\\/apistopvet\\\/\",\"url\":\"http:\\\/\\\/remembermefrance.org\\\/en\\\/la-communaute\\\/apistopvet\\\/\",\"name\":\"Clinique v\u00e9t\u00e9rinaire partenaire - Association RMF\",\"isPartOf\":{\"@id\":\"https:\\\/\\\/remembermefrance.org\\\/#website\"},\"primaryImageOfPage\":{\"@id\":\"http:\\\/\\\/remembermefrance.org\\\/en\\\/la-communaute\\\/apistopvet\\\/#primaryimage\"},\"image\":{\"@id\":\"http:\\\/\\\/remembermefrance.org\\\/en\\\/la-communaute\\\/apistopvet\\\/#primaryimage\"},\"thumbnailUrl\":\"https:\\\/\\\/remembermefrance.org\\\/wp-content\\\/uploads\\\/12087694_1208529839174233_96074899932476693_o-500x300.jpg\",\"datePublished\":\"2020-06-21T16:42:40+00:00\",\"dateModified\":\"2025-09-17T08:12:28+00:00\",\"breadcrumb\":{\"@id\":\"http:\\\/\\\/remembermefrance.org\\\/en\\\/la-communaute\\\/apistopvet\\\/#breadcrumb\"},\"inLanguage\":\"en-GB\",\"potentialAction\":[{\"@type\":\"ReadAction\",\"target\":[\"http:\\\/\\\/remembermefrance.org\\\/en\\\/la-communaute\\\/apistopvet\\\/\"]}]},{\"@type\":\"ImageObject\",\"inLanguage\":\"en-GB\",\"@id\":\"http:\\\/\\\/remembermefrance.org\\\/en\\\/la-communaute\\\/apistopvet\\\/#primaryimage\",\"url\":\"https:\\\/\\\/remembermefrance.org\\\/wp-content\\\/uploads\\\/12087694_1208529839174233_96074899932476693_o-500x300.jpg\",\"contentUrl\":\"https:\\\/\\\/remembermefrance.org\\\/wp-content\\\/uploads\\\/12087694_1208529839174233_96074899932476693_o-500x300.jpg\"},{\"@type\":\"BreadcrumbList\",\"@id\":\"http:\\\/\\\/remembermefrance.org\\\/en\\\/la-communaute\\\/apistopvet\\\/#breadcrumb\",\"itemListElement\":[{\"@type\":\"ListItem\",\"position\":1,\"name\":\"Accueil\",\"item\":\"https:\\\/\\\/remembermefrance.org\\\/\"},{\"@type\":\"ListItem\",\"position\":2,\"name\":\"La communaut\u00e9\",\"item\":\"https:\\\/\\\/remembermefrance.org\\\/la-communaute\\\/\"},{\"@type\":\"ListItem\",\"position\":3,\"name\":\"Clinique v\u00e9t\u00e9rinaire partenaire\"}]},{\"@type\":\"WebSite\",\"@id\":\"https:\\\/\\\/remembermefrance.org\\\/#website\",\"url\":\"https:\\\/\\\/remembermefrance.org\\\/\",\"name\":\"Remember me\",\"description\":\"Adopter un chien roumain\",\"publisher\":{\"@id\":\"https:\\\/\\\/remembermefrance.org\\\/#organization\"},\"potentialAction\":[{\"@type\":\"SearchAction\",\"target\":{\"@type\":\"EntryPoint\",\"urlTemplate\":\"https:\\\/\\\/remembermefrance.org\\\/?s={search_term_string}\"},\"query-input\":{\"@type\":\"PropertyValueSpecification\",\"valueRequired\":true,\"valueName\":\"search_term_string\"}}],\"inLanguage\":\"en-GB\"},{\"@type\":\"Organization\",\"@id\":\"https:\\\/\\\/remembermefrance.org\\\/#organization\",\"name\":\"Remember me\",\"url\":\"https:\\\/\\\/remembermefrance.org\\\/\",\"logo\":{\"@type\":\"ImageObject\",\"inLanguage\":\"en-GB\",\"@id\":\"https:\\\/\\\/remembermefrance.org\\\/#\\\/schema\\\/logo\\\/image\\\/\",\"url\":\"https:\\\/\\\/remembermefrance.org\\\/wp-content\\\/uploads\\\/logo-remember.png\",\"contentUrl\":\"https:\\\/\\\/remembermefrance.org\\\/wp-content\\\/uploads\\\/logo-remember.png\",\"width\":325,\"height\":60,\"caption\":\"Remember me\"},\"image\":{\"@id\":\"https:\\\/\\\/remembermefrance.org\\\/#\\\/schema\\\/logo\\\/image\\\/\"},\"sameAs\":[\"https:\\\/\\\/www.facebook.com\\\/remembermefrance\",\"https:\\\/\\\/www.instagram.com\\\/remembermefrance\\\/\"]}]}<\/script>\n<!-- \/ Yoast SEO plugin. -->","yoast_head_json":{"title":"Clinique v\u00e9t\u00e9rinaire partenaire - Association RMF","robots":{"index":"index","follow":"follow","max-snippet":"max-snippet:-1","max-image-preview":"max-image-preview:large","max-video-preview":"max-video-preview:-1"},"canonical":"http:\/\/remembermefrance.org\/en\/la-communaute\/apistopvet\/","og_locale":"en_GB","og_type":"article","og_title":"Clinique v\u00e9t\u00e9rinaire partenaire - Association RMF","og_description":"Cabinet m\u00e9dical Apistopvet Apistopvet est notre partenaire principal ; il s&rsquo;agit d&rsquo;une clinique v\u00e9t\u00e9rinaire bas\u00e9e \u00e0 Topile (Judet Lasi), en Roumanie. Elle est dirig\u00e9e par&hellip;","og_url":"http:\/\/remembermefrance.org\/en\/la-communaute\/apistopvet\/","og_site_name":"Association RMF","article_publisher":"https:\/\/www.facebook.com\/remembermefrance","article_modified_time":"2025-09-17T08:12:28+00:00","og_image":[{"url":"https:\/\/remembermefrance.org\/wp-content\/uploads\/12087694_1208529839174233_96074899932476693_o-500x300.jpg","type":"","width":"","height":""}],"twitter_card":"summary_large_image","schema":{"@context":"https:\/\/schema.org","@graph":[{"@type":"WebPage","@id":"http:\/\/remembermefrance.org\/en\/la-communaute\/apistopvet\/","url":"http:\/\/remembermefrance.org\/en\/la-communaute\/apistopvet\/","name":"Clinique v\u00e9t\u00e9rinaire partenaire - Association RMF","isPartOf":{"@id":"https:\/\/remembermefrance.org\/#website"},"primaryImageOfPage":{"@id":"http:\/\/remembermefrance.org\/en\/la-communaute\/apistopvet\/#primaryimage"},"image":{"@id":"http:\/\/remembermefrance.org\/en\/la-communaute\/apistopvet\/#primaryimage"},"thumbnailUrl":"https:\/\/remembermefrance.org\/wp-content\/uploads\/12087694_1208529839174233_96074899932476693_o-500x300.jpg","datePublished":"2020-06-21T16:42:40+00:00","dateModified":"2025-09-17T08:12:28+00:00","breadcrumb":{"@id":"http:\/\/remembermefrance.org\/en\/la-communaute\/apistopvet\/#breadcrumb"},"inLanguage":"en-GB","potentialAction":[{"@type":"ReadAction","target":["http:\/\/remembermefrance.org\/en\/la-communaute\/apistopvet\/"]}]},{"@type":"ImageObject","inLanguage":"en-GB","@id":"http:\/\/remembermefrance.org\/en\/la-communaute\/apistopvet\/#primaryimage","url":"https:\/\/remembermefrance.org\/wp-content\/uploads\/12087694_1208529839174233_96074899932476693_o-500x300.jpg","contentUrl":"https:\/\/remembermefrance.org\/wp-content\/uploads\/12087694_1208529839174233_96074899932476693_o-500x300.jpg"},{"@type":"BreadcrumbList","@id":"http:\/\/remembermefrance.org\/en\/la-communaute\/apistopvet\/#breadcrumb","itemListElement":[{"@type":"ListItem","position":1,"name":"Accueil","item":"https:\/\/remembermefrance.org\/"},{"@type":"ListItem","position":2,"name":"La communaut\u00e9","item":"https:\/\/remembermefrance.org\/la-communaute\/"},{"@type":"ListItem","position":3,"name":"Clinique v\u00e9t\u00e9rinaire partenaire"}]},{"@type":"WebSite","@id":"https:\/\/remembermefrance.org\/#website","url":"https:\/\/remembermefrance.org\/","name":"Remember me","description":"Adopt a Romanian dog","publisher":{"@id":"https:\/\/remembermefrance.org\/#organization"},"potentialAction":[{"@type":"SearchAction","target":{"@type":"EntryPoint","urlTemplate":"https:\/\/remembermefrance.org\/?s={search_term_string}"},"query-input":{"@type":"PropertyValueSpecification","valueRequired":true,"valueName":"search_term_string"}}],"inLanguage":"en-GB"},{"@type":"Organization","@id":"https:\/\/remembermefrance.org\/#organization","name":"Remember me","url":"https:\/\/remembermefrance.org\/","logo":{"@type":"ImageObject","inLanguage":"en-GB","@id":"https:\/\/remembermefrance.org\/#\/schema\/logo\/image\/","url":"https:\/\/remembermefrance.org\/wp-content\/uploads\/logo-remember.png","contentUrl":"https:\/\/remembermefrance.org\/wp-content\/uploads\/logo-remember.png","width":325,"height":60,"caption":"Remember me"},"image":{"@id":"https:\/\/remembermefrance.org\/#\/schema\/logo\/image\/"},"sameAs":["https:\/\/www.facebook.com\/remembermefrance","https:\/\/www.instagram.com\/remembermefrance\/"]}]}},"_links":{"self":[{"href":"https:\/\/remembermefrance.org\/en\/wp-json\/wp\/v2\/pages\/1376","targetHints":{"allow":["GET"]}}],"collection":[{"href":"https:\/\/remembermefrance.org\/en\/wp-json\/wp\/v2\/pages"}],"about":[{"href":"https:\/\/remembermefrance.org\/en\/wp-json\/wp\/v2\/types\/page"}],"author":[{"embeddable":true,"href":"https:\/\/remembermefrance.org\/en\/wp-json\/wp\/v2\/users\/1"}],"replies":[{"embeddable":true,"href":"https:\/\/remembermefrance.org\/en\/wp-json\/wp\/v2\/comments?post=1376"}],"version-history":[{"count":0,"href":"https:\/\/remembermefrance.org\/en\/wp-json\/wp\/v2\/pages\/1376\/revisions"}],"up":[{"embeddable":true,"href":"https:\/\/remembermefrance.org\/en\/wp-json\/wp\/v2\/pages\/553"}],"wp:attachment":[{"href":"https:\/\/remembermefrance.org\/en\/wp-json\/wp\/v2\/media?parent=1376"}],"curies":[{"name":"wp","href":"https:\/\/api.w.org\/{rel}","templated":true}]}}