{"id":13939,"date":"2021-04-17T19:19:16","date_gmt":"2021-04-17T17:19:16","guid":{"rendered":"https:\/\/remembermefrance.org\/?page_id=13939"},"modified":"2021-04-29T21:51:23","modified_gmt":"2021-04-29T19:51:23","slug":"ils-sont-reserves","status":"publish","type":"page","link":"https:\/\/remembermefrance.org\/en\/adopter\/ils-sont-reserves\/","title":{"rendered":"They have been reserved"},"content":{"rendered":"<div class=\"post-type-archive-pets\">\n\t\n<div class=\"pets-grid\">\n<article id=\"pet-101474\" class=\"post-101474 pets type-pets status-publish has-post-thumbnail hentry breed-adulte-petit\">\n\t<header class=\"pet-header\">\n        <a href=\"https:\/\/remembermefrance.org\/en\/pets\/susu\/\">\n            <div class=\"pet-image\">\n                <img decoding=\"async\" width=\"360\" height=\"360\" src=\"https:\/\/remembermefrance.org\/wp-content\/uploads\/IMG_7602-e1774702756156-360x360.jpeg\" class=\"attachment-pets-thumbnail size-pets-thumbnail wp-post-image\" alt=\"\" srcset=\"https:\/\/remembermefrance.org\/wp-content\/uploads\/IMG_7602-e1774702756156-360x360.jpeg 360w, https:\/\/remembermefrance.org\/wp-content\/uploads\/IMG_7602-e1774702756156-300x300.jpeg 300w, https:\/\/remembermefrance.org\/wp-content\/uploads\/IMG_7602-e1774702756156-500x500.jpeg 500w, https:\/\/remembermefrance.org\/wp-content\/uploads\/IMG_7602-e1774702756156-150x150.jpeg 150w, https:\/\/remembermefrance.org\/wp-content\/uploads\/IMG_7602-e1774702756156-12x12.jpeg 12w, https:\/\/remembermefrance.org\/wp-content\/uploads\/IMG_7602-e1774702756156.jpeg 640w\" sizes=\"(max-width: 360px) 100vw, 360px\" \/>            <\/div>\n        <\/a>\n\t\t<a href=\"https:\/\/remembermefrance.org\/en\/pets\/susu\/\"><h3 class=\"pet-title\">Susu<\/h3><\/a>        \t<\/header>\n\t<section class=\"pet-content\">\n       <p>M\u00e2le, n\u00e9 environ en mars 2011<br \/>\nR\u00e9serv\u00e9 adoption par Armelle (57) en mars 2026<\/p>\n\t<\/section>\n<\/article>\n<article id=\"pet-101469\" class=\"post-101469 pets type-pets status-publish has-post-thumbnail hentry breed-chiot-petit-a-lage-adulte\">\n\t<header class=\"pet-header\">\n        <a href=\"https:\/\/remembermefrance.org\/en\/pets\/victoria\/\">\n            <div class=\"pet-image\">\n                <img decoding=\"async\" width=\"360\" height=\"360\" src=\"https:\/\/remembermefrance.org\/wp-content\/uploads\/IMG_7555-e1774701493473.jpeg\" class=\"attachment-pets-thumbnail size-pets-thumbnail wp-post-image\" alt=\"\" srcset=\"https:\/\/remembermefrance.org\/wp-content\/uploads\/IMG_7555-e1774701493473.jpeg 360w, https:\/\/remembermefrance.org\/wp-content\/uploads\/IMG_7555-e1774701493473-300x300.jpeg 300w, https:\/\/remembermefrance.org\/wp-content\/uploads\/IMG_7555-e1774701493473-150x150.jpeg 150w, https:\/\/remembermefrance.org\/wp-content\/uploads\/IMG_7555-e1774701493473-12x12.jpeg 12w\" sizes=\"(max-width: 360px) 100vw, 360px\" \/>            <\/div>\n        <\/a>\n\t\t<a href=\"https:\/\/remembermefrance.org\/en\/pets\/victoria\/\"><h3 class=\"pet-title\">Victoria<\/h3><\/a>        \t<\/header>\n\t<section class=\"pet-content\">\n       <p>Femelle, n\u00e9e environ en septembre 2025<br \/>\nR\u00e9serv\u00e9e adoption par Sylvie (68) en avril 2026<\/p>\n\t<\/section>\n<\/article>\n<article id=\"pet-101183\" class=\"post-101183 pets type-pets status-publish has-post-thumbnail hentry breed-chiot-moyen-a-lage-adulte\">\n\t<header class=\"pet-header\">\n        <a href=\"https:\/\/remembermefrance.org\/en\/pets\/nathan\/\">\n            <div class=\"pet-image\">\n                <img decoding=\"async\" width=\"360\" height=\"360\" src=\"https:\/\/remembermefrance.org\/wp-content\/uploads\/IMG_7415-e1774696810544-360x360.jpeg\" class=\"attachment-pets-thumbnail size-pets-thumbnail wp-post-image\" alt=\"\" srcset=\"https:\/\/remembermefrance.org\/wp-content\/uploads\/IMG_7415-e1774696810544-360x360.jpeg 360w, https:\/\/remembermefrance.org\/wp-content\/uploads\/IMG_7415-e1774696810544-300x300.jpeg 300w, https:\/\/remembermefrance.org\/wp-content\/uploads\/IMG_7415-e1774696810544-500x500.jpeg 500w, https:\/\/remembermefrance.org\/wp-content\/uploads\/IMG_7415-e1774696810544-150x150.jpeg 150w, https:\/\/remembermefrance.org\/wp-content\/uploads\/IMG_7415-e1774696810544-12x12.jpeg 12w, https:\/\/remembermefrance.org\/wp-content\/uploads\/IMG_7415-e1774696810544.jpeg 640w\" sizes=\"(max-width: 360px) 100vw, 360px\" \/>            <\/div>\n        <\/a>\n\t\t<a href=\"https:\/\/remembermefrance.org\/en\/pets\/nathan\/\"><h3 class=\"pet-title\">Nathan<\/h3><\/a>        \t<\/header>\n\t<section class=\"pet-content\">\n       <p>M\u00e2le, n\u00e9 environ en d\u00e9cembre 2025<br \/>\nR\u00e9serv\u00e9 adoption par Emilie (14) en avril 2026<\/p>\n\t<\/section>\n<\/article>\n<article id=\"pet-101162\" class=\"post-101162 pets type-pets status-publish has-post-thumbnail hentry breed-chiot-petit-a-lage-adulte\">\n\t<header class=\"pet-header\">\n        <a href=\"https:\/\/remembermefrance.org\/en\/pets\/amelia\/\">\n            <div class=\"pet-image\">\n                <img decoding=\"async\" width=\"360\" height=\"360\" src=\"https:\/\/remembermefrance.org\/wp-content\/uploads\/IMG_7449-e1774697904907.jpeg\" class=\"attachment-pets-thumbnail size-pets-thumbnail wp-post-image\" alt=\"\" srcset=\"https:\/\/remembermefrance.org\/wp-content\/uploads\/IMG_7449-e1774697904907.jpeg 360w, https:\/\/remembermefrance.org\/wp-content\/uploads\/IMG_7449-e1774697904907-300x300.jpeg 300w, https:\/\/remembermefrance.org\/wp-content\/uploads\/IMG_7449-e1774697904907-150x150.jpeg 150w, https:\/\/remembermefrance.org\/wp-content\/uploads\/IMG_7449-e1774697904907-12x12.jpeg 12w\" sizes=\"(max-width: 360px) 100vw, 360px\" \/>            <\/div>\n        <\/a>\n\t\t<a href=\"https:\/\/remembermefrance.org\/en\/pets\/amelia\/\"><h3 class=\"pet-title\">Amelia<\/h3><\/a>        \t<\/header>\n\t<section class=\"pet-content\">\n       <p>Femelle, n\u00e9e environ en d\u00e9cembre 2025<br \/>\nR\u00e9serv\u00e9e adoption par Amanda (25) en mars 2026<\/p>\n\t<\/section>\n<\/article>\n<article id=\"pet-101148\" class=\"post-101148 pets type-pets status-publish has-post-thumbnail hentry breed-chiot-moyen-a-lage-adulte breed-chiot-petit-a-lage-adulte\">\n\t<header class=\"pet-header\">\n        <a href=\"https:\/\/remembermefrance.org\/en\/pets\/wiston\/\">\n            <div class=\"pet-image\">\n                <img decoding=\"async\" width=\"360\" height=\"360\" src=\"https:\/\/remembermefrance.org\/wp-content\/uploads\/IMG_7596-e1774702412628.jpeg\" class=\"attachment-pets-thumbnail size-pets-thumbnail wp-post-image\" alt=\"\" srcset=\"https:\/\/remembermefrance.org\/wp-content\/uploads\/IMG_7596-e1774702412628.jpeg 360w, https:\/\/remembermefrance.org\/wp-content\/uploads\/IMG_7596-e1774702412628-300x300.jpeg 300w, https:\/\/remembermefrance.org\/wp-content\/uploads\/IMG_7596-e1774702412628-150x150.jpeg 150w, https:\/\/remembermefrance.org\/wp-content\/uploads\/IMG_7596-e1774702412628-12x12.jpeg 12w\" sizes=\"(max-width: 360px) 100vw, 360px\" \/>            <\/div>\n        <\/a>\n\t\t<a href=\"https:\/\/remembermefrance.org\/en\/pets\/wiston\/\"><h3 class=\"pet-title\">Wiston<\/h3><\/a>        \t<\/header>\n\t<section class=\"pet-content\">\n       <p>M\u00e2le, n\u00e9 environ en d\u00e9cembre 2025<br \/>\nR\u00e9serv\u00e9 adoption par S\u00e9verine (21) en mars 2026<\/p>\n\t<\/section>\n<\/article>\n<article id=\"pet-101107\" class=\"post-101107 pets type-pets status-publish has-post-thumbnail hentry breed-adulte-petit\">\n\t<header class=\"pet-header\">\n        <a href=\"https:\/\/remembermefrance.org\/en\/pets\/tori\/\">\n            <div class=\"pet-image\">\n                <img decoding=\"async\" width=\"360\" height=\"360\" src=\"https:\/\/remembermefrance.org\/wp-content\/uploads\/IMG_7510-e1774699865171-360x360.jpeg\" class=\"attachment-pets-thumbnail size-pets-thumbnail wp-post-image\" alt=\"\" srcset=\"https:\/\/remembermefrance.org\/wp-content\/uploads\/IMG_7510-e1774699865171-360x360.jpeg 360w, https:\/\/remembermefrance.org\/wp-content\/uploads\/IMG_7510-e1774699865171-300x300.jpeg 300w, https:\/\/remembermefrance.org\/wp-content\/uploads\/IMG_7510-e1774699865171-500x500.jpeg 500w, https:\/\/remembermefrance.org\/wp-content\/uploads\/IMG_7510-e1774699865171-150x150.jpeg 150w, https:\/\/remembermefrance.org\/wp-content\/uploads\/IMG_7510-e1774699865171-12x12.jpeg 12w, https:\/\/remembermefrance.org\/wp-content\/uploads\/IMG_7510-e1774699865171.jpeg 640w\" sizes=\"(max-width: 360px) 100vw, 360px\" \/>            <\/div>\n        <\/a>\n\t\t<a href=\"https:\/\/remembermefrance.org\/en\/pets\/tori\/\"><h3 class=\"pet-title\">Tori<\/h3><\/a>        \t<\/header>\n\t<section class=\"pet-content\">\n       <p>Female, born in March 2020<br \/>\nR\u00e9serv\u00e9e adoption par Paul et Marion (33) en mars 2026<\/p>\n\t<\/section>\n<\/article>\n<article id=\"pet-99528\" class=\"post-99528 pets type-pets status-publish has-post-thumbnail hentry breed-chiot-petit-a-lage-adulte\">\n\t<header class=\"pet-header\">\n        <a href=\"https:\/\/remembermefrance.org\/en\/pets\/pichka\/\">\n            <div class=\"pet-image\">\n                <img decoding=\"async\" width=\"360\" height=\"360\" src=\"https:\/\/remembermefrance.org\/wp-content\/uploads\/IMG_6628-e1772481730923.jpeg\" class=\"attachment-pets-thumbnail size-pets-thumbnail wp-post-image\" alt=\"\" srcset=\"https:\/\/remembermefrance.org\/wp-content\/uploads\/IMG_6628-e1772481730923.jpeg 360w, https:\/\/remembermefrance.org\/wp-content\/uploads\/IMG_6628-e1772481730923-300x300.jpeg 300w, https:\/\/remembermefrance.org\/wp-content\/uploads\/IMG_6628-e1772481730923-150x150.jpeg 150w, https:\/\/remembermefrance.org\/wp-content\/uploads\/IMG_6628-e1772481730923-12x12.jpeg 12w\" sizes=\"(max-width: 360px) 100vw, 360px\" \/>            <\/div>\n        <\/a>\n\t\t<a href=\"https:\/\/remembermefrance.org\/en\/pets\/pichka\/\"><h3 class=\"pet-title\">Pichka<\/h3><\/a>        \t<\/header>\n\t<section class=\"pet-content\">\n       <p>Femelle, n\u00e9e environ en d\u00e9cembre 2025<br \/>\nR\u00e9serv\u00e9e adoption par Sandra et Victor (13) en mars 2026<\/p>\n\t<\/section>\n<\/article>\n<article id=\"pet-99418\" class=\"post-99418 pets type-pets status-publish has-post-thumbnail hentry breed-chiot-moyen-a-lage-adulte\">\n\t<header class=\"pet-header\">\n        <a href=\"https:\/\/remembermefrance.org\/en\/pets\/sako\/\">\n            <div class=\"pet-image\">\n                <img decoding=\"async\" width=\"360\" height=\"360\" src=\"https:\/\/remembermefrance.org\/wp-content\/uploads\/IMG_6550-e1772477126276.jpeg\" class=\"attachment-pets-thumbnail size-pets-thumbnail wp-post-image\" alt=\"\" srcset=\"https:\/\/remembermefrance.org\/wp-content\/uploads\/IMG_6550-e1772477126276.jpeg 360w, https:\/\/remembermefrance.org\/wp-content\/uploads\/IMG_6550-e1772477126276-300x300.jpeg 300w, https:\/\/remembermefrance.org\/wp-content\/uploads\/IMG_6550-e1772477126276-150x150.jpeg 150w, https:\/\/remembermefrance.org\/wp-content\/uploads\/IMG_6550-e1772477126276-12x12.jpeg 12w\" sizes=\"(max-width: 360px) 100vw, 360px\" \/>            <\/div>\n        <\/a>\n\t\t<a href=\"https:\/\/remembermefrance.org\/en\/pets\/sako\/\"><h3 class=\"pet-title\">Sako<\/h3><\/a>        \t<\/header>\n\t<section class=\"pet-content\">\n       <p>M\u00e2le, n\u00e9 environ en novembre 2025<br \/>\nR\u00e9serv\u00e9 adoption par Florence (95) en mars 2026<\/p>\n\t<\/section>\n<\/article>\n<article id=\"pet-99319\" class=\"post-99319 pets type-pets status-publish has-post-thumbnail hentry breed-chiot-moyen-a-lage-adulte breed-chiot-petit-a-lage-adulte\">\n\t<header class=\"pet-header\">\n        <a href=\"https:\/\/remembermefrance.org\/en\/pets\/shawn\/\">\n            <div class=\"pet-image\">\n                <img decoding=\"async\" width=\"360\" height=\"480\" src=\"https:\/\/remembermefrance.org\/wp-content\/uploads\/IMG_7537.jpeg\" class=\"attachment-pets-thumbnail size-pets-thumbnail wp-post-image\" alt=\"\" srcset=\"https:\/\/remembermefrance.org\/wp-content\/uploads\/IMG_7537.jpeg 360w, https:\/\/remembermefrance.org\/wp-content\/uploads\/IMG_7537-225x300.jpeg 225w, https:\/\/remembermefrance.org\/wp-content\/uploads\/IMG_7537-9x12.jpeg 9w\" sizes=\"(max-width: 360px) 100vw, 360px\" \/>            <\/div>\n        <\/a>\n\t\t<a href=\"https:\/\/remembermefrance.org\/en\/pets\/shawn\/\"><h3 class=\"pet-title\">Shawn<\/h3><\/a>        \t<\/header>\n\t<section class=\"pet-content\">\n       <p>M\u00e2le, n\u00e9 environ en d\u00e9cembre 2025<br \/>\nR\u00e9serv\u00e9 adoption par Jade (56) en mars 2026<\/p>\n\t<\/section>\n<\/article>\n<article id=\"pet-63345\" class=\"post-63345 pets type-pets status-publish has-post-thumbnail hentry breed-adulte-grand breed-adulte-moyen\">\n\t<header class=\"pet-header\">\n        <a href=\"https:\/\/remembermefrance.org\/en\/pets\/tiboo\/\">\n            <div class=\"pet-image\">\n                <img decoding=\"async\" width=\"360\" height=\"360\" src=\"https:\/\/remembermefrance.org\/wp-content\/uploads\/IMG_3863-e1764585920717.jpeg\" class=\"attachment-pets-thumbnail size-pets-thumbnail wp-post-image\" alt=\"\" srcset=\"https:\/\/remembermefrance.org\/wp-content\/uploads\/IMG_3863-e1764585920717.jpeg 360w, https:\/\/remembermefrance.org\/wp-content\/uploads\/IMG_3863-e1764585920717-300x300.jpeg 300w, https:\/\/remembermefrance.org\/wp-content\/uploads\/IMG_3863-e1764585920717-150x150.jpeg 150w, https:\/\/remembermefrance.org\/wp-content\/uploads\/IMG_3863-e1764585920717-12x12.jpeg 12w\" sizes=\"(max-width: 360px) 100vw, 360px\" \/>            <\/div>\n        <\/a>\n\t\t<a href=\"https:\/\/remembermefrance.org\/en\/pets\/tiboo\/\"><h3 class=\"pet-title\">Tiboo<\/h3><\/a>        \t<\/header>\n\t<section class=\"pet-content\">\n       <p>M\u00e2le, n\u00e9 environ en mi-f\u00e9vrier 2023<br \/>\nR\u00e9serv\u00e9 adoption par Francine (Belgique) en mars 2026<\/p>\n\t<\/section>\n<\/article>\n<\/div>\n<\/div>\n\n\n\n\n<h1 class=\"wp-block-heading\"><\/h1>","protected":false},"excerpt":{"rendered":"","protected":false},"author":5,"featured_media":0,"parent":560,"menu_order":0,"comment_status":"closed","ping_status":"closed","template":"","meta":{"cybocfi_hide_featured_image":"","footnotes":""},"class_list":["post-13939","page","type-page","status-publish","hentry"],"yoast_head":"<!-- This site is optimized with the Yoast SEO plugin v26.6 - https:\/\/yoast.com\/wordpress\/plugins\/seo\/ -->\n<title>Ils sont r\u00e9serv\u00e9s - Association RMF<\/title>\n<meta name=\"robots\" content=\"index, follow, max-snippet:-1, max-image-preview:large, max-video-preview:-1\" \/>\n<link rel=\"canonical\" href=\"https:\/\/remembermefrance.org\/en\/adopter\/ils-sont-reserves\/\" \/>\n<meta property=\"og:locale\" content=\"en_GB\" \/>\n<meta property=\"og:type\" content=\"article\" \/>\n<meta property=\"og:title\" content=\"Ils sont r\u00e9serv\u00e9s - Association RMF\" \/>\n<meta property=\"og:url\" content=\"https:\/\/remembermefrance.org\/en\/adopter\/ils-sont-reserves\/\" \/>\n<meta property=\"og:site_name\" content=\"Association RMF\" \/>\n<meta property=\"article:publisher\" content=\"https:\/\/www.facebook.com\/remembermefrance\" \/>\n<meta property=\"article:modified_time\" content=\"2021-04-29T19:51:23+00:00\" \/>\n<meta property=\"og:image\" content=\"https:\/\/remembermefrance.org\/wp-content\/uploads\/adopter-chiots-1.jpg\" \/>\n\t<meta property=\"og:image:width\" content=\"1920\" \/>\n\t<meta property=\"og:image:height\" content=\"720\" \/>\n\t<meta property=\"og:image:type\" content=\"image\/jpeg\" \/>\n<meta name=\"twitter:card\" content=\"summary_large_image\" \/>\n<script type=\"application\/ld+json\" class=\"yoast-schema-graph\">{\"@context\":\"https:\/\/schema.org\",\"@graph\":[{\"@type\":\"WebPage\",\"@id\":\"https:\/\/remembermefrance.org\/adopter\/ils-sont-reserves\/\",\"url\":\"https:\/\/remembermefrance.org\/adopter\/ils-sont-reserves\/\",\"name\":\"Ils sont r\u00e9serv\u00e9s - Association RMF\",\"isPartOf\":{\"@id\":\"https:\/\/remembermefrance.org\/#website\"},\"datePublished\":\"2021-04-17T17:19:16+00:00\",\"dateModified\":\"2021-04-29T19:51:23+00:00\",\"breadcrumb\":{\"@id\":\"https:\/\/remembermefrance.org\/adopter\/ils-sont-reserves\/#breadcrumb\"},\"inLanguage\":\"en-GB\",\"potentialAction\":[{\"@type\":\"ReadAction\",\"target\":[\"https:\/\/remembermefrance.org\/adopter\/ils-sont-reserves\/\"]}]},{\"@type\":\"BreadcrumbList\",\"@id\":\"https:\/\/remembermefrance.org\/adopter\/ils-sont-reserves\/#breadcrumb\",\"itemListElement\":[{\"@type\":\"ListItem\",\"position\":1,\"name\":\"Accueil\",\"item\":\"https:\/\/remembermefrance.org\/\"},{\"@type\":\"ListItem\",\"position\":2,\"name\":\"Adopter\",\"item\":\"https:\/\/remembermefrance.org\/adopter\/\"},{\"@type\":\"ListItem\",\"position\":3,\"name\":\"Ils sont r\u00e9serv\u00e9s\"}]},{\"@type\":\"WebSite\",\"@id\":\"https:\/\/remembermefrance.org\/#website\",\"url\":\"https:\/\/remembermefrance.org\/\",\"name\":\"Remember me\",\"description\":\"Adopter un chien roumain\",\"publisher\":{\"@id\":\"https:\/\/remembermefrance.org\/#organization\"},\"potentialAction\":[{\"@type\":\"SearchAction\",\"target\":{\"@type\":\"EntryPoint\",\"urlTemplate\":\"https:\/\/remembermefrance.org\/?s={search_term_string}\"},\"query-input\":{\"@type\":\"PropertyValueSpecification\",\"valueRequired\":true,\"valueName\":\"search_term_string\"}}],\"inLanguage\":\"en-GB\"},{\"@type\":\"Organization\",\"@id\":\"https:\/\/remembermefrance.org\/#organization\",\"name\":\"Remember me\",\"url\":\"https:\/\/remembermefrance.org\/\",\"logo\":{\"@type\":\"ImageObject\",\"inLanguage\":\"en-GB\",\"@id\":\"https:\/\/remembermefrance.org\/#\/schema\/logo\/image\/\",\"url\":\"https:\/\/remembermefrance.org\/wp-content\/uploads\/logo-remember.png\",\"contentUrl\":\"https:\/\/remembermefrance.org\/wp-content\/uploads\/logo-remember.png\",\"width\":325,\"height\":60,\"caption\":\"Remember me\"},\"image\":{\"@id\":\"https:\/\/remembermefrance.org\/#\/schema\/logo\/image\/\"},\"sameAs\":[\"https:\/\/www.facebook.com\/remembermefrance\",\"https:\/\/www.instagram.com\/remembermefrance\/\"]}]}<\/script>\n<!-- \/ Yoast SEO plugin. -->","yoast_head_json":{"title":"Ils sont r\u00e9serv\u00e9s - Association RMF","robots":{"index":"index","follow":"follow","max-snippet":"max-snippet:-1","max-image-preview":"max-image-preview:large","max-video-preview":"max-video-preview:-1"},"canonical":"https:\/\/remembermefrance.org\/en\/adopter\/ils-sont-reserves\/","og_locale":"en_GB","og_type":"article","og_title":"Ils sont r\u00e9serv\u00e9s - Association RMF","og_url":"https:\/\/remembermefrance.org\/en\/adopter\/ils-sont-reserves\/","og_site_name":"Association RMF","article_publisher":"https:\/\/www.facebook.com\/remembermefrance","article_modified_time":"2021-04-29T19:51:23+00:00","og_image":[{"width":1920,"height":720,"url":"https:\/\/remembermefrance.org\/wp-content\/uploads\/adopter-chiots-1.jpg","type":"image\/jpeg"}],"twitter_card":"summary_large_image","schema":{"@context":"https:\/\/schema.org","@graph":[{"@type":"WebPage","@id":"https:\/\/remembermefrance.org\/adopter\/ils-sont-reserves\/","url":"https:\/\/remembermefrance.org\/adopter\/ils-sont-reserves\/","name":"Ils sont r\u00e9serv\u00e9s - Association RMF","isPartOf":{"@id":"https:\/\/remembermefrance.org\/#website"},"datePublished":"2021-04-17T17:19:16+00:00","dateModified":"2021-04-29T19:51:23+00:00","breadcrumb":{"@id":"https:\/\/remembermefrance.org\/adopter\/ils-sont-reserves\/#breadcrumb"},"inLanguage":"en-GB","potentialAction":[{"@type":"ReadAction","target":["https:\/\/remembermefrance.org\/adopter\/ils-sont-reserves\/"]}]},{"@type":"BreadcrumbList","@id":"https:\/\/remembermefrance.org\/adopter\/ils-sont-reserves\/#breadcrumb","itemListElement":[{"@type":"ListItem","position":1,"name":"Accueil","item":"https:\/\/remembermefrance.org\/"},{"@type":"ListItem","position":2,"name":"Adopter","item":"https:\/\/remembermefrance.org\/adopter\/"},{"@type":"ListItem","position":3,"name":"Ils sont r\u00e9serv\u00e9s"}]},{"@type":"WebSite","@id":"https:\/\/remembermefrance.org\/#website","url":"https:\/\/remembermefrance.org\/","name":"Remember me","description":"Adopt a Romanian dog","publisher":{"@id":"https:\/\/remembermefrance.org\/#organization"},"potentialAction":[{"@type":"SearchAction","target":{"@type":"EntryPoint","urlTemplate":"https:\/\/remembermefrance.org\/?s={search_term_string}"},"query-input":{"@type":"PropertyValueSpecification","valueRequired":true,"valueName":"search_term_string"}}],"inLanguage":"en-GB"},{"@type":"Organization","@id":"https:\/\/remembermefrance.org\/#organization","name":"Remember me","url":"https:\/\/remembermefrance.org\/","logo":{"@type":"ImageObject","inLanguage":"en-GB","@id":"https:\/\/remembermefrance.org\/#\/schema\/logo\/image\/","url":"https:\/\/remembermefrance.org\/wp-content\/uploads\/logo-remember.png","contentUrl":"https:\/\/remembermefrance.org\/wp-content\/uploads\/logo-remember.png","width":325,"height":60,"caption":"Remember me"},"image":{"@id":"https:\/\/remembermefrance.org\/#\/schema\/logo\/image\/"},"sameAs":["https:\/\/www.facebook.com\/remembermefrance","https:\/\/www.instagram.com\/remembermefrance\/"]}]}},"_links":{"self":[{"href":"https:\/\/remembermefrance.org\/en\/wp-json\/wp\/v2\/pages\/13939","targetHints":{"allow":["GET"]}}],"collection":[{"href":"https:\/\/remembermefrance.org\/en\/wp-json\/wp\/v2\/pages"}],"about":[{"href":"https:\/\/remembermefrance.org\/en\/wp-json\/wp\/v2\/types\/page"}],"author":[{"embeddable":true,"href":"https:\/\/remembermefrance.org\/en\/wp-json\/wp\/v2\/users\/5"}],"replies":[{"embeddable":true,"href":"https:\/\/remembermefrance.org\/en\/wp-json\/wp\/v2\/comments?post=13939"}],"version-history":[{"count":0,"href":"https:\/\/remembermefrance.org\/en\/wp-json\/wp\/v2\/pages\/13939\/revisions"}],"up":[{"embeddable":true,"href":"https:\/\/remembermefrance.org\/en\/wp-json\/wp\/v2\/pages\/560"}],"wp:attachment":[{"href":"https:\/\/remembermefrance.org\/en\/wp-json\/wp\/v2\/media?parent=13939"}],"curies":[{"name":"wp","href":"https:\/\/api.w.org\/{rel}","templated":true}]}}