{"id":1743,"date":"2020-11-01T21:41:00","date_gmt":"2020-11-01T20:41:00","guid":{"rendered":"https:\/\/remembermefrance.org\/?page_id=1743"},"modified":"2025-08-30T15:47:11","modified_gmt":"2025-08-30T13:47:11","slug":"autres-refuges-soutenus","status":"publish","type":"page","link":"https:\/\/remembermefrance.org\/en\/adopter\/autres-refuges-soutenus\/","title":{"rendered":"Other supported shelters"},"content":{"rendered":"<div class=\"wp-block-columns is-layout-flex wp-container-core-columns-is-layout-9d6595d7 wp-block-columns-is-layout-flex\">\n<div class=\"wp-block-column is-vertically-aligned-center is-layout-flow wp-block-column-is-layout-flow\">\n<figure class=\"wp-block-image size-large\"><img decoding=\"async\" width=\"487\" height=\"500\" src=\"https:\/\/remembermefrance.org\/wp-content\/uploads\/ENcarmina.png\" alt=\"\" class=\"wp-image-1744\" srcset=\"https:\/\/remembermefrance.org\/wp-content\/uploads\/ENcarmina.png 510w, https:\/\/remembermefrance.org\/wp-content\/uploads\/ENcarmina-292x300.png 292w, https:\/\/remembermefrance.org\/wp-content\/uploads\/ENcarmina-487x500.png 487w, https:\/\/remembermefrance.org\/wp-content\/uploads\/ENcarmina-12x12.png 12w, https:\/\/remembermefrance.org\/wp-content\/uploads\/ENcarmina-360x370.png 360w\" sizes=\"(max-width: 487px) 100vw, 487px\" \/><\/figure>\n<\/div>\n\n\n\n<div class=\"wp-block-column is-vertically-aligned-center is-layout-flow wp-block-column-is-layout-flow\">\n<p><\/p>\n\n\n\n<p><strong>Carmina is a wonderful person, whom we have been helping since the creation of the association.<\/strong> She manages a<strong> small shelter with around 40 dogs and a dozen of cats <\/strong>about 1 hour from the center of <strong>Bucharest<\/strong>, sur un terrain familial.<\/p>\n\n\n\n<p>Tous les animaux de Carmina sont extr\u00eamement bien suivis et soign\u00e9s. Elle emploie une femme qui entretient les boxes, nourrit et abreuve leurs prot\u00e9g\u00e9s.<\/p>\n\n\n\n<p>Carmina finances the shelter's needs entirely from her own resources. She also receives some support from a German association that offers help in finding adoption families for the dogs in her care.<\/p>\n<\/div>\n<\/div>\n\n\n\n<hr class=\"wp-block-separator has-css-opacity\"\/>\n\n\n\n<div class=\"wp-block-columns is-layout-flex wp-container-core-columns-is-layout-9d6595d7 wp-block-columns-is-layout-flex\">\n<div class=\"wp-block-column is-vertically-aligned-center is-layout-flow wp-block-column-is-layout-flow\">\n<figure class=\"wp-block-image size-large\"><img decoding=\"async\" width=\"500\" height=\"323\" src=\"https:\/\/remembermefrance.org\/wp-content\/uploads\/ENpounds.png\" alt=\"\" class=\"wp-image-3209\" srcset=\"https:\/\/remembermefrance.org\/wp-content\/uploads\/ENpounds.png 700w, https:\/\/remembermefrance.org\/wp-content\/uploads\/ENpounds-300x194.png 300w, https:\/\/remembermefrance.org\/wp-content\/uploads\/ENpounds-500x323.png 500w, https:\/\/remembermefrance.org\/wp-content\/uploads\/ENpounds-16x10.png 16w, https:\/\/remembermefrance.org\/wp-content\/uploads\/ENpounds-360x232.png 360w\" sizes=\"(max-width: 500px) 100vw, 500px\" \/><\/figure>\n<\/div>\n\n\n\n<div class=\"wp-block-column is-vertically-aligned-center is-layout-flow wp-block-column-is-layout-flow\">\n<p><strong>Nous essayons de sauver un maximum de chiens issus de fourri\u00e8res publiques roumaines, comme celles de Roman, Golesti, Piatra Neamt, Bucarest, etc.<\/strong> These are killing pounds where dogs are killed after 14 days if they are not claimed by anyone. At the pounds in Roman and Golesti, dogs live in atrocious conditions and we have already saved close to 100 dogs from there, which are now at our shelter <a href=\"https:\/\/remembermefrance.org\/index.php\/adopter\/notre-refuge\/\" data-type=\"page\" data-id=\"88\">Remember Me Land<\/a>, ou qui ont d\u00e9j\u00e0 \u00e9t\u00e9 adopt\u00e9s en France, en Suisse ou en Belgique.<\/p>\n<\/div>\n<\/div>\n\n\n\n<div class=\"wp-block-columns is-layout-flex wp-container-core-columns-is-layout-9d6595d7 wp-block-columns-is-layout-flex\">\n<div class=\"wp-block-column is-layout-flow wp-block-column-is-layout-flow\">\n<p><em>A few of our dogs when they were at the Roman killing pound<\/em><\/p>\n\n\n<div id=\"metaslider-id-3223\" style=\"width: 100%;\" class=\"ml-slider-3-103-0 metaslider metaslider-flex metaslider-3223 ml-slider has-dots-nav ms-theme-default\" role=\"region\" aria-label=\"Roman\" data-height=\"500\" data-width=\"700\">\n    <div id=\"metaslider_container_3223\">\n        <div id=\"metaslider_3223\">\n            <ul class='slides'>\n                <li style=\"display: block; width: 100%;\" class=\"slide-3231 ms-image\" aria-roledescription=\"slide\" data-date=\"2020-11-22 19:41:33\" data-slide-type=\"image\"><img decoding=\"async\" src=\"https:\/\/remembermefrance.org\/wp-content\/uploads\/chifouroman-640x457.jpg\" height=\"500\" width=\"700\" alt=\"\" class=\"slider-3223 slide-3231 msDefaultImage\" title=\"chifouroman\" \/><div class=\"caption-wrap\"><div class=\"caption\">Chifoumi<\/div><\/div><\/li>\n                <li style=\"display: none; width: 100%;\" class=\"slide-3230 ms-image\" aria-roledescription=\"slide\" data-date=\"2020-11-22 19:41:33\" data-slide-type=\"image\"><img decoding=\"async\" src=\"https:\/\/remembermefrance.org\/wp-content\/uploads\/bachroman-640x457.jpg\" height=\"500\" width=\"700\" alt=\"\" class=\"slider-3223 slide-3230 msDefaultImage\" title=\"bachroman\" \/><div class=\"caption-wrap\"><div class=\"caption\">Bach<\/div><\/div><\/li>\n                <li style=\"display: none; width: 100%;\" class=\"slide-3233 ms-image\" aria-roledescription=\"slide\" data-date=\"2020-11-22 19:41:33\" data-slide-type=\"image\"><img decoding=\"async\" src=\"https:\/\/remembermefrance.org\/wp-content\/uploads\/kickerroman3-640x457.jpg\" height=\"500\" width=\"700\" alt=\"\" class=\"slider-3223 slide-3233 msDefaultImage\" title=\"kickerroman3\" \/><div class=\"caption-wrap\"><div class=\"caption\">Kickers<\/div><\/div><\/li>\n                <li style=\"display: none; width: 100%;\" class=\"slide-3234 ms-image\" aria-roledescription=\"slide\" data-date=\"2020-11-22 19:41:33\" data-slide-type=\"image\"><img decoding=\"async\" src=\"https:\/\/remembermefrance.org\/wp-content\/uploads\/loupioroman-640x457.jpg\" height=\"500\" width=\"700\" alt=\"\" class=\"slider-3223 slide-3234 msDefaultImage\" title=\"loupioroman\" \/><div class=\"caption-wrap\"><div class=\"caption\">Loupy (ex Loupiote)<\/div><\/div><\/li>\n                <li style=\"display: none; width: 100%;\" class=\"slide-3235 ms-image\" aria-roledescription=\"slide\" data-date=\"2020-11-22 19:41:33\" data-slide-type=\"image\"><img decoding=\"async\" src=\"https:\/\/remembermefrance.org\/wp-content\/uploads\/moiraroman-640x457.jpg\" height=\"500\" width=\"700\" alt=\"\" class=\"slider-3223 slide-3235 msDefaultImage\" title=\"moiraroman\" \/><div class=\"caption-wrap\"><div class=\"caption\">Mo\u00efra<\/div><\/div><\/li>\n            <\/ul>\n        <\/div>\n        \n    <\/div>\n<\/div>\n<\/div>\n\n\n\n<div class=\"wp-block-column is-layout-flow wp-block-column-is-layout-flow\">\n<p><em>A few of our dogs when they were at the Golesti killing pound<\/em><\/p>\n\n\n<div id=\"metaslider-id-3211\" style=\"width: 100%;\" class=\"ml-slider-3-103-0 metaslider metaslider-flex metaslider-3211 ml-slider has-dots-nav ms-theme-default\" role=\"region\" aria-label=\"Golesti\" data-height=\"500\" data-width=\"700\">\n    <div id=\"metaslider_container_3211\">\n        <div id=\"metaslider_3211\">\n            <ul class='slides'>\n                <li style=\"display: block; width: 100%;\" class=\"slide-3218 ms-image\" aria-roledescription=\"slide\" data-date=\"2020-11-22 19:40:13\" data-slide-type=\"image\"><img decoding=\"async\" src=\"https:\/\/remembermefrance.org\/wp-content\/uploads\/fratrigolesti18-640x457.jpg\" height=\"500\" width=\"700\" alt=\"\" class=\"slider-3211 slide-3218 msDefaultImage\" title=\"fratrigolesti18\" \/><div class=\"caption-wrap\"><div class=\"caption\">Tesla, Tessy, Tutti &amp; Tomy<\/div><\/div><\/li>\n                <li style=\"display: none; width: 100%;\" class=\"slide-3240 ms-image\" aria-roledescription=\"slide\" data-date=\"2020-11-22 20:00:40\" data-slide-type=\"image\"><img decoding=\"async\" src=\"https:\/\/remembermefrance.org\/wp-content\/uploads\/fratrigolesti17-640x457.jpg\" height=\"500\" width=\"700\" alt=\"\" class=\"slider-3211 slide-3240 msDefaultImage\" title=\"fratrigolesti17\" \/><div class=\"caption-wrap\"><div class=\"caption\">Tesla, Tessy, Tutti &amp; Tomy<\/div><\/div><\/li>\n                <li style=\"display: none; width: 100%;\" class=\"slide-3219 ms-image\" aria-roledescription=\"slide\" data-date=\"2020-11-22 19:40:13\" data-slide-type=\"image\"><img decoding=\"async\" src=\"https:\/\/remembermefrance.org\/wp-content\/uploads\/napole21-640x457.jpg\" height=\"500\" width=\"700\" alt=\"\" class=\"slider-3211 slide-3219 msDefaultImage\" title=\"napole21\" \/><div class=\"caption-wrap\"><div class=\"caption\">Napoleon<\/div><\/div><\/li>\n                <li style=\"display: none; width: 100%;\" class=\"slide-3220 ms-image\" aria-roledescription=\"slide\" data-date=\"2020-11-22 19:40:13\" data-slide-type=\"image\"><img decoding=\"async\" src=\"https:\/\/remembermefrance.org\/wp-content\/uploads\/napolegolesti-e1606071774961-637x454.jpg\" height=\"500\" width=\"700\" alt=\"\" class=\"slider-3211 slide-3220 msDefaultImage\" title=\"napolegolesti\" \/><div class=\"caption-wrap\"><div class=\"caption\">Napoleon<\/div><\/div><\/li>\n                <li style=\"display: none; width: 100%;\" class=\"slide-3221 ms-image\" aria-roledescription=\"slide\" data-date=\"2020-11-22 19:40:13\" data-slide-type=\"image\"><img decoding=\"async\" src=\"https:\/\/remembermefrance.org\/wp-content\/uploads\/tomy310-640x457.jpg\" height=\"500\" width=\"700\" alt=\"\" class=\"slider-3211 slide-3221 msDefaultImage\" title=\"tomy310\" \/><div class=\"caption-wrap\"><div class=\"caption\">Tomy<\/div><\/div><\/li>\n            <\/ul>\n        <\/div>\n        \n    <\/div>\n<\/div>\n<\/div>\n<\/div>","protected":false},"excerpt":{"rendered":"<p>Carmina est une personne formidable, que nous aidons depuis la cr\u00e9ation de l&rsquo;association. Elle g\u00e8re un petit refuge qui abrite une quarantaine de chiens et&hellip;<\/p>","protected":false},"author":5,"featured_media":0,"parent":560,"menu_order":0,"comment_status":"closed","ping_status":"closed","template":"","meta":{"cybocfi_hide_featured_image":"","footnotes":""},"class_list":["post-1743","page","type-page","status-publish","hentry"],"yoast_head":"<!-- This site is optimized with the Yoast SEO plugin v26.6 - https:\/\/yoast.com\/wordpress\/plugins\/seo\/ -->\n<title>Autres refuges soutenus - Association RMF<\/title>\n<meta name=\"robots\" content=\"index, follow, max-snippet:-1, max-image-preview:large, max-video-preview:-1\" \/>\n<link rel=\"canonical\" href=\"https:\/\/remembermefrance.org\/en\/adopter\/autres-refuges-soutenus\/\" \/>\n<meta property=\"og:locale\" content=\"en_GB\" \/>\n<meta property=\"og:type\" content=\"article\" \/>\n<meta property=\"og:title\" content=\"Autres refuges soutenus - Association RMF\" \/>\n<meta property=\"og:description\" content=\"Carmina est une personne formidable, que nous aidons depuis la cr\u00e9ation de l&rsquo;association. Elle g\u00e8re un petit refuge qui abrite une quarantaine de chiens et&hellip;\" \/>\n<meta property=\"og:url\" content=\"https:\/\/remembermefrance.org\/en\/adopter\/autres-refuges-soutenus\/\" \/>\n<meta property=\"og:site_name\" content=\"Association RMF\" \/>\n<meta property=\"article:publisher\" content=\"https:\/\/www.facebook.com\/remembermefrance\" \/>\n<meta property=\"article:modified_time\" content=\"2025-08-30T13:47:11+00:00\" \/>\n<meta property=\"og:image\" content=\"https:\/\/remembermefrance.org\/wp-content\/uploads\/Carmina-487x500.png\" \/>\n<meta name=\"twitter:card\" content=\"summary_large_image\" \/>\n<meta name=\"twitter:label1\" content=\"Estimated reading time\" \/>\n\t<meta name=\"twitter:data1\" content=\"1 minute\" \/>\n<script type=\"application\/ld+json\" class=\"yoast-schema-graph\">{\"@context\":\"https:\/\/schema.org\",\"@graph\":[{\"@type\":\"WebPage\",\"@id\":\"https:\/\/remembermefrance.org\/adopter\/autres-refuges-soutenus\/\",\"url\":\"https:\/\/remembermefrance.org\/adopter\/autres-refuges-soutenus\/\",\"name\":\"Autres refuges soutenus - Association RMF\",\"isPartOf\":{\"@id\":\"https:\/\/remembermefrance.org\/#website\"},\"primaryImageOfPage\":{\"@id\":\"https:\/\/remembermefrance.org\/adopter\/autres-refuges-soutenus\/#primaryimage\"},\"image\":{\"@id\":\"https:\/\/remembermefrance.org\/adopter\/autres-refuges-soutenus\/#primaryimage\"},\"thumbnailUrl\":\"https:\/\/remembermefrance.org\/wp-content\/uploads\/Carmina-487x500.png\",\"datePublished\":\"2020-11-01T20:41:00+00:00\",\"dateModified\":\"2025-08-30T13:47:11+00:00\",\"breadcrumb\":{\"@id\":\"https:\/\/remembermefrance.org\/adopter\/autres-refuges-soutenus\/#breadcrumb\"},\"inLanguage\":\"en-GB\",\"potentialAction\":[{\"@type\":\"ReadAction\",\"target\":[\"https:\/\/remembermefrance.org\/adopter\/autres-refuges-soutenus\/\"]}]},{\"@type\":\"ImageObject\",\"inLanguage\":\"en-GB\",\"@id\":\"https:\/\/remembermefrance.org\/adopter\/autres-refuges-soutenus\/#primaryimage\",\"url\":\"https:\/\/remembermefrance.org\/wp-content\/uploads\/Carmina-487x500.png\",\"contentUrl\":\"https:\/\/remembermefrance.org\/wp-content\/uploads\/Carmina-487x500.png\"},{\"@type\":\"BreadcrumbList\",\"@id\":\"https:\/\/remembermefrance.org\/adopter\/autres-refuges-soutenus\/#breadcrumb\",\"itemListElement\":[{\"@type\":\"ListItem\",\"position\":1,\"name\":\"Accueil\",\"item\":\"https:\/\/remembermefrance.org\/\"},{\"@type\":\"ListItem\",\"position\":2,\"name\":\"Adopter\",\"item\":\"https:\/\/remembermefrance.org\/adopter\/\"},{\"@type\":\"ListItem\",\"position\":3,\"name\":\"Autres refuges soutenus\"}]},{\"@type\":\"WebSite\",\"@id\":\"https:\/\/remembermefrance.org\/#website\",\"url\":\"https:\/\/remembermefrance.org\/\",\"name\":\"Remember me\",\"description\":\"Adopter un chien roumain\",\"publisher\":{\"@id\":\"https:\/\/remembermefrance.org\/#organization\"},\"potentialAction\":[{\"@type\":\"SearchAction\",\"target\":{\"@type\":\"EntryPoint\",\"urlTemplate\":\"https:\/\/remembermefrance.org\/?s={search_term_string}\"},\"query-input\":{\"@type\":\"PropertyValueSpecification\",\"valueRequired\":true,\"valueName\":\"search_term_string\"}}],\"inLanguage\":\"en-GB\"},{\"@type\":\"Organization\",\"@id\":\"https:\/\/remembermefrance.org\/#organization\",\"name\":\"Remember me\",\"url\":\"https:\/\/remembermefrance.org\/\",\"logo\":{\"@type\":\"ImageObject\",\"inLanguage\":\"en-GB\",\"@id\":\"https:\/\/remembermefrance.org\/#\/schema\/logo\/image\/\",\"url\":\"https:\/\/remembermefrance.org\/wp-content\/uploads\/logo-remember.png\",\"contentUrl\":\"https:\/\/remembermefrance.org\/wp-content\/uploads\/logo-remember.png\",\"width\":325,\"height\":60,\"caption\":\"Remember me\"},\"image\":{\"@id\":\"https:\/\/remembermefrance.org\/#\/schema\/logo\/image\/\"},\"sameAs\":[\"https:\/\/www.facebook.com\/remembermefrance\",\"https:\/\/www.instagram.com\/remembermefrance\/\"]}]}<\/script>\n<!-- \/ Yoast SEO plugin. -->","yoast_head_json":{"title":"Autres refuges soutenus - Association RMF","robots":{"index":"index","follow":"follow","max-snippet":"max-snippet:-1","max-image-preview":"max-image-preview:large","max-video-preview":"max-video-preview:-1"},"canonical":"https:\/\/remembermefrance.org\/en\/adopter\/autres-refuges-soutenus\/","og_locale":"en_GB","og_type":"article","og_title":"Autres refuges soutenus - Association RMF","og_description":"Carmina est une personne formidable, que nous aidons depuis la cr\u00e9ation de l&rsquo;association. Elle g\u00e8re un petit refuge qui abrite une quarantaine de chiens et&hellip;","og_url":"https:\/\/remembermefrance.org\/en\/adopter\/autres-refuges-soutenus\/","og_site_name":"Association RMF","article_publisher":"https:\/\/www.facebook.com\/remembermefrance","article_modified_time":"2025-08-30T13:47:11+00:00","og_image":[{"url":"https:\/\/remembermefrance.org\/wp-content\/uploads\/Carmina-487x500.png","type":"","width":"","height":""}],"twitter_card":"summary_large_image","twitter_misc":{"Estimated reading time":"1 minute"},"schema":{"@context":"https:\/\/schema.org","@graph":[{"@type":"WebPage","@id":"https:\/\/remembermefrance.org\/adopter\/autres-refuges-soutenus\/","url":"https:\/\/remembermefrance.org\/adopter\/autres-refuges-soutenus\/","name":"Autres refuges soutenus - Association RMF","isPartOf":{"@id":"https:\/\/remembermefrance.org\/#website"},"primaryImageOfPage":{"@id":"https:\/\/remembermefrance.org\/adopter\/autres-refuges-soutenus\/#primaryimage"},"image":{"@id":"https:\/\/remembermefrance.org\/adopter\/autres-refuges-soutenus\/#primaryimage"},"thumbnailUrl":"https:\/\/remembermefrance.org\/wp-content\/uploads\/Carmina-487x500.png","datePublished":"2020-11-01T20:41:00+00:00","dateModified":"2025-08-30T13:47:11+00:00","breadcrumb":{"@id":"https:\/\/remembermefrance.org\/adopter\/autres-refuges-soutenus\/#breadcrumb"},"inLanguage":"en-GB","potentialAction":[{"@type":"ReadAction","target":["https:\/\/remembermefrance.org\/adopter\/autres-refuges-soutenus\/"]}]},{"@type":"ImageObject","inLanguage":"en-GB","@id":"https:\/\/remembermefrance.org\/adopter\/autres-refuges-soutenus\/#primaryimage","url":"https:\/\/remembermefrance.org\/wp-content\/uploads\/Carmina-487x500.png","contentUrl":"https:\/\/remembermefrance.org\/wp-content\/uploads\/Carmina-487x500.png"},{"@type":"BreadcrumbList","@id":"https:\/\/remembermefrance.org\/adopter\/autres-refuges-soutenus\/#breadcrumb","itemListElement":[{"@type":"ListItem","position":1,"name":"Accueil","item":"https:\/\/remembermefrance.org\/"},{"@type":"ListItem","position":2,"name":"Adopter","item":"https:\/\/remembermefrance.org\/adopter\/"},{"@type":"ListItem","position":3,"name":"Autres refuges soutenus"}]},{"@type":"WebSite","@id":"https:\/\/remembermefrance.org\/#website","url":"https:\/\/remembermefrance.org\/","name":"Remember me","description":"Adopt a Romanian dog","publisher":{"@id":"https:\/\/remembermefrance.org\/#organization"},"potentialAction":[{"@type":"SearchAction","target":{"@type":"EntryPoint","urlTemplate":"https:\/\/remembermefrance.org\/?s={search_term_string}"},"query-input":{"@type":"PropertyValueSpecification","valueRequired":true,"valueName":"search_term_string"}}],"inLanguage":"en-GB"},{"@type":"Organization","@id":"https:\/\/remembermefrance.org\/#organization","name":"Remember me","url":"https:\/\/remembermefrance.org\/","logo":{"@type":"ImageObject","inLanguage":"en-GB","@id":"https:\/\/remembermefrance.org\/#\/schema\/logo\/image\/","url":"https:\/\/remembermefrance.org\/wp-content\/uploads\/logo-remember.png","contentUrl":"https:\/\/remembermefrance.org\/wp-content\/uploads\/logo-remember.png","width":325,"height":60,"caption":"Remember me"},"image":{"@id":"https:\/\/remembermefrance.org\/#\/schema\/logo\/image\/"},"sameAs":["https:\/\/www.facebook.com\/remembermefrance","https:\/\/www.instagram.com\/remembermefrance\/"]}]}},"_links":{"self":[{"href":"https:\/\/remembermefrance.org\/en\/wp-json\/wp\/v2\/pages\/1743","targetHints":{"allow":["GET"]}}],"collection":[{"href":"https:\/\/remembermefrance.org\/en\/wp-json\/wp\/v2\/pages"}],"about":[{"href":"https:\/\/remembermefrance.org\/en\/wp-json\/wp\/v2\/types\/page"}],"author":[{"embeddable":true,"href":"https:\/\/remembermefrance.org\/en\/wp-json\/wp\/v2\/users\/5"}],"replies":[{"embeddable":true,"href":"https:\/\/remembermefrance.org\/en\/wp-json\/wp\/v2\/comments?post=1743"}],"version-history":[{"count":0,"href":"https:\/\/remembermefrance.org\/en\/wp-json\/wp\/v2\/pages\/1743\/revisions"}],"up":[{"embeddable":true,"href":"https:\/\/remembermefrance.org\/en\/wp-json\/wp\/v2\/pages\/560"}],"wp:attachment":[{"href":"https:\/\/remembermefrance.org\/en\/wp-json\/wp\/v2\/media?parent=1743"}],"curies":[{"name":"wp","href":"https:\/\/api.w.org\/{rel}","templated":true}]}}