{"id":210,"date":"2020-01-05T18:54:41","date_gmt":"2020-01-05T17:54:41","guid":{"rendered":"https:\/\/remembermefrance.org\/?page_id=210"},"modified":"2021-09-21T20:28:09","modified_gmt":"2021-09-21T18:28:09","slug":"revue-de-presse","status":"publish","type":"page","link":"https:\/\/remembermefrance.org\/en\/revue-de-presse\/","title":{"rendered":"Revue de Presse"},"content":{"rendered":"<h4 class=\"wp-block-heading\"><strong>Reportage sur l&rsquo;association, r\u00e9alis\u00e9 par Marie Beslay et Mathilde Raynal.  IEJ 2018<\/strong> <\/h4>\n\n\n\n<figure class=\"wp-block-embed aligncenter is-type-video is-provider-youtube wp-block-embed-youtube wp-embed-aspect-16-9 wp-has-aspect-ratio\"><div class=\"wp-block-embed__wrapper\">\n<iframe title=\"En Roumanie, compte \u00e0 rebours pour les chiens errants\" width=\"843\" height=\"474\" src=\"https:\/\/www.youtube.com\/embed\/wDcEFTdL5DM?feature=oembed\" frameborder=\"0\" allow=\"accelerometer; autoplay; clipboard-write; encrypted-media; gyroscope; picture-in-picture; web-share\" referrerpolicy=\"strict-origin-when-cross-origin\" allowfullscreen><\/iframe>\n<\/div><\/figure>\n\n\n\n<div class=\"wp-block-image\"><figure class=\"aligncenter size-large\"><img decoding=\"async\" width=\"360\" height=\"480\" src=\"https:\/\/remembermefrance.org\/wp-content\/uploads\/Presse\/revue-de-presse-2.jpg\" alt=\"\" class=\"wp-image-520\" srcset=\"https:\/\/remembermefrance.org\/wp-content\/uploads\/Presse\/revue-de-presse-2.jpg 360w, https:\/\/remembermefrance.org\/wp-content\/uploads\/Presse\/revue-de-presse-2-225x300.jpg 225w, https:\/\/remembermefrance.org\/wp-content\/uploads\/Presse\/revue-de-presse-2-9x12.jpg 9w\" sizes=\"(max-width: 360px) 100vw, 360px\" \/><\/figure><\/div>\n\n\n\n<h4 class=\"wp-block-heading\">Article du R\u00e9publicain Lorrain, \u00e9dition de Sarrebourg &#8211;  14 nov. 2018 <\/h4>\n\n\n\n<p><strong>Sarrebourg  : finie la vie de chien, bonjour le bonheur<\/strong><\/p>\n\n\n\n<p>Dimanche 1er d\u00e9cembre, une quarantaine de chiens roumains arriveront \u00e0 la SPA de Sarrebourg. Aucun n\u2019ira dans le refuge. Tous ont d\u00e9j\u00e0 trouv\u00e9 une famille gr\u00e2ce \u00e0 l\u2019association fran\u00e7aise Remember Me.<\/p>\n\n\n\n<p><strong>Textes et propos recueillis par \u00c9milie JOCHYMEK-SCHAER<\/strong>&nbsp;&#8211;&nbsp;14 nov. 2018 \u00e0 12:00 <\/p>\n\n\n\n<div class=\"wp-block-image\"><figure class=\"aligncenter size-large is-resized\"><img decoding=\"async\" src=\"https:\/\/remembermefrance.org\/wp-content\/uploads\/2020\/01\/vanessa-manand.jpg\" alt=\"\" class=\"wp-image-487\" width=\"495\" height=\"248\"\/><figcaption> Vanessa Manand est la pr\u00e9sidente de l\u2019association Remember me. Son objectif&nbsp;: sauver les chiens roumains de la mis\u00e8re des rues. Photo DR <\/figcaption><\/figure><\/div>\n\n\n\n<p><strong>Parlez-nous de votre association qui a pour but de sauver les chiens errants roumains.<\/strong><\/p>\n\n\n\n<p><strong>Vanessa MANAND, pr\u00e9sidente de l\u2019association Remember me&nbsp;:<\/strong>&nbsp;\u00ab&nbsp;Notre refuge est situ\u00e9 \u00e0 Pascani, \u00e0 sept heures de route de Bucarest et du c\u00f4t\u00e9 moldave. Il est dirig\u00e9 par un v\u00e9t\u00e9rinaire et il y a trois gardiens r\u00e9mun\u00e9r\u00e9s.&nbsp;Nous recueillons toute l\u2019ann\u00e9e environ 400 chiens retrouv\u00e9s dans la rue. Normalement, si aucune demande n\u2019a lieu pour ces animaux dans les 14 jours, ils sont euthanasi\u00e9s. Ce qui n\u2019est pas le cas chez nous. Il s\u2019agit d\u2019un refuge priv\u00e9. Nous l\u2019avons construit pour faire fermer l\u2019\u00e9tablissement public dans lequel il y a des euthanasies. Les chiens sauv\u00e9s sont alors propos\u00e9s \u00e0 l\u2019adoption en France, au Luxembourg, en Belgique et en Roumanie. Ils arrivent par camion dans plusieurs lieux. Sarrebourg est le premier arr\u00eat. Un v\u00e9t\u00e9rinaire sanitaire vient contr\u00f4ler les chiens.&nbsp;\u00bb<\/p>\n\n\n\n<p><strong>Que r\u00e9pondez-vous aux gens qui vous disent qu\u2019il y a d\u00e9j\u00e0 assez de chiens \u00e0 adopter en France&nbsp;?<\/strong><\/p>\n\n\n\n<p>\u00ab&nbsp;Je leur r\u00e9ponds d\u00e9j\u00e0 que c\u2019est super s\u2019ils adoptent des chiens en France&nbsp;! Mais malheureusement, les personnes qui r\u00e9pondent tr\u00e8s souvent \u00e7a ne font pas la d\u00e9marche d\u2019adoption eux-m\u00eames. Les animaux que l\u2019on propose sont tr\u00e8s fr\u00e9quemment des chiens que l\u2019on n\u2019arrive pas \u00e0 trouver en France comme des chiots. En Roumanie, on en a des tas malheureusement, vou\u00e9s \u00e0 l\u2019euthanasie. Les familles qui en veulent absolument font tout d\u2019abord une premi\u00e8re d\u00e9marche aupr\u00e8s de refuges fran\u00e7ais. Mais, ils n\u2019en trouvent que tr\u00e8s peu. Pourquoi aller dans un \u00e9levage alors qu\u2019\u00e0 des centaines de kilom\u00e8tres de chez nous, il y a des chiots qui peuvent \u00eatre rapatri\u00e9s et correspondraient aux crit\u00e8res des familles&nbsp;? Notre objectif n\u2019est absolument pas de remplir les refuges&nbsp;! Nos chiens sont plac\u00e9s directement dans des foyers.&nbsp;\u00bb<\/p>\n\n\n\n<p><strong>Il faut \u00eatre tout de m\u00eame patient avec eux, vu le pass\u00e9 de certains&nbsp;?<\/strong><\/p>\n\n\n\n<p>\u00ab&nbsp;Bien s\u00fbr&nbsp;! Ils ne sont pas issus d\u2019un \u00e9levage, \u00e9duqu\u00e9s bien au chaud. Ce sont des animaux qui ont grandi au bord des routes, qui ont peut-\u00eatre connu la maltraitance. Il y en a qui sont plus marqu\u00e9s que d\u2019autres. Les chiots moins. Pour les adultes, nous en avons beaucoup de craintifs. Nous cherchons donc des personnes qui sont sp\u00e9cialis\u00e9es. C\u2019est pourquoi nous devons parfois refuser des demandes. Il faut beaucoup de patience et d\u2019amour.&nbsp;\u00bb<\/p>\n\n\n\n<div class=\"wp-block-image\"><figure class=\"aligncenter size-large\"><img decoding=\"async\" src=\"https:\/\/remembermefrance.org\/wp-content\/uploads\/Refuge\/refuge.jpg\" alt=\"\" class=\"wp-image-488\"\/><figcaption>Le refuge Remembermeland en Roumanie<\/figcaption><\/figure><\/div>\n\n\n\n<p><strong>Avec tous les trafics des pays de l\u2019Est, comment \u00eatre s\u00fbr qu\u2019il ne s\u2019agit pas d\u2019une arnaque&nbsp;?<\/strong><\/p>\n\n\n\n<p>\u00ab&nbsp;D\u00e9j\u00e0 car nous n\u2019avons aucun chien de race. Ils sont tous crois\u00e9s. Il n\u2019y en a pas deux identiques. Ils sont syst\u00e9matiquement st\u00e9rilis\u00e9s \u00e0 leur arriv\u00e9e au refuge et ont leurs passeports europ\u00e9ens. Ils ont une puce \u00e9lectronique. Ils sont vaccin\u00e9s contre la rage, les maladies polyvalentes et la toux du chenil. Pour les chiots, nous le faisons d\u00e8s qu\u2019ils sont en \u00e2ge. S\u2019ils ne sont pas st\u00e9rilis\u00e9s en arrivant en France, nous demandons un ch\u00e8que de caution de 500&nbsp;\u20ac restitu\u00e9 lorsque nous recevons le certificat v\u00e9t\u00e9rinaire de la st\u00e9rilisation.&nbsp;\u00bb<\/p>\n\n\n\n<p>Les chiens peuvent \u00eatre encore adopt\u00e9s pour le rapatriement du 1er&nbsp;&nbsp;d\u00e9cembre. Les demandes doivent \u00eatre faites avant le 25&nbsp;novembre. http:\/\/remembermefrance.forumactif.org\/ Contact&nbsp;: Anne-Catherine Barlier&nbsp;: t\u00e9l.&nbsp;06&nbsp;14&nbsp;04&nbsp;23&nbsp;67<\/p>\n\n\n\n<p>&nbsp; \u2002Apr\u00e8s avoir eu un coup de c\u0153ur sur photo et en ayant bien lu le pass\u00e9 de l\u2019animal, il faut tout d\u2019abord remplir un questionnaire d\u2019adoption.<\/p>\n\n\n\n<p>&nbsp; \u2002Un b\u00e9n\u00e9vole de l\u2019association Remember me vous contacte par t\u00e9l\u00e9phone. \u00ab&nbsp;On \u00e9voque avec l\u2019\u00e9ventuel adoptant son projet d\u2019adoption. On essaye de comprendre son environnement global.&nbsp;\u00bb<\/p>\n\n\n\n<p>&nbsp; \u2002Enfin, si votre dossier est valid\u00e9, il reste tout de m\u00eame une troisi\u00e8me \u00e9tape. Un b\u00e9n\u00e9vole se charge d\u2019une visite pr\u00e9-adoption \u00e0 domicile. \u00ab&nbsp;Il s\u2019agit souvent de personnes qui ont d\u00e9j\u00e0 adopt\u00e9 un chien ou des familles d\u2019accueil de notre association. Ils viennent sur place pour rencontrer l\u2019adoptant \u00e0 domicile.&nbsp;\u00bb<\/p>\n\n\n\n<p>&nbsp; \u2002La demande est accept\u00e9e ou refus\u00e9e.<\/p>\n\n\n\n<p><strong>Quel est le co\u00fbt&nbsp;?<\/strong><\/p>\n\n\n\n<p>Il est de 250\u20ac pour l\u2019adoption d\u2019un animal. Il comprend&nbsp;: 120&nbsp;\u20ac de frais de transport, 20&nbsp;\u20ac pour la d\u00e9claration aupr\u00e8s de l\u2019organisme europ\u00e9en, 100&nbsp;\u20ac de frais v\u00e9t\u00e9rinaires, 30&nbsp;\u20ac de frais pour les chiens en familles d\u2019accueil et l\u2019entretien du refuge.<\/p>\n\n\n\n<p><strong>Urgence pour chiots et anciens<\/strong><\/p>\n\n\n\n<p>Avec l\u2019hiver qui approche \u00e0 grands pas, il y a urgence pour adopter les chiots et les vieux chiens. \u00ab&nbsp;En Roumanie, ils sont dans un climat continental. Il fait tr\u00e8s froid en hiver avec des pics \u00e0 -30 degr\u00e9s&nbsp;\u00bb, d\u00e9clare Vanessa Manand. Et la neige s\u2019installe au minimum un mois dans la r\u00e9gion. Malgr\u00e9 leurs abris, beaucoup de jeunes et vieux chiens ne survivent pas \u00e0 cette saison glaciale.<\/p>\n\n\n\n<div class=\"wp-block-image\"><figure class=\"aligncenter size-large\"><img decoding=\"async\" width=\"360\" height=\"480\" src=\"https:\/\/remembermefrance.org\/wp-content\/uploads\/Presse\/revue-de-presse-1.jpg\" alt=\"\" class=\"wp-image-522\" srcset=\"https:\/\/remembermefrance.org\/wp-content\/uploads\/Presse\/revue-de-presse-1.jpg 360w, https:\/\/remembermefrance.org\/wp-content\/uploads\/Presse\/revue-de-presse-1-225x300.jpg 225w, https:\/\/remembermefrance.org\/wp-content\/uploads\/Presse\/revue-de-presse-1-9x12.jpg 9w\" sizes=\"(max-width: 360px) 100vw, 360px\" \/><figcaption>Remember Me milite pour la protection animale en Roumanie  &#8211; La Provence<\/figcaption><\/figure><\/div>\n\n\n\n<div class=\"wp-block-image\"><figure class=\"aligncenter size-large\"><img decoding=\"async\" width=\"360\" height=\"480\" src=\"https:\/\/remembermefrance.org\/wp-content\/uploads\/Presse\/revue-de-presse-3.jpg\" alt=\"\" class=\"wp-image-523\" srcset=\"https:\/\/remembermefrance.org\/wp-content\/uploads\/Presse\/revue-de-presse-3.jpg 360w, https:\/\/remembermefrance.org\/wp-content\/uploads\/Presse\/revue-de-presse-3-225x300.jpg 225w, https:\/\/remembermefrance.org\/wp-content\/uploads\/Presse\/revue-de-presse-3-9x12.jpg 9w\" sizes=\"(max-width: 360px) 100vw, 360px\" \/><figcaption>D\u00e9couvrez l&rsquo;histoire d&rsquo;Indianne, petite chienne originaire de Roumanie &#8211; Magazine WOOF<\/figcaption><\/figure><\/div>\n\n\n\n<div class=\"wp-block-image\"><figure class=\"aligncenter size-large is-resized\"><img decoding=\"async\" src=\"https:\/\/remembermefrance.org\/wp-content\/uploads\/Presse\/Article-R\u00e9publicain-Lorrain-18_03_18-375x500.jpg\" alt=\"\" class=\"wp-image-524\" width=\"375\" height=\"500\" srcset=\"https:\/\/remembermefrance.org\/wp-content\/uploads\/Presse\/Article-R\u00e9publicain-Lorrain-18_03_18-375x500.jpg 375w, https:\/\/remembermefrance.org\/wp-content\/uploads\/Presse\/Article-R\u00e9publicain-Lorrain-18_03_18-225x300.jpg 225w, https:\/\/remembermefrance.org\/wp-content\/uploads\/Presse\/Article-R\u00e9publicain-Lorrain-18_03_18-768x1024.jpg 768w, https:\/\/remembermefrance.org\/wp-content\/uploads\/Presse\/Article-R\u00e9publicain-Lorrain-18_03_18-1152x1536.jpg 1152w, https:\/\/remembermefrance.org\/wp-content\/uploads\/Presse\/Article-R\u00e9publicain-Lorrain-18_03_18-9x12.jpg 9w, https:\/\/remembermefrance.org\/wp-content\/uploads\/Presse\/Article-R\u00e9publicain-Lorrain-18_03_18-360x480.jpg 360w, https:\/\/remembermefrance.org\/wp-content\/uploads\/Presse\/Article-R\u00e9publicain-Lorrain-18_03_18.jpg 1440w\" sizes=\"(max-width: 375px) 100vw, 375px\" \/><\/figure><\/div>\n\n\n\n<figure class=\"wp-block-image size-large\"><img decoding=\"async\" src=\"https:\/\/remembermefrance.org\/wp-content\/uploads\/Presse\/Article-R\u00e9publicain-Lorrain-18_03_18-2-500x281.jpg\" alt=\"\" class=\"wp-image-525\"\/><figcaption>Des chiens roumains pour des ma\u00eetres fran\u00e7ais &#8211; Le R\u00e9publicain Lorrain<\/figcaption><\/figure>","protected":false},"excerpt":{"rendered":"<p>Reportage sur l&rsquo;association, r\u00e9alis\u00e9 par Marie Beslay et Mathilde Raynal. IEJ 2018 Article du R\u00e9publicain Lorrain, \u00e9dition de Sarrebourg &#8211; 14 nov. 2018 Sarrebourg :&hellip;<\/p>","protected":false},"author":1,"featured_media":0,"parent":0,"menu_order":0,"comment_status":"closed","ping_status":"closed","template":"","meta":{"cybocfi_hide_featured_image":"","footnotes":""},"class_list":["post-210","page","type-page","status-publish","hentry"],"yoast_head":"<!-- This site is optimized with the Yoast SEO plugin v26.6 - https:\/\/yoast.com\/wordpress\/plugins\/seo\/ -->\n<title>Revue de Presse - Association RMF<\/title>\n<meta name=\"robots\" content=\"index, follow, max-snippet:-1, max-image-preview:large, max-video-preview:-1\" \/>\n<link rel=\"canonical\" href=\"https:\/\/remembermefrance.org\/en\/revue-de-presse\/\" \/>\n<meta property=\"og:locale\" content=\"en_GB\" \/>\n<meta property=\"og:type\" content=\"article\" \/>\n<meta property=\"og:title\" content=\"Revue de Presse - Association RMF\" \/>\n<meta property=\"og:description\" content=\"Reportage sur l&rsquo;association, r\u00e9alis\u00e9 par Marie Beslay et Mathilde Raynal. IEJ 2018 Article du R\u00e9publicain Lorrain, \u00e9dition de Sarrebourg &#8211; 14 nov. 2018 Sarrebourg :&hellip;\" \/>\n<meta property=\"og:url\" content=\"https:\/\/remembermefrance.org\/en\/revue-de-presse\/\" \/>\n<meta property=\"og:site_name\" content=\"Association RMF\" \/>\n<meta property=\"article:publisher\" content=\"https:\/\/www.facebook.com\/remembermefrance\" \/>\n<meta property=\"article:modified_time\" content=\"2021-09-21T18:28:09+00:00\" \/>\n<meta property=\"og:image\" content=\"https:\/\/remembermefrance.org\/wp-content\/uploads\/Presse\/revue-de-presse-2.jpg\" \/>\n<meta name=\"twitter:card\" content=\"summary_large_image\" \/>\n<meta name=\"twitter:label1\" content=\"Estimated reading time\" \/>\n\t<meta name=\"twitter:data1\" content=\"5 minutes\" \/>\n<script type=\"application\/ld+json\" class=\"yoast-schema-graph\">{\"@context\":\"https:\/\/schema.org\",\"@graph\":[{\"@type\":\"WebPage\",\"@id\":\"https:\/\/remembermefrance.org\/revue-de-presse\/\",\"url\":\"https:\/\/remembermefrance.org\/revue-de-presse\/\",\"name\":\"Revue de Presse - Association RMF\",\"isPartOf\":{\"@id\":\"https:\/\/remembermefrance.org\/#website\"},\"primaryImageOfPage\":{\"@id\":\"https:\/\/remembermefrance.org\/revue-de-presse\/#primaryimage\"},\"image\":{\"@id\":\"https:\/\/remembermefrance.org\/revue-de-presse\/#primaryimage\"},\"thumbnailUrl\":\"https:\/\/remembermefrance.org\/wp-content\/uploads\/Presse\/revue-de-presse-2.jpg\",\"datePublished\":\"2020-01-05T17:54:41+00:00\",\"dateModified\":\"2021-09-21T18:28:09+00:00\",\"breadcrumb\":{\"@id\":\"https:\/\/remembermefrance.org\/revue-de-presse\/#breadcrumb\"},\"inLanguage\":\"en-GB\",\"potentialAction\":[{\"@type\":\"ReadAction\",\"target\":[\"https:\/\/remembermefrance.org\/revue-de-presse\/\"]}]},{\"@type\":\"ImageObject\",\"inLanguage\":\"en-GB\",\"@id\":\"https:\/\/remembermefrance.org\/revue-de-presse\/#primaryimage\",\"url\":\"https:\/\/remembermefrance.org\/wp-content\/uploads\/Presse\/revue-de-presse-2.jpg\",\"contentUrl\":\"https:\/\/remembermefrance.org\/wp-content\/uploads\/Presse\/revue-de-presse-2.jpg\"},{\"@type\":\"BreadcrumbList\",\"@id\":\"https:\/\/remembermefrance.org\/revue-de-presse\/#breadcrumb\",\"itemListElement\":[{\"@type\":\"ListItem\",\"position\":1,\"name\":\"Accueil\",\"item\":\"https:\/\/remembermefrance.org\/\"},{\"@type\":\"ListItem\",\"position\":2,\"name\":\"Revue de Presse\"}]},{\"@type\":\"WebSite\",\"@id\":\"https:\/\/remembermefrance.org\/#website\",\"url\":\"https:\/\/remembermefrance.org\/\",\"name\":\"Remember me\",\"description\":\"Adopter un chien roumain\",\"publisher\":{\"@id\":\"https:\/\/remembermefrance.org\/#organization\"},\"potentialAction\":[{\"@type\":\"SearchAction\",\"target\":{\"@type\":\"EntryPoint\",\"urlTemplate\":\"https:\/\/remembermefrance.org\/?s={search_term_string}\"},\"query-input\":{\"@type\":\"PropertyValueSpecification\",\"valueRequired\":true,\"valueName\":\"search_term_string\"}}],\"inLanguage\":\"en-GB\"},{\"@type\":\"Organization\",\"@id\":\"https:\/\/remembermefrance.org\/#organization\",\"name\":\"Remember me\",\"url\":\"https:\/\/remembermefrance.org\/\",\"logo\":{\"@type\":\"ImageObject\",\"inLanguage\":\"en-GB\",\"@id\":\"https:\/\/remembermefrance.org\/#\/schema\/logo\/image\/\",\"url\":\"https:\/\/remembermefrance.org\/wp-content\/uploads\/logo-remember.png\",\"contentUrl\":\"https:\/\/remembermefrance.org\/wp-content\/uploads\/logo-remember.png\",\"width\":325,\"height\":60,\"caption\":\"Remember me\"},\"image\":{\"@id\":\"https:\/\/remembermefrance.org\/#\/schema\/logo\/image\/\"},\"sameAs\":[\"https:\/\/www.facebook.com\/remembermefrance\",\"https:\/\/www.instagram.com\/remembermefrance\/\"]}]}<\/script>\n<!-- \/ Yoast SEO plugin. -->","yoast_head_json":{"title":"Revue de Presse - Association RMF","robots":{"index":"index","follow":"follow","max-snippet":"max-snippet:-1","max-image-preview":"max-image-preview:large","max-video-preview":"max-video-preview:-1"},"canonical":"https:\/\/remembermefrance.org\/en\/revue-de-presse\/","og_locale":"en_GB","og_type":"article","og_title":"Revue de Presse - Association RMF","og_description":"Reportage sur l&rsquo;association, r\u00e9alis\u00e9 par Marie Beslay et Mathilde Raynal. IEJ 2018 Article du R\u00e9publicain Lorrain, \u00e9dition de Sarrebourg &#8211; 14 nov. 2018 Sarrebourg :&hellip;","og_url":"https:\/\/remembermefrance.org\/en\/revue-de-presse\/","og_site_name":"Association RMF","article_publisher":"https:\/\/www.facebook.com\/remembermefrance","article_modified_time":"2021-09-21T18:28:09+00:00","og_image":[{"url":"https:\/\/remembermefrance.org\/wp-content\/uploads\/Presse\/revue-de-presse-2.jpg","type":"","width":"","height":""}],"twitter_card":"summary_large_image","twitter_misc":{"Estimated reading time":"5 minutes"},"schema":{"@context":"https:\/\/schema.org","@graph":[{"@type":"WebPage","@id":"https:\/\/remembermefrance.org\/revue-de-presse\/","url":"https:\/\/remembermefrance.org\/revue-de-presse\/","name":"Revue de Presse - Association RMF","isPartOf":{"@id":"https:\/\/remembermefrance.org\/#website"},"primaryImageOfPage":{"@id":"https:\/\/remembermefrance.org\/revue-de-presse\/#primaryimage"},"image":{"@id":"https:\/\/remembermefrance.org\/revue-de-presse\/#primaryimage"},"thumbnailUrl":"https:\/\/remembermefrance.org\/wp-content\/uploads\/Presse\/revue-de-presse-2.jpg","datePublished":"2020-01-05T17:54:41+00:00","dateModified":"2021-09-21T18:28:09+00:00","breadcrumb":{"@id":"https:\/\/remembermefrance.org\/revue-de-presse\/#breadcrumb"},"inLanguage":"en-GB","potentialAction":[{"@type":"ReadAction","target":["https:\/\/remembermefrance.org\/revue-de-presse\/"]}]},{"@type":"ImageObject","inLanguage":"en-GB","@id":"https:\/\/remembermefrance.org\/revue-de-presse\/#primaryimage","url":"https:\/\/remembermefrance.org\/wp-content\/uploads\/Presse\/revue-de-presse-2.jpg","contentUrl":"https:\/\/remembermefrance.org\/wp-content\/uploads\/Presse\/revue-de-presse-2.jpg"},{"@type":"BreadcrumbList","@id":"https:\/\/remembermefrance.org\/revue-de-presse\/#breadcrumb","itemListElement":[{"@type":"ListItem","position":1,"name":"Accueil","item":"https:\/\/remembermefrance.org\/"},{"@type":"ListItem","position":2,"name":"Revue de Presse"}]},{"@type":"WebSite","@id":"https:\/\/remembermefrance.org\/#website","url":"https:\/\/remembermefrance.org\/","name":"Remember me","description":"Adopt a Romanian dog","publisher":{"@id":"https:\/\/remembermefrance.org\/#organization"},"potentialAction":[{"@type":"SearchAction","target":{"@type":"EntryPoint","urlTemplate":"https:\/\/remembermefrance.org\/?s={search_term_string}"},"query-input":{"@type":"PropertyValueSpecification","valueRequired":true,"valueName":"search_term_string"}}],"inLanguage":"en-GB"},{"@type":"Organization","@id":"https:\/\/remembermefrance.org\/#organization","name":"Remember me","url":"https:\/\/remembermefrance.org\/","logo":{"@type":"ImageObject","inLanguage":"en-GB","@id":"https:\/\/remembermefrance.org\/#\/schema\/logo\/image\/","url":"https:\/\/remembermefrance.org\/wp-content\/uploads\/logo-remember.png","contentUrl":"https:\/\/remembermefrance.org\/wp-content\/uploads\/logo-remember.png","width":325,"height":60,"caption":"Remember me"},"image":{"@id":"https:\/\/remembermefrance.org\/#\/schema\/logo\/image\/"},"sameAs":["https:\/\/www.facebook.com\/remembermefrance","https:\/\/www.instagram.com\/remembermefrance\/"]}]}},"_links":{"self":[{"href":"https:\/\/remembermefrance.org\/en\/wp-json\/wp\/v2\/pages\/210","targetHints":{"allow":["GET"]}}],"collection":[{"href":"https:\/\/remembermefrance.org\/en\/wp-json\/wp\/v2\/pages"}],"about":[{"href":"https:\/\/remembermefrance.org\/en\/wp-json\/wp\/v2\/types\/page"}],"author":[{"embeddable":true,"href":"https:\/\/remembermefrance.org\/en\/wp-json\/wp\/v2\/users\/1"}],"replies":[{"embeddable":true,"href":"https:\/\/remembermefrance.org\/en\/wp-json\/wp\/v2\/comments?post=210"}],"version-history":[{"count":0,"href":"https:\/\/remembermefrance.org\/en\/wp-json\/wp\/v2\/pages\/210\/revisions"}],"wp:attachment":[{"href":"https:\/\/remembermefrance.org\/en\/wp-json\/wp\/v2\/media?parent=210"}],"curies":[{"name":"wp","href":"https:\/\/api.w.org\/{rel}","templated":true}]}}