{"id":24388,"date":"2021-10-10T19:48:16","date_gmt":"2021-10-10T17:48:16","guid":{"rendered":"https:\/\/remembermefrance.org\/?page_id=24388"},"modified":"2025-07-11T16:02:20","modified_gmt":"2025-07-11T14:02:20","slug":"nous-faire-connaitre","status":"publish","type":"page","link":"https:\/\/remembermefrance.org\/en\/agir\/nous-faire-connaitre\/","title":{"rendered":"Let us know"},"content":{"rendered":"<div class=\"n2_clear\"><ss3-force-full-width data-overflow-x=\"body\" data-horizontal-selector=\"body\"><div class=\"n2-section-smartslider fitvidsignore  n2_clear\" data-ssid=\"11\"><div class=\"n2-ss-margin\" style=\"margin: -35px 0px 0px 0px;\"><div id=\"n2-ss-11-align\" class=\"n2-ss-align\"><div class=\"n2-padding\"><div id=\"n2-ss-11\" data-creator=\"Smart Slider 3\" data-responsive=\"fullwidth\" class=\"n2-ss-slider n2-ow n2-has-hover n2notransition\">\n        <div class=\"n2-ss-slider-1 n2-ow\">\n            <div class=\"n2-ss-slider-2 n2-ow\">\n                <div class=\"n2-ss-slide-backgrounds n2-ow-all\"><div class=\"n2-ss-slide-background\" data-public-id=\"1\" data-mode=\"fill\"><div class=\"n2-ss-slide-background-image\" data-blur=\"0\" data-opacity=\"100\" data-x=\"50\" data-y=\"50\" data-alt=\"\" data-title=\"\"><picture class=\"skip-lazy\" data-skip-lazy=\"1\"><img decoding=\"async\" src=\"\/\/remembermefrance.org\/wp-content\/uploads\/connaitre.jpg\" alt=\"\" title=\"\" loading=\"lazy\" class=\"skip-lazy\" data-skip-lazy=\"1\"><\/picture><\/div><div data-color=\"RGBA(255,255,255,0)\" style=\"background-color: RGBA(255,255,255,0);\" class=\"n2-ss-slide-background-color\"><\/div><\/div><\/div>                <div class=\"n2-ss-slider-3 n2-ow\">\n                    <svg xmlns=\"http:\/\/www.w3.org\/2000\/svg\" viewbox=\"0 0 1200 550\" data-related-device=\"desktopPortrait\" class=\"n2-ow n2-ss-preserve-size n2-ss-preserve-size--slider n2-ss-slide-limiter\"><\/svg><div data-first=\"1\" data-slide-duration=\"0\" data-id=\"24\" data-slide-public-id=\"1\" data-title=\"association-protection-animaux\" class=\"n2-ss-slide n2-ow  n2-ss-slide-24\"><div role=\"note\" class=\"n2-ss-slide--focus\" tabindex=\"-1\">association-protection-animaux<\/div><div class=\"n2-ss-layers-container n2-ss-slide-limiter n2-ow\"><div class=\"n2-ss-layer n2-ow n-uc-f07k9kIJ6R4s\" data-sstype=\"slide\" data-pm=\"default\"><div class=\"n2-ss-layer n2-ow n-uc-UmW3W3pfrTne\" data-pm=\"default\" data-sstype=\"content\" data-hasbackground=\"0\"><div class=\"n2-ss-section-main-content n2-ss-layer-with-background n2-ss-layer-content n2-ow n-uc-UmW3W3pfrTne-inner\"><div class=\"n2-ss-layer n2-ow n-uc-8dohrbWXo0k0\" data-pm=\"normal\" data-animv2=\"{&quot;basic&quot;:{&quot;in&quot;:{&quot;type&quot;:&quot;basic&quot;,&quot;name&quot;:&quot;Gauche&quot;,&quot;keyFrames&quot;:[{&quot;x&quot;:400}]}}}\" data-sstype=\"layer\"><div id=\"n2-ss-11item1\" class=\"n2-font-ab1199fde625dff525a824e9e19c0d0b-hover n2-style-70db088817768146cc836a0c2ce1d6e0-heading   n2-ss-item-content n2-ss-text n2-ow\" style=\"display:block;\">Let us know<\/div><\/div><\/div><\/div><\/div><\/div><\/div>                <\/div>\n                            <\/div>\n        <\/div>\n        <\/div><ss3-loader><\/ss3-loader><\/div><\/div><div class=\"n2_clear\"><\/div><\/div><\/div><\/ss3-force-full-width><\/div>\n\n\n<div style=\"height:23px\" aria-hidden=\"true\" class=\"wp-block-spacer\"><\/div>\n\n\n\n<div class=\"wp-block-columns is-layout-flex wp-container-core-columns-is-layout-9d6595d7 wp-block-columns-is-layout-flex\">\n<div class=\"wp-block-column is-layout-flow wp-block-column-is-layout-flow\">\n<p>To raise awareness about our association among a larger number of people, you can download and&nbsp;<strong>imprimer notre flyer afin de le distribuer autour de vous<\/strong>&nbsp;(par exemple : chez votre v\u00e9t\u00e9rinaire, votre \u00e9ducateur, au club canin&#8230;). Nous agissons dans plusieurs pays, alors n&rsquo;h\u00e9sitez pas \u00e0 parler de nous partout, que vous soyez Belge, Fran\u00e7ais, Suisse ou autre !<\/p>\n\n\n\n<div class=\"wp-block-buttons is-layout-flex wp-block-buttons-is-layout-flex\">\n<div class=\"wp-block-button button1\"><a class=\"wp-block-button__link wp-element-button\" href=\"https:\/\/remembermefrance.org\/wp-content\/uploads\/Remember-Me-France.pdf\" target=\"_blank\" rel=\"noreferrer noopener\">Download our flyer (PDF)<\/a><\/div>\n<\/div>\n<\/div>\n\n\n\n<div class=\"wp-block-column is-layout-flow wp-block-column-is-layout-flow\">\n<figure class=\"wp-block-image size-large\"><a href=\"https:\/\/remembermefrance.org\/wp-content\/uploads\/Remember-Me-France.pdf\" target=\"_blank\" rel=\"noopener\"><img decoding=\"async\" width=\"500\" height=\"354\" src=\"https:\/\/remembermefrance.org\/wp-content\/uploads\/flyer1-500x354.jpg\" alt=\"\" class=\"wp-image-68347\" srcset=\"https:\/\/remembermefrance.org\/wp-content\/uploads\/flyer1-500x354.jpg 500w, https:\/\/remembermefrance.org\/wp-content\/uploads\/flyer1-300x213.jpg 300w, https:\/\/remembermefrance.org\/wp-content\/uploads\/flyer1-18x12.jpg 18w, https:\/\/remembermefrance.org\/wp-content\/uploads\/flyer1-360x255.jpg 360w, https:\/\/remembermefrance.org\/wp-content\/uploads\/flyer1.jpg 642w\" sizes=\"(max-width: 500px) 100vw, 500px\" \/><\/a><\/figure>\n<\/div>\n<\/div>","protected":false},"excerpt":{"rendered":"<p>Pour faire conna\u00eetre notre association au plus grand nombre, vous pouvez t\u00e9l\u00e9charger et&nbsp;imprimer notre flyer afin de le distribuer autour de vous&nbsp;(par exemple : chez&hellip;<\/p>","protected":false},"author":5,"featured_media":0,"parent":802,"menu_order":0,"comment_status":"closed","ping_status":"closed","template":"","meta":{"cybocfi_hide_featured_image":"","footnotes":""},"class_list":["post-24388","page","type-page","status-publish","hentry"],"yoast_head":"<!-- This site is optimized with the Yoast SEO plugin v26.6 - https:\/\/yoast.com\/wordpress\/plugins\/seo\/ -->\n<title>Nous faire conna\u00eetre - Association RMF<\/title>\n<meta name=\"robots\" content=\"index, follow, max-snippet:-1, max-image-preview:large, max-video-preview:-1\" \/>\n<link rel=\"canonical\" href=\"https:\/\/remembermefrance.org\/en\/agir\/nous-faire-connaitre\/\" \/>\n<meta property=\"og:locale\" content=\"en_GB\" \/>\n<meta property=\"og:type\" content=\"article\" \/>\n<meta property=\"og:title\" content=\"Nous faire conna\u00eetre - Association RMF\" \/>\n<meta property=\"og:description\" content=\"Pour faire conna\u00eetre notre association au plus grand nombre, vous pouvez t\u00e9l\u00e9charger et&nbsp;imprimer notre flyer afin de le distribuer autour de vous&nbsp;(par exemple : chez&hellip;\" \/>\n<meta property=\"og:url\" content=\"https:\/\/remembermefrance.org\/en\/agir\/nous-faire-connaitre\/\" \/>\n<meta property=\"og:site_name\" content=\"Association RMF\" \/>\n<meta property=\"article:publisher\" content=\"https:\/\/www.facebook.com\/remembermefrance\" \/>\n<meta property=\"article:modified_time\" content=\"2025-07-11T14:02:20+00:00\" \/>\n<meta property=\"og:image\" content=\"https:\/\/remembermefrance.org\/wp-content\/uploads\/flyer1-500x354.jpg\" \/>\n<meta name=\"twitter:card\" content=\"summary_large_image\" \/>\n<script type=\"application\/ld+json\" class=\"yoast-schema-graph\">{\"@context\":\"https:\/\/schema.org\",\"@graph\":[{\"@type\":\"WebPage\",\"@id\":\"https:\/\/remembermefrance.org\/agir\/nous-faire-connaitre\/\",\"url\":\"https:\/\/remembermefrance.org\/agir\/nous-faire-connaitre\/\",\"name\":\"Nous faire conna\u00eetre - Association RMF\",\"isPartOf\":{\"@id\":\"https:\/\/remembermefrance.org\/#website\"},\"primaryImageOfPage\":{\"@id\":\"https:\/\/remembermefrance.org\/agir\/nous-faire-connaitre\/#primaryimage\"},\"image\":{\"@id\":\"https:\/\/remembermefrance.org\/agir\/nous-faire-connaitre\/#primaryimage\"},\"thumbnailUrl\":\"https:\/\/remembermefrance.org\/wp-content\/uploads\/flyer1-500x354.jpg\",\"datePublished\":\"2021-10-10T17:48:16+00:00\",\"dateModified\":\"2025-07-11T14:02:20+00:00\",\"breadcrumb\":{\"@id\":\"https:\/\/remembermefrance.org\/agir\/nous-faire-connaitre\/#breadcrumb\"},\"inLanguage\":\"en-GB\",\"potentialAction\":[{\"@type\":\"ReadAction\",\"target\":[\"https:\/\/remembermefrance.org\/agir\/nous-faire-connaitre\/\"]}]},{\"@type\":\"ImageObject\",\"inLanguage\":\"en-GB\",\"@id\":\"https:\/\/remembermefrance.org\/agir\/nous-faire-connaitre\/#primaryimage\",\"url\":\"https:\/\/remembermefrance.org\/wp-content\/uploads\/flyer1-500x354.jpg\",\"contentUrl\":\"https:\/\/remembermefrance.org\/wp-content\/uploads\/flyer1-500x354.jpg\"},{\"@type\":\"BreadcrumbList\",\"@id\":\"https:\/\/remembermefrance.org\/agir\/nous-faire-connaitre\/#breadcrumb\",\"itemListElement\":[{\"@type\":\"ListItem\",\"position\":1,\"name\":\"Accueil\",\"item\":\"https:\/\/remembermefrance.org\/\"},{\"@type\":\"ListItem\",\"position\":2,\"name\":\"Agir\",\"item\":\"https:\/\/remembermefrance.org\/agir\/\"},{\"@type\":\"ListItem\",\"position\":3,\"name\":\"Nous faire conna\u00eetre\"}]},{\"@type\":\"WebSite\",\"@id\":\"https:\/\/remembermefrance.org\/#website\",\"url\":\"https:\/\/remembermefrance.org\/\",\"name\":\"Remember me\",\"description\":\"Adopter un chien roumain\",\"publisher\":{\"@id\":\"https:\/\/remembermefrance.org\/#organization\"},\"potentialAction\":[{\"@type\":\"SearchAction\",\"target\":{\"@type\":\"EntryPoint\",\"urlTemplate\":\"https:\/\/remembermefrance.org\/?s={search_term_string}\"},\"query-input\":{\"@type\":\"PropertyValueSpecification\",\"valueRequired\":true,\"valueName\":\"search_term_string\"}}],\"inLanguage\":\"en-GB\"},{\"@type\":\"Organization\",\"@id\":\"https:\/\/remembermefrance.org\/#organization\",\"name\":\"Remember me\",\"url\":\"https:\/\/remembermefrance.org\/\",\"logo\":{\"@type\":\"ImageObject\",\"inLanguage\":\"en-GB\",\"@id\":\"https:\/\/remembermefrance.org\/#\/schema\/logo\/image\/\",\"url\":\"https:\/\/remembermefrance.org\/wp-content\/uploads\/logo-remember.png\",\"contentUrl\":\"https:\/\/remembermefrance.org\/wp-content\/uploads\/logo-remember.png\",\"width\":325,\"height\":60,\"caption\":\"Remember me\"},\"image\":{\"@id\":\"https:\/\/remembermefrance.org\/#\/schema\/logo\/image\/\"},\"sameAs\":[\"https:\/\/www.facebook.com\/remembermefrance\",\"https:\/\/www.instagram.com\/remembermefrance\/\"]}]}<\/script>\n<!-- \/ Yoast SEO plugin. -->","yoast_head_json":{"title":"Nous faire conna\u00eetre - Association RMF","robots":{"index":"index","follow":"follow","max-snippet":"max-snippet:-1","max-image-preview":"max-image-preview:large","max-video-preview":"max-video-preview:-1"},"canonical":"https:\/\/remembermefrance.org\/en\/agir\/nous-faire-connaitre\/","og_locale":"en_GB","og_type":"article","og_title":"Nous faire conna\u00eetre - Association RMF","og_description":"Pour faire conna\u00eetre notre association au plus grand nombre, vous pouvez t\u00e9l\u00e9charger et&nbsp;imprimer notre flyer afin de le distribuer autour de vous&nbsp;(par exemple : chez&hellip;","og_url":"https:\/\/remembermefrance.org\/en\/agir\/nous-faire-connaitre\/","og_site_name":"Association RMF","article_publisher":"https:\/\/www.facebook.com\/remembermefrance","article_modified_time":"2025-07-11T14:02:20+00:00","og_image":[{"url":"https:\/\/remembermefrance.org\/wp-content\/uploads\/flyer1-500x354.jpg","type":"","width":"","height":""}],"twitter_card":"summary_large_image","schema":{"@context":"https:\/\/schema.org","@graph":[{"@type":"WebPage","@id":"https:\/\/remembermefrance.org\/agir\/nous-faire-connaitre\/","url":"https:\/\/remembermefrance.org\/agir\/nous-faire-connaitre\/","name":"Nous faire conna\u00eetre - Association RMF","isPartOf":{"@id":"https:\/\/remembermefrance.org\/#website"},"primaryImageOfPage":{"@id":"https:\/\/remembermefrance.org\/agir\/nous-faire-connaitre\/#primaryimage"},"image":{"@id":"https:\/\/remembermefrance.org\/agir\/nous-faire-connaitre\/#primaryimage"},"thumbnailUrl":"https:\/\/remembermefrance.org\/wp-content\/uploads\/flyer1-500x354.jpg","datePublished":"2021-10-10T17:48:16+00:00","dateModified":"2025-07-11T14:02:20+00:00","breadcrumb":{"@id":"https:\/\/remembermefrance.org\/agir\/nous-faire-connaitre\/#breadcrumb"},"inLanguage":"en-GB","potentialAction":[{"@type":"ReadAction","target":["https:\/\/remembermefrance.org\/agir\/nous-faire-connaitre\/"]}]},{"@type":"ImageObject","inLanguage":"en-GB","@id":"https:\/\/remembermefrance.org\/agir\/nous-faire-connaitre\/#primaryimage","url":"https:\/\/remembermefrance.org\/wp-content\/uploads\/flyer1-500x354.jpg","contentUrl":"https:\/\/remembermefrance.org\/wp-content\/uploads\/flyer1-500x354.jpg"},{"@type":"BreadcrumbList","@id":"https:\/\/remembermefrance.org\/agir\/nous-faire-connaitre\/#breadcrumb","itemListElement":[{"@type":"ListItem","position":1,"name":"Accueil","item":"https:\/\/remembermefrance.org\/"},{"@type":"ListItem","position":2,"name":"Agir","item":"https:\/\/remembermefrance.org\/agir\/"},{"@type":"ListItem","position":3,"name":"Nous faire conna\u00eetre"}]},{"@type":"WebSite","@id":"https:\/\/remembermefrance.org\/#website","url":"https:\/\/remembermefrance.org\/","name":"Remember me","description":"Adopt a Romanian dog","publisher":{"@id":"https:\/\/remembermefrance.org\/#organization"},"potentialAction":[{"@type":"SearchAction","target":{"@type":"EntryPoint","urlTemplate":"https:\/\/remembermefrance.org\/?s={search_term_string}"},"query-input":{"@type":"PropertyValueSpecification","valueRequired":true,"valueName":"search_term_string"}}],"inLanguage":"en-GB"},{"@type":"Organization","@id":"https:\/\/remembermefrance.org\/#organization","name":"Remember me","url":"https:\/\/remembermefrance.org\/","logo":{"@type":"ImageObject","inLanguage":"en-GB","@id":"https:\/\/remembermefrance.org\/#\/schema\/logo\/image\/","url":"https:\/\/remembermefrance.org\/wp-content\/uploads\/logo-remember.png","contentUrl":"https:\/\/remembermefrance.org\/wp-content\/uploads\/logo-remember.png","width":325,"height":60,"caption":"Remember me"},"image":{"@id":"https:\/\/remembermefrance.org\/#\/schema\/logo\/image\/"},"sameAs":["https:\/\/www.facebook.com\/remembermefrance","https:\/\/www.instagram.com\/remembermefrance\/"]}]}},"_links":{"self":[{"href":"https:\/\/remembermefrance.org\/en\/wp-json\/wp\/v2\/pages\/24388","targetHints":{"allow":["GET"]}}],"collection":[{"href":"https:\/\/remembermefrance.org\/en\/wp-json\/wp\/v2\/pages"}],"about":[{"href":"https:\/\/remembermefrance.org\/en\/wp-json\/wp\/v2\/types\/page"}],"author":[{"embeddable":true,"href":"https:\/\/remembermefrance.org\/en\/wp-json\/wp\/v2\/users\/5"}],"replies":[{"embeddable":true,"href":"https:\/\/remembermefrance.org\/en\/wp-json\/wp\/v2\/comments?post=24388"}],"version-history":[{"count":0,"href":"https:\/\/remembermefrance.org\/en\/wp-json\/wp\/v2\/pages\/24388\/revisions"}],"up":[{"embeddable":true,"href":"https:\/\/remembermefrance.org\/en\/wp-json\/wp\/v2\/pages\/802"}],"wp:attachment":[{"href":"https:\/\/remembermefrance.org\/en\/wp-json\/wp\/v2\/media?parent=24388"}],"curies":[{"name":"wp","href":"https:\/\/api.w.org\/{rel}","templated":true}]}}