{"id":252,"date":"2020-01-06T20:31:38","date_gmt":"2020-01-06T19:31:38","guid":{"rendered":"https:\/\/remembermefrance.org\/?page_id=252"},"modified":"2025-08-30T15:08:27","modified_gmt":"2025-08-30T13:08:27","slug":"procedure-dadoption","status":"publish","type":"page","link":"https:\/\/remembermefrance.org\/en\/adopter\/procedure-dadoption\/","title":{"rendered":"Proc\u00e9dure d&rsquo;adoption"},"content":{"rendered":"<div class=\"n2_clear\"><ss3-force-full-width data-overflow-x=\"body\" data-horizontal-selector=\"body\"><div class=\"n2-section-smartslider fitvidsignore  n2_clear\" data-ssid=\"9\"><div class=\"n2-ss-margin\" style=\"margin: -35px 0px 0px 0px;\"><div id=\"n2-ss-9-align\" class=\"n2-ss-align\"><div class=\"n2-padding\"><div id=\"n2-ss-9\" data-creator=\"Smart Slider 3\" data-responsive=\"fullwidth\" class=\"n2-ss-slider n2-ow n2-has-hover n2notransition\">\n        <div class=\"n2-ss-slider-1 n2-ow\">\n            <div class=\"n2-ss-slider-2 n2-ow\">\n                <div class=\"n2-ss-slide-backgrounds n2-ow-all\"><div class=\"n2-ss-slide-background\" data-public-id=\"1\" data-mode=\"fill\"><div class=\"n2-ss-slide-background-image\" data-blur=\"0\" data-opacity=\"100\" data-x=\"50\" data-y=\"50\" data-alt=\"\" data-title=\"\"><picture class=\"skip-lazy\" data-skip-lazy=\"1\"><img decoding=\"async\" src=\"\/\/remembermefrance.org\/wp-content\/uploads\/adoption-chien.jpg\" alt=\"\" title=\"\" loading=\"lazy\" class=\"skip-lazy\" data-skip-lazy=\"1\"><\/picture><\/div><div data-color=\"RGBA(255,255,255,0)\" style=\"background-color: RGBA(255,255,255,0);\" class=\"n2-ss-slide-background-color\"><\/div><\/div><\/div>                <div class=\"n2-ss-slider-3 n2-ow\">\n                    <svg xmlns=\"http:\/\/www.w3.org\/2000\/svg\" viewbox=\"0 0 1200 550\" data-related-device=\"desktopPortrait\" class=\"n2-ow n2-ss-preserve-size n2-ss-preserve-size--slider n2-ss-slide-limiter\"><\/svg><div data-first=\"1\" data-slide-duration=\"0\" data-id=\"12\" data-slide-public-id=\"1\" data-title=\"association-protection-animaux\" class=\"n2-ss-slide n2-ow  n2-ss-slide-12\"><div role=\"note\" class=\"n2-ss-slide--focus\" tabindex=\"-1\">association-protection-animaux<\/div><div class=\"n2-ss-layers-container n2-ss-slide-limiter n2-ow\"><div class=\"n2-ss-layer n2-ow n-uc-i9Tpi0LyrAWE\" data-sstype=\"slide\" data-pm=\"default\"><div class=\"n2-ss-layer n2-ow n-uc-QmEL0qMktdXd\" data-pm=\"default\" data-sstype=\"content\" data-hasbackground=\"0\"><div class=\"n2-ss-section-main-content n2-ss-layer-with-background n2-ss-layer-content n2-ow n-uc-QmEL0qMktdXd-inner\"><div class=\"n2-ss-layer n2-ow n-uc-JWJz9BPcIKwa\" data-pm=\"normal\" data-animv2=\"{&quot;basic&quot;:{&quot;in&quot;:{&quot;type&quot;:&quot;basic&quot;,&quot;name&quot;:&quot;Fondu \\\/ encha\\u00een\\u00e9&quot;,&quot;keyFrames&quot;:[{&quot;opacity&quot;:0}]}}}\" data-sstype=\"layer\"><div id=\"n2-ss-9item1\" class=\"n2-font-b8cb8c7b769b57136d9e66bf752ba37c-hover   n2-ss-item-content n2-ss-text n2-ow\" style=\"display:block;\">PROC\u00c9DURE D&rsquo;ADOPTION<\/div><\/div><\/div><\/div><\/div><\/div><\/div>                <\/div>\n                            <\/div>\n        <\/div>\n        <\/div><ss3-loader><\/ss3-loader><\/div><\/div><div class=\"n2_clear\"><\/div><\/div><\/div><\/ss3-force-full-width><\/div>\n\n\n<div class=\"wp-block-spacer\" style=\"height: 16px;\" aria-hidden=\"true\">\u00a0<\/div>\n\n\n\n<h2 class=\"wp-block-heading\" id=\"merci-pour-votre-interet-envers-nos-loulous-ils-ont-vraiment-besoin-de-vous\">Merci pour votre int\u00e9r\u00eat envers nos loulous, ils ont vraiment besoin de vous !<\/h2>\n\n\n\n<p><strong><mark class=\"has-inline-color has-vivid-red-color\" style=\"background-color: rgba(0, 0, 0, 0);\">Please note<\/mark><\/strong> : Adopter un animal est un acte qui doit \u00eatre r\u00e9fl\u00e9chi, puisqu&rsquo;il vous engage sur de nombreuses ann\u00e9es. Notre \u00e9quipe est enti\u00e8rement b\u00e9n\u00e9vole : l&rsquo;\u00e9tude de chaque demande est m\u00e9ticuleuse, nous y travaillons sur notre temps libre. Nous vous demandons de respecter cela et de ne pas remplir un formulaire d&rsquo;adoption pour l&rsquo;un de nos animaux si vous avez d\u00e9j\u00e0 un dossier entam\u00e9 aupr\u00e8s d&rsquo;une autre association.<\/p>\n\n\n\n<h2 class=\"wp-block-heading\" id=\"notre-procedure-d-adoption-est-composee-de-6-etapes\">Our adoption procedures is composed of 6 steps:<\/h2>\n\n\n\n<div class=\"wp-block-columns box-red has-very-light-gray-background-color has-background is-layout-flex wp-container-core-columns-is-layout-9d6595d7 wp-block-columns-is-layout-flex\">\n<div class=\"wp-block-column is-layout-flow wp-block-column-is-layout-flow\" style=\"flex-basis:33.33%\"><\/div>\n\n\n\n<div class=\"wp-block-column is-layout-flow wp-block-column-is-layout-flow\" style=\"flex-basis:66.66%\">\n<h4 class=\"wp-block-heading\" id=\"1-remplir-le-formulaire-d-adoption-d-accueil\">1. Remplir le formulaire d\u2019adoption \/ d&rsquo;accueil<\/h4>\n\n\n\n<p>Vous devez d\u2019abord remplir le formulaire d\u2019adoption \/ d&rsquo;accueil. Vous pouvez le <a href=\"https:\/\/remembermefrance.org\/en\/adopter\/procedure-dadoption\/questionnaire\/\">remplir et envoyer en ligne<\/a> ou <a href=\"https:\/\/remembermefrance.org\/wp-content\/uploads\/formulaire_rmf.docx\" target=\"_blank\" rel=\"noopener\">t\u00e9l\u00e9charger<\/a> le questionnaire (merci d\u2019\u00e9viter les \u00e9critures manuscrites) puis le retourner \u00e0 notre adresse mail : contact@remembermefrance.org. Ce questionnaire constitue la 1\u02b3\u1d49 \u00e9tape d&rsquo;une d\u00e9marche d\u2019accueil ou d\u2019adoption aupr\u00e8s d&rsquo;un de nos loulous. Ce formulaire nous permet de v\u00e9rifier que l\u2019animal que vous souhaitez accueillir ou adopter correspond bien \u00e0 votre mode de vie.<\/p>\n<p><strong>En l\u2019absence de r\u00e9ponse dans les 5 jours, n\u2019h\u00e9sitez pas \u00e0 nous relancer, il peut arriver que les dossiers se perdent.<\/strong><\/p>\n\n\n\n<div class=\"wp-block-columns is-layout-flex wp-container-core-columns-is-layout-9d6595d7 wp-block-columns-is-layout-flex\">\n<div class=\"wp-block-column is-layout-flow wp-block-column-is-layout-flow\">\n<div class=\"wp-block-buttons m0 is-layout-flex wp-block-buttons-is-layout-flex\">\n<div class=\"wp-block-button button1\"><a class=\"wp-block-button__link wp-element-button\" href=\"https:\/\/remembermefrance.org\/en\/adopter\/procedure-dadoption\/questionnaire\/\">Remplissez le formulaire en ligne<\/a><\/div>\n<\/div>\n<\/div>\n\n\n\n<div class=\"wp-block-column is-layout-flow wp-block-column-is-layout-flow\">\n<div class=\"wp-block-buttons m0 is-layout-flex wp-block-buttons-is-layout-flex\">\n<div class=\"wp-block-button button1\"><a class=\"wp-block-button__link wp-element-button\" href=\"https:\/\/remembermefrance.org\/wp-content\/uploads\/formulaire_rmf.docx\" target=\"_blank\" rel=\"noreferrer noopener\">Download the adoption form<\/a><\/div>\n<\/div>\n<\/div>\n<\/div>\n<\/div>\n<\/div>\n\n\n\n<div class=\"wp-block-columns box-red has-very-light-gray-background-color has-background is-layout-flex wp-container-core-columns-is-layout-9d6595d7 wp-block-columns-is-layout-flex\">\n<div class=\"wp-block-column is-layout-flow wp-block-column-is-layout-flow\" style=\"flex-basis:33.33%\"><\/div>\n\n\n\n<div class=\"wp-block-column is-layout-flow wp-block-column-is-layout-flow\" style=\"flex-basis:66.66%\">\n<h4 class=\"wp-block-heading\" id=\"2-entretien-telephonique-avec-un-membre-de-l-association\">2. Entretien t\u00e9l\u00e9phonique avec un membre de l&rsquo;association<\/h4>\n\n\n\n<p>Le remplissage du formulaire est suivi d\u2019un entretien t\u00e9l\u00e9phonique avec un membre de notre association, afin que nous puissions \u00e9voquer avec vous de vive voix votre projet d\u2019accueil ou d\u2019adoption, et que nous puissions vous transmettre plus d&rsquo;informations sur l&rsquo;animal choisi.<\/p>\n<\/div>\n<\/div>\n\n\n\n<div class=\"wp-block-columns box-red has-very-light-gray-background-color has-background is-layout-flex wp-container-core-columns-is-layout-9d6595d7 wp-block-columns-is-layout-flex\">\n<div class=\"wp-block-column is-layout-flow wp-block-column-is-layout-flow\" style=\"flex-basis:33.33%\"><\/div>\n\n\n\n<div class=\"wp-block-column is-layout-flow wp-block-column-is-layout-flow\" style=\"flex-basis:66.66%\">\n<h4 class=\"wp-block-heading\" id=\"3-pre-visite-a-votre-domicile\">3. Pr\u00e9-visite \u00e0 votre domicile<\/h4>\n\n\n\n<p>Enfin, la derni\u00e8re \u00e9tape de notre proc\u00e9dure est la visite de votre domicile. N\u2019h\u00e9sitez pas \u00e0 pr\u00e9parer vos questions avant celle-ci ! Une r\u00e9ponse vous sera ensuite communiqu\u00e9e dans les plus brefs d\u00e9lais.<\/p>\n<\/div>\n<\/div>\n\n\n\n<div class=\"wp-block-columns box-red has-very-light-gray-background-color has-background is-layout-flex wp-container-core-columns-is-layout-9d6595d7 wp-block-columns-is-layout-flex\">\n<div class=\"wp-block-column is-layout-flow wp-block-column-is-layout-flow\" style=\"flex-basis:33.33%\">\n<p>&nbsp;<\/p>\n<\/div>\n\n\n\n<div class=\"wp-block-column is-layout-flow wp-block-column-is-layout-flow\" style=\"flex-basis:66.66%\">\n<h4 class=\"wp-block-heading\" id=\"lesfrais\">4. R\u00e8glement des frais d&rsquo;adoption<\/h4>\n\n\n\n<p>Nos frais d&rsquo;adoption sont les suivants :<\/p>\n\n\n\n<p><br>&#8211; les chiots (moins d&rsquo;un an) : <strong>320\u20ac<\/strong><br>&#8211; chiens adultes de moins de 7 ans st\u00e9rilis\u00e9s : <strong>300\u20ac<\/strong><br>&#8211; chiens de moins de 7 ans non st\u00e9rilis\u00e9s : <strong>280\u20ac<\/strong><br>&#8211; chiens de 7 \u00e0 12 ans ; chiens handicap\u00e9s ; chiens \u00e0 replacer en urgence apr\u00e8s retour \u00e0 l&rsquo;adoption ; et chiens ayant plus de 3 ans de refuge : <strong>200\u20ac<\/strong><br>&#8211; chiens \u00e2g\u00e9s de plus 12 ans ; chiens lourdement handicap\u00e9s ou paralys\u00e9s : <strong>\u20ac50 + optional donation<\/strong><\/p>\n\n\n\n<p>&#8211; chats \/ chatons (st\u00e9rilis\u00e9s ou pas encore) n\u00e9gatifs au FIV\/FELV : <strong>175\u20ac<\/strong><br>&#8211; chats \/ chatons (st\u00e9rilis\u00e9s ou pas encore), positifs au FIV\/FELV : <strong>50\u20ac<\/strong> <strong>+ don libre<\/strong><\/p>\n\n\n\n<p>Un ch\u00e8que de caution d\u2019une valeur de 500\u20ac vous sera \u00e9galement demand\u00e9 si l\u2019animal que vous adoptez n\u2019est pas encore st\u00e9rilis\u00e9. Il repr\u00e9sente votre engagement \u00e0 faire castrer l\u2019animal si cela n\u2019a pas pu \u00eatre fait avant le voyage (notamment pour les chiots et les chatons). Il ne sera pas encaiss\u00e9 et vous sera restitu\u00e9 lorsque vous nous enverrez une attestation de st\u00e9rilisation faite par votre v\u00e9t\u00e9rinaire.<\/p>\n<\/div>\n<\/div>\n\n\n\n<div class=\"wp-block-columns box-red has-very-light-gray-background-color has-background is-layout-flex wp-container-core-columns-is-layout-9d6595d7 wp-block-columns-is-layout-flex\">\n<div class=\"wp-block-column is-layout-flow wp-block-column-is-layout-flow\" style=\"flex-basis:33.33%\">\n<p>&nbsp;<\/p>\n<\/div>\n\n\n\n<div class=\"wp-block-column is-layout-flow wp-block-column-is-layout-flow\" style=\"flex-basis:66.66%\">\n<h4 class=\"wp-block-heading\" id=\"5-signature-du-contrat-d-adoption-d-accueil\">5. Signature du contrat d&rsquo;adoption \/ d&rsquo;accueil<\/h4>\n\n\n\n<p>Le contrat d&rsquo;adoption ou d&rsquo;accueil vous sera envoy\u00e9 quelques jours avant le rapatriement.<\/p>\n\n\n\n<p>Les chiens et chats qui arrivent de Roumanie sont puc\u00e9s, vaccin\u00e9s (vaccin initial, rappel pour le vaccin polyvalent, vaccin rage, vaccin toux du chenil), st\u00e9rilis\u00e9s dans la mesure du possible et dot\u00e9s d&rsquo;un passeport europ\u00e9en. Un v\u00e9t\u00e9rinaire atteste de leur bonne sant\u00e9 avant leur rapatriement.<\/p>\n<\/div>\n<\/div>\n\n\n\n<div class=\"wp-block-columns box-red has-very-light-gray-background-color has-background is-layout-flex wp-container-core-columns-is-layout-9d6595d7 wp-block-columns-is-layout-flex\">\n<div class=\"wp-block-column is-layout-flow wp-block-column-is-layout-flow\" style=\"flex-basis:33.33%\">\n<p>&nbsp;<\/p>\n<\/div>\n\n\n\n<div class=\"wp-block-column is-layout-flow wp-block-column-is-layout-flow\" style=\"flex-basis:66.66%\">\n<h4 class=\"wp-block-heading\" id=\"6-le-rapatriement-de-l-animal\">6. Le rapatriement de l&rsquo;animal<\/h4>\n\n\n\n<p>Gardez \u00e0 l\u2019esprit que pour rapatrier un animal roumain, nous sommes soumis \u00e0 des contraintes sanitaires, administratives et logistiques ; les d\u00e9lais de rapatriement sont donc susceptibles de varier. Vous pouvez r\u00e9cup\u00e9rer votre loulou dans l\u2019est de la France, en r\u00e9gion parisienne, puis tout au long de la route du sud.<\/p>\n\n\n\n<div class=\"wp-block-buttons is-layout-flex wp-block-buttons-is-layout-flex\">\n<div class=\"wp-block-button button1 m0\"><a class=\"wp-block-button__link wp-element-button\" href=\"https:\/\/remembermefrance.org\/index.php\/nos-rapatriements\/\">Plus d&rsquo;infos sur les rapatriements<\/a><\/div>\n<\/div>\n<\/div>\n<\/div>\n\n\n\n<figure class=\"wp-block-embed aligncenter is-type-video is-provider-youtube wp-block-embed-youtube wp-embed-aspect-16-9 wp-has-aspect-ratio\"><div class=\"wp-block-embed__wrapper\">\n<iframe title=\"J&#039;ADOPTE UN CHIEN DE ROUMANIE\" width=\"843\" height=\"474\" src=\"https:\/\/www.youtube.com\/embed\/c_ruaCHw4-0?feature=oembed\" frameborder=\"0\" allow=\"accelerometer; autoplay; clipboard-write; encrypted-media; gyroscope; picture-in-picture; web-share\" referrerpolicy=\"strict-origin-when-cross-origin\" allowfullscreen><\/iframe>\n<\/div><\/figure>\n\n\n\n<div style=\"height:51px\" aria-hidden=\"true\" class=\"wp-block-spacer\"><\/div>","protected":false},"excerpt":{"rendered":"<p>Merci pour votre int\u00e9r\u00eat envers nos loulous, ils ont vraiment besoin de vous ! Attention : Adopter un animal est un acte qui doit \u00eatre&hellip;<\/p>","protected":false},"author":1,"featured_media":0,"parent":560,"menu_order":0,"comment_status":"closed","ping_status":"closed","template":"","meta":{"cybocfi_hide_featured_image":"","footnotes":""},"class_list":["post-252","page","type-page","status-publish","hentry"],"yoast_head":"<!-- This site is optimized with the Yoast SEO plugin v26.6 - https:\/\/yoast.com\/wordpress\/plugins\/seo\/ -->\n<title>Proc\u00e9dure d&#039;adoption - Association RMF<\/title>\n<meta name=\"robots\" content=\"index, follow, max-snippet:-1, max-image-preview:large, max-video-preview:-1\" \/>\n<link rel=\"canonical\" href=\"https:\/\/remembermefrance.org\/en\/adopter\/procedure-dadoption\/\" \/>\n<meta property=\"og:locale\" content=\"en_GB\" \/>\n<meta property=\"og:type\" content=\"article\" \/>\n<meta property=\"og:title\" content=\"Proc\u00e9dure d&#039;adoption - Association RMF\" \/>\n<meta property=\"og:description\" content=\"Merci pour votre int\u00e9r\u00eat envers nos loulous, ils ont vraiment besoin de vous ! Attention : Adopter un animal est un acte qui doit \u00eatre&hellip;\" \/>\n<meta property=\"og:url\" content=\"https:\/\/remembermefrance.org\/en\/adopter\/procedure-dadoption\/\" \/>\n<meta property=\"og:site_name\" content=\"Association RMF\" \/>\n<meta property=\"article:publisher\" content=\"https:\/\/www.facebook.com\/remembermefrance\" \/>\n<meta property=\"article:modified_time\" content=\"2025-08-30T13:08:27+00:00\" \/>\n<meta property=\"og:image\" content=\"https:\/\/remembermefrance.org\/wp-content\/uploads\/adopter-chiots-1.jpg\" \/>\n\t<meta property=\"og:image:width\" content=\"1920\" \/>\n\t<meta property=\"og:image:height\" content=\"720\" \/>\n\t<meta property=\"og:image:type\" content=\"image\/jpeg\" \/>\n<meta name=\"twitter:card\" content=\"summary_large_image\" \/>\n<meta name=\"twitter:label1\" content=\"Estimated reading time\" \/>\n\t<meta name=\"twitter:data1\" content=\"3 minutes\" \/>\n<script type=\"application\/ld+json\" class=\"yoast-schema-graph\">{\"@context\":\"https:\/\/schema.org\",\"@graph\":[{\"@type\":\"WebPage\",\"@id\":\"https:\/\/remembermefrance.org\/adopter\/procedure-dadoption\/\",\"url\":\"https:\/\/remembermefrance.org\/adopter\/procedure-dadoption\/\",\"name\":\"Proc\u00e9dure d'adoption - Association RMF\",\"isPartOf\":{\"@id\":\"https:\/\/remembermefrance.org\/#website\"},\"datePublished\":\"2020-01-06T19:31:38+00:00\",\"dateModified\":\"2025-08-30T13:08:27+00:00\",\"breadcrumb\":{\"@id\":\"https:\/\/remembermefrance.org\/adopter\/procedure-dadoption\/#breadcrumb\"},\"inLanguage\":\"en-GB\",\"potentialAction\":[{\"@type\":\"ReadAction\",\"target\":[\"https:\/\/remembermefrance.org\/adopter\/procedure-dadoption\/\"]}]},{\"@type\":\"BreadcrumbList\",\"@id\":\"https:\/\/remembermefrance.org\/adopter\/procedure-dadoption\/#breadcrumb\",\"itemListElement\":[{\"@type\":\"ListItem\",\"position\":1,\"name\":\"Accueil\",\"item\":\"https:\/\/remembermefrance.org\/\"},{\"@type\":\"ListItem\",\"position\":2,\"name\":\"Adopter\",\"item\":\"https:\/\/remembermefrance.org\/adopter\/\"},{\"@type\":\"ListItem\",\"position\":3,\"name\":\"Proc\u00e9dure d&rsquo;adoption\"}]},{\"@type\":\"WebSite\",\"@id\":\"https:\/\/remembermefrance.org\/#website\",\"url\":\"https:\/\/remembermefrance.org\/\",\"name\":\"Remember me\",\"description\":\"Adopter un chien roumain\",\"publisher\":{\"@id\":\"https:\/\/remembermefrance.org\/#organization\"},\"potentialAction\":[{\"@type\":\"SearchAction\",\"target\":{\"@type\":\"EntryPoint\",\"urlTemplate\":\"https:\/\/remembermefrance.org\/?s={search_term_string}\"},\"query-input\":{\"@type\":\"PropertyValueSpecification\",\"valueRequired\":true,\"valueName\":\"search_term_string\"}}],\"inLanguage\":\"en-GB\"},{\"@type\":\"Organization\",\"@id\":\"https:\/\/remembermefrance.org\/#organization\",\"name\":\"Remember me\",\"url\":\"https:\/\/remembermefrance.org\/\",\"logo\":{\"@type\":\"ImageObject\",\"inLanguage\":\"en-GB\",\"@id\":\"https:\/\/remembermefrance.org\/#\/schema\/logo\/image\/\",\"url\":\"https:\/\/remembermefrance.org\/wp-content\/uploads\/logo-remember.png\",\"contentUrl\":\"https:\/\/remembermefrance.org\/wp-content\/uploads\/logo-remember.png\",\"width\":325,\"height\":60,\"caption\":\"Remember me\"},\"image\":{\"@id\":\"https:\/\/remembermefrance.org\/#\/schema\/logo\/image\/\"},\"sameAs\":[\"https:\/\/www.facebook.com\/remembermefrance\",\"https:\/\/www.instagram.com\/remembermefrance\/\"]}]}<\/script>\n<!-- \/ Yoast SEO plugin. -->","yoast_head_json":{"title":"Proc\u00e9dure d'adoption - Association RMF","robots":{"index":"index","follow":"follow","max-snippet":"max-snippet:-1","max-image-preview":"max-image-preview:large","max-video-preview":"max-video-preview:-1"},"canonical":"https:\/\/remembermefrance.org\/en\/adopter\/procedure-dadoption\/","og_locale":"en_GB","og_type":"article","og_title":"Proc\u00e9dure d'adoption - Association RMF","og_description":"Merci pour votre int\u00e9r\u00eat envers nos loulous, ils ont vraiment besoin de vous ! Attention : Adopter un animal est un acte qui doit \u00eatre&hellip;","og_url":"https:\/\/remembermefrance.org\/en\/adopter\/procedure-dadoption\/","og_site_name":"Association RMF","article_publisher":"https:\/\/www.facebook.com\/remembermefrance","article_modified_time":"2025-08-30T13:08:27+00:00","og_image":[{"width":1920,"height":720,"url":"https:\/\/remembermefrance.org\/wp-content\/uploads\/adopter-chiots-1.jpg","type":"image\/jpeg"}],"twitter_card":"summary_large_image","twitter_misc":{"Estimated reading time":"3 minutes"},"schema":{"@context":"https:\/\/schema.org","@graph":[{"@type":"WebPage","@id":"https:\/\/remembermefrance.org\/adopter\/procedure-dadoption\/","url":"https:\/\/remembermefrance.org\/adopter\/procedure-dadoption\/","name":"Proc\u00e9dure d'adoption - Association RMF","isPartOf":{"@id":"https:\/\/remembermefrance.org\/#website"},"datePublished":"2020-01-06T19:31:38+00:00","dateModified":"2025-08-30T13:08:27+00:00","breadcrumb":{"@id":"https:\/\/remembermefrance.org\/adopter\/procedure-dadoption\/#breadcrumb"},"inLanguage":"en-GB","potentialAction":[{"@type":"ReadAction","target":["https:\/\/remembermefrance.org\/adopter\/procedure-dadoption\/"]}]},{"@type":"BreadcrumbList","@id":"https:\/\/remembermefrance.org\/adopter\/procedure-dadoption\/#breadcrumb","itemListElement":[{"@type":"ListItem","position":1,"name":"Accueil","item":"https:\/\/remembermefrance.org\/"},{"@type":"ListItem","position":2,"name":"Adopter","item":"https:\/\/remembermefrance.org\/adopter\/"},{"@type":"ListItem","position":3,"name":"Proc\u00e9dure d&rsquo;adoption"}]},{"@type":"WebSite","@id":"https:\/\/remembermefrance.org\/#website","url":"https:\/\/remembermefrance.org\/","name":"Remember me","description":"Adopt a Romanian dog","publisher":{"@id":"https:\/\/remembermefrance.org\/#organization"},"potentialAction":[{"@type":"SearchAction","target":{"@type":"EntryPoint","urlTemplate":"https:\/\/remembermefrance.org\/?s={search_term_string}"},"query-input":{"@type":"PropertyValueSpecification","valueRequired":true,"valueName":"search_term_string"}}],"inLanguage":"en-GB"},{"@type":"Organization","@id":"https:\/\/remembermefrance.org\/#organization","name":"Remember me","url":"https:\/\/remembermefrance.org\/","logo":{"@type":"ImageObject","inLanguage":"en-GB","@id":"https:\/\/remembermefrance.org\/#\/schema\/logo\/image\/","url":"https:\/\/remembermefrance.org\/wp-content\/uploads\/logo-remember.png","contentUrl":"https:\/\/remembermefrance.org\/wp-content\/uploads\/logo-remember.png","width":325,"height":60,"caption":"Remember me"},"image":{"@id":"https:\/\/remembermefrance.org\/#\/schema\/logo\/image\/"},"sameAs":["https:\/\/www.facebook.com\/remembermefrance","https:\/\/www.instagram.com\/remembermefrance\/"]}]}},"_links":{"self":[{"href":"https:\/\/remembermefrance.org\/en\/wp-json\/wp\/v2\/pages\/252","targetHints":{"allow":["GET"]}}],"collection":[{"href":"https:\/\/remembermefrance.org\/en\/wp-json\/wp\/v2\/pages"}],"about":[{"href":"https:\/\/remembermefrance.org\/en\/wp-json\/wp\/v2\/types\/page"}],"author":[{"embeddable":true,"href":"https:\/\/remembermefrance.org\/en\/wp-json\/wp\/v2\/users\/1"}],"replies":[{"embeddable":true,"href":"https:\/\/remembermefrance.org\/en\/wp-json\/wp\/v2\/comments?post=252"}],"version-history":[{"count":0,"href":"https:\/\/remembermefrance.org\/en\/wp-json\/wp\/v2\/pages\/252\/revisions"}],"up":[{"embeddable":true,"href":"https:\/\/remembermefrance.org\/en\/wp-json\/wp\/v2\/pages\/560"}],"wp:attachment":[{"href":"https:\/\/remembermefrance.org\/en\/wp-json\/wp\/v2\/media?parent=252"}],"curies":[{"name":"wp","href":"https:\/\/api.w.org\/{rel}","templated":true}]}}