{"id":548,"date":"2020-05-15T20:53:36","date_gmt":"2020-05-15T18:53:36","guid":{"rendered":"https:\/\/remembermefrance.org\/?page_id=548"},"modified":"2026-03-14T22:18:45","modified_gmt":"2026-03-14T21:18:45","slug":"donner","status":"publish","type":"page","link":"https:\/\/remembermefrance.org\/en\/agir\/donner\/","title":{"rendered":"Donate"},"content":{"rendered":"<div class=\"wp-block-cover alignfull alignfull1\" style=\"min-height:407px;aspect-ratio:unset;\"><img decoding=\"async\" width=\"800\" height=\"533\" class=\"wp-block-cover__image-background wp-image-10551\" alt=\"\" src=\"https:\/\/remembermefrance.org\/wp-content\/uploads\/juliet17.jpg\" style=\"object-position:58% 55%\" data-object-fit=\"cover\" data-object-position=\"58% 55%\" srcset=\"https:\/\/remembermefrance.org\/wp-content\/uploads\/juliet17.jpg 800w, https:\/\/remembermefrance.org\/wp-content\/uploads\/juliet17-300x200.jpg 300w, https:\/\/remembermefrance.org\/wp-content\/uploads\/juliet17-500x333.jpg 500w, https:\/\/remembermefrance.org\/wp-content\/uploads\/juliet17-768x512.jpg 768w, https:\/\/remembermefrance.org\/wp-content\/uploads\/juliet17-360x240.jpg 360w\" sizes=\"(max-width: 800px) 100vw, 800px\" \/><span aria-hidden=\"true\" class=\"wp-block-cover__background has-background-dim-0 has-background-dim\"><\/span><div class=\"wp-block-cover__inner-container is-layout-flow wp-block-cover-is-layout-flow\">\n<h2 class=\"wp-block-heading has-text-align-center\" style=\"font-size:49px\">Donate<\/h2>\n<\/div><\/div>\n\n\n\n<h2 class=\"wp-block-heading\">Via HelloAsso<\/h2>\n\n\n\n<p>Vous pouvez effectuer un don via CB \/ Apple Pay via Helloasso, sans frais ni pour vous, ni pour nous.<\/p>\n\n\n\n<iframe\n  id=\"haWidget\"\n  allowtransparency=\"true\"\n  scrolling=\"auto\"\n  src=\"https:\/\/www.helloasso.com\/associations\/association-remember-me\/collectes\/l-envers-du-sauvetage\/widget\"\n  style=\"width: 100%; height: 750px; border: none; display: block;\"\n  onload=\"(function(iframe){    if (iframe.dataset.listenerAttached === '1') return;    iframe.dataset.listenerAttached = '1';    window.addEventListener('message', function(e) {      if (e.origin !== 'https:\/\/www.helloasso.com') return;      if (e.source !== iframe.contentWindow) return;      if (!e.data || typeof e.data.height === 'undefined') return;      var newHeight = parseInt(e.data.height, 10);      if (!isFinite(newHeight)) return;      var minHeight = 750;      var maxHeight = 2200;      newHeight = Math.max(minHeight, Math.min(newHeight, maxHeight));      iframe.style.height = newHeight + 'px';    }, false);  })(this)\"\n><\/iframe>\n\n\n\n<hr class=\"wp-block-separator has-alpha-channel-opacity\"\/>\n\n\n\n<div class=\"wp-block-columns is-layout-flex wp-container-core-columns-is-layout-9d6595d7 wp-block-columns-is-layout-flex\">\n<div class=\"wp-block-column is-layout-flow wp-block-column-is-layout-flow\">\n<p><strong>Without you, the association cannot survive.<\/strong><\/p>\n\n\n\n<p>If you would like to donate to Remember Me, several options are available.<\/p>\n\n\n\n<p><strong>Your donations are tax deductible at 66%, as our association is recognized as serving the general interest.<\/strong><\/p>\n\n\n\n<h4 class=\"wp-block-heading\">Thank you!<\/h4>\n<\/div>\n\n\n\n<div class=\"wp-block-column is-layout-flow wp-block-column-is-layout-flow\">\n<figure class=\"wp-block-image size-large\"><img decoding=\"async\" width=\"200\" height=\"253\" src=\"https:\/\/remembermefrance.org\/wp-content\/uploads\/interetgeneral.png\" alt=\"\" class=\"wp-image-1256\"\/><\/figure>\n<\/div>\n<\/div>\n\n\n\n<div style=\"height:23px\" aria-hidden=\"true\" class=\"wp-block-spacer\"><\/div>\n\n\n\n<div class=\"wp-block-columns is-layout-flex wp-container-core-columns-is-layout-9d6595d7 wp-block-columns-is-layout-flex\">\n<div class=\"wp-block-column is-layout-flow wp-block-column-is-layout-flow\">\n<h4 class=\"wp-block-heading\">Via PayPal<\/h4>\n\n\n<!-- Begin PayPal Donations by https:\/\/www.tipsandtricks-hq.com\/paypal-donations-widgets-plugin -->\n\n<form action=\"https:\/\/www.paypal.com\/cgi-bin\/webscr\" method=\"post\" target=\"_blank\">\n    <div class=\"paypal-donations\">\n        <input type=\"hidden\" name=\"cmd\" value=\"_donations\" \/>\n        <input type=\"hidden\" name=\"bn\" value=\"TipsandTricks_SP\" \/>\n        <input type=\"hidden\" name=\"business\" value=\"assorememberme@gmail.com\" \/>\n        <input type=\"hidden\" name=\"item_name\" value=\"Spline Importer\" \/>\n        <input type=\"hidden\" name=\"item_number\" value=\"LW3D Plugins\" \/>\n        <input type=\"hidden\" name=\"rm\" value=\"0\" \/>\n        <input type=\"hidden\" name=\"currency_code\" value=\"EUR\" \/>\n        <input type=\"image\" style=\"cursor: pointer;\" src=\"https:\/\/www.paypalobjects.com\/fr_FR\/FR\/i\/btn\/btn_donateCC_LG.gif\" name=\"submit\" alt=\"PayPal - The safer, easier way to pay online.\" \/>\n        <img decoding=\"async\" alt=\"\" src=\"https:\/\/www.paypalobjects.com\/en_US\/i\/scr\/pixel.gif\" width=\"1\" height=\"1\" \/>\n    <\/div>\n<\/form>\n<!-- End PayPal Donations -->\n\n<\/div>\n\n\n\n<div class=\"wp-block-column is-layout-flow wp-block-column-is-layout-flow\">\n<h4 class=\"wp-block-heading\">Using a cheque<\/h4>\n\n\n\n<p>Send us an email at contact@remembermefrance.org to get the address to send your check.<\/p>\n<\/div>\n\n\n\n<div class=\"wp-block-column is-layout-flow wp-block-column-is-layout-flow\">\n<h4 class=\"wp-block-heading\">Via a bank transfer<\/h4>\n\n\n\n<p>You can make a transfer directly to the association's account:<\/p>\n\n\n\n<figure class=\"wp-block-image size-large\"><a href=\"https:\/\/remembermefrance.org\/wp-content\/uploads\/captur10.jpg\"><img decoding=\"async\" src=\"https:\/\/remembermefrance.org\/wp-content\/uploads\/captur10-500x256.jpg\" alt=\"\" class=\"wp-image-1242\"\/><\/a><\/figure>\n<\/div>\n<\/div>\n\n\n\n<div class=\"wp-block-columns alignfull alignfull1 has-background is-layout-flex wp-container-core-columns-is-layout-9d6595d7 wp-block-columns-is-layout-flex\" style=\"background-color:#8dd2fc82\">\n<div class=\"wp-block-column is-layout-flow wp-block-column-is-layout-flow\" style=\"flex-basis:25%\"><\/div>\n\n\n\n<div class=\"wp-block-column is-vertically-aligned-center is-layout-flow wp-block-column-is-layout-flow\" style=\"flex-basis:50%\">\n<div class=\"wp-block-columns is-layout-flex wp-container-core-columns-is-layout-9d6595d7 wp-block-columns-is-layout-flex\">\n<div class=\"wp-block-column is-layout-flow wp-block-column-is-layout-flow\">\n<h2 class=\"wp-block-heading\">Teaming<\/h2>\n\n\n\n<p><strong>Sign up to our Teaming group to donate \u20ac1 per month and encourage your loved ones to do the same!<\/strong><\/p>\n\n\n\n<div class=\"wp-block-buttons is-layout-flex wp-block-buttons-is-layout-flex\">\n<div class=\"wp-block-button button1\"><a class=\"wp-block-button__link wp-element-button\" href=\"https:\/\/www.teaming.net\/associationrememberme-sesouveniretagir\" target=\"_blank\" rel=\"noreferrer noopener\">Go to Teaming Group<\/a><\/div>\n<\/div>\n\n\n\n<p><\/p>\n\n\n\n<p><strong>What is Teaming?<\/strong><\/p>\n\n\n\n<p>Teaming is an online platform for raising funds for social causes (like our association) <strong>through micro-donations of \u20ac1 per month<\/strong>.<\/p>\n<\/div>\n\n\n\n<div class=\"wp-block-column is-layout-flow wp-block-column-is-layout-flow\">\n<p><\/p>\n\n\n\n<p>The Teaming philosophy is based on the idea that \u20ac1 alone is not very useful, but that if we join forces, we can achieve great things. <\/p>\n\n\n\n<p>The Remember Me association's Facebook page has 46,000 followers. Imagine if everyone gave \u20ac1\/month!<\/p>\n\n\n\n<figure class=\"wp-block-image size-medium is-style-rounded\"><a href=\"https:\/\/www.teaming.net\/associationrememberme-sesouveniretagir\" target=\"_blank\" rel=\"noreferrer noopener\"><img decoding=\"async\" width=\"300\" height=\"102\" src=\"https:\/\/remembermefrance.org\/wp-content\/uploads\/Logo-Teaming-2-300x102.png\" alt=\"\" class=\"wp-image-62012\" srcset=\"https:\/\/remembermefrance.org\/wp-content\/uploads\/Logo-Teaming-2-300x102.png 300w, https:\/\/remembermefrance.org\/wp-content\/uploads\/Logo-Teaming-2-500x169.png 500w, https:\/\/remembermefrance.org\/wp-content\/uploads\/Logo-Teaming-2-18x6.png 18w, https:\/\/remembermefrance.org\/wp-content\/uploads\/Logo-Teaming-2-360x122.png 360w, https:\/\/remembermefrance.org\/wp-content\/uploads\/Logo-Teaming-2.png 744w\" sizes=\"(max-width: 300px) 100vw, 300px\" \/><\/a><\/figure>\n<\/div>\n<\/div>\n<\/div>\n\n\n\n<div class=\"wp-block-column is-layout-flow wp-block-column-is-layout-flow\" style=\"flex-basis:25%\"><\/div>\n<\/div>\n\n\n\n<h2 class=\"wp-block-heading\">Donations of equipment<\/h2>\n\n\n\n<div class=\"wp-block-columns is-layout-flex wp-container-core-columns-is-layout-9d6595d7 wp-block-columns-is-layout-flex\">\n<div class=\"wp-block-column is-layout-flow wp-block-column-is-layout-flow\">\n<p>We are sometimes asked what we can offer to help the shelter. Here is a list of what we need:<\/p>\n\n\n\n<ul class=\"wp-block-list\">\n<li>medical and veterinary equipment: stainless steel boxes, compresses, sterile fields, gloves, disinfectant, antiparasitics, dewormers, other medicines for animals, etc.<\/li>\n\n\n\n<li>transport crates and cages, all types, and kennels<\/li>\n\n\n\n<li>cushions, baskets, pillows, plastic baskets<\/li>\n\n\n\n<li>bowls, specifically inox bowls and the \"wheel\" type ones for puppies<\/li>\n\n\n\n<li>al\u00e8ses<\/li>\n\n\n\n<li>harnesses, collars, leashes<\/li>\n\n\n\n<li>food: dry or wet, for dogs or cats - specifically food for puppies<\/li>\n\n\n\n<li>professional disinfectant products like saniterpen<\/li>\n<\/ul>\n\n\n\n<p>Vous pouvez nous amener ce que vous souhaitez donner \u00e0 nos diff\u00e9rents points de collecte situ\u00e9s \u00e0 Orbey et Robion, ou encore aux points de&nbsp;<a href=\"\/en\/adopter\/nos-rapatriements\/\">rehoming trips<\/a>&nbsp;when the truck is passing by. Do not hesitate to&nbsp;<a href=\"https:\/\/remembermefrance.org\/index.php\/contact\/\">contacter<\/a>&nbsp;to let us know in advance, and thank you very much!<\/p>\n<\/div>\n\n\n\n<div class=\"wp-block-column is-layout-flow wp-block-column-is-layout-flow\">\n<figure class=\"wp-block-image size-large\"><a href=\"https:\/\/remembermefrance.org\/wp-content\/uploads\/127844277_647392585954663_1409234246124575435_n.jpg\"><img decoding=\"async\" width=\"500\" height=\"280\" src=\"https:\/\/remembermefrance.org\/wp-content\/uploads\/127844277_647392585954663_1409234246124575435_n-500x280.jpg\" alt=\"\" class=\"wp-image-3486\" srcset=\"https:\/\/remembermefrance.org\/wp-content\/uploads\/127844277_647392585954663_1409234246124575435_n-500x280.jpg 500w, https:\/\/remembermefrance.org\/wp-content\/uploads\/127844277_647392585954663_1409234246124575435_n-300x168.jpg 300w, https:\/\/remembermefrance.org\/wp-content\/uploads\/127844277_647392585954663_1409234246124575435_n-768x430.jpg 768w, https:\/\/remembermefrance.org\/wp-content\/uploads\/127844277_647392585954663_1409234246124575435_n-360x202.jpg 360w, https:\/\/remembermefrance.org\/wp-content\/uploads\/127844277_647392585954663_1409234246124575435_n.jpg 800w\" sizes=\"(max-width: 500px) 100vw, 500px\" \/><\/a><\/figure>\n<\/div>\n<\/div>","protected":false},"excerpt":{"rendered":"<p>Via HelloAsso Vous pouvez effectuer un don via CB \/ Apple Pay via Helloasso, sans frais ni pour vous, ni pour nous. Sans vous, l&rsquo;association&hellip;<\/p>","protected":false},"author":5,"featured_media":0,"parent":802,"menu_order":0,"comment_status":"closed","ping_status":"closed","template":"","meta":{"cybocfi_hide_featured_image":"","footnotes":""},"class_list":["post-548","page","type-page","status-publish","hentry"],"yoast_head":"<!-- This site is optimized with the Yoast SEO plugin v26.6 - https:\/\/yoast.com\/wordpress\/plugins\/seo\/ -->\n<title>Donner - Association RMF<\/title>\n<meta name=\"robots\" content=\"index, follow, max-snippet:-1, max-image-preview:large, max-video-preview:-1\" \/>\n<link rel=\"canonical\" href=\"https:\/\/remembermefrance.org\/en\/agir\/donner\/\" \/>\n<meta property=\"og:locale\" content=\"en_GB\" \/>\n<meta property=\"og:type\" content=\"article\" \/>\n<meta property=\"og:title\" content=\"Donner - Association RMF\" \/>\n<meta property=\"og:description\" content=\"Via HelloAsso Vous pouvez effectuer un don via CB \/ Apple Pay via Helloasso, sans frais ni pour vous, ni pour nous. Sans vous, l&rsquo;association&hellip;\" \/>\n<meta property=\"og:url\" content=\"https:\/\/remembermefrance.org\/en\/agir\/donner\/\" \/>\n<meta property=\"og:site_name\" content=\"Association RMF\" \/>\n<meta property=\"article:publisher\" content=\"https:\/\/www.facebook.com\/remembermefrance\" \/>\n<meta property=\"article:modified_time\" content=\"2026-03-14T21:18:45+00:00\" \/>\n<meta property=\"og:image\" content=\"https:\/\/remembermefrance.org\/wp-content\/uploads\/juliet17.jpg\" \/>\n\t<meta property=\"og:image:width\" content=\"800\" \/>\n\t<meta property=\"og:image:height\" content=\"533\" \/>\n\t<meta property=\"og:image:type\" content=\"image\/jpeg\" \/>\n<meta name=\"twitter:card\" content=\"summary_large_image\" \/>\n<meta name=\"twitter:label1\" content=\"Estimated reading time\" \/>\n\t<meta name=\"twitter:data1\" content=\"3 minutes\" \/>\n<script type=\"application\/ld+json\" class=\"yoast-schema-graph\">{\"@context\":\"https:\/\/schema.org\",\"@graph\":[{\"@type\":\"WebPage\",\"@id\":\"https:\/\/remembermefrance.org\/agir\/donner\/\",\"url\":\"https:\/\/remembermefrance.org\/agir\/donner\/\",\"name\":\"Donner - Association RMF\",\"isPartOf\":{\"@id\":\"https:\/\/remembermefrance.org\/#website\"},\"primaryImageOfPage\":{\"@id\":\"https:\/\/remembermefrance.org\/agir\/donner\/#primaryimage\"},\"image\":{\"@id\":\"https:\/\/remembermefrance.org\/agir\/donner\/#primaryimage\"},\"thumbnailUrl\":\"https:\/\/remembermefrance.org\/wp-content\/uploads\/juliet17.jpg\",\"datePublished\":\"2020-05-15T18:53:36+00:00\",\"dateModified\":\"2026-03-14T21:18:45+00:00\",\"breadcrumb\":{\"@id\":\"https:\/\/remembermefrance.org\/agir\/donner\/#breadcrumb\"},\"inLanguage\":\"en-GB\",\"potentialAction\":[{\"@type\":\"ReadAction\",\"target\":[\"https:\/\/remembermefrance.org\/agir\/donner\/\"]}]},{\"@type\":\"ImageObject\",\"inLanguage\":\"en-GB\",\"@id\":\"https:\/\/remembermefrance.org\/agir\/donner\/#primaryimage\",\"url\":\"https:\/\/remembermefrance.org\/wp-content\/uploads\/juliet17.jpg\",\"contentUrl\":\"https:\/\/remembermefrance.org\/wp-content\/uploads\/juliet17.jpg\"},{\"@type\":\"BreadcrumbList\",\"@id\":\"https:\/\/remembermefrance.org\/agir\/donner\/#breadcrumb\",\"itemListElement\":[{\"@type\":\"ListItem\",\"position\":1,\"name\":\"Accueil\",\"item\":\"https:\/\/remembermefrance.org\/\"},{\"@type\":\"ListItem\",\"position\":2,\"name\":\"Agir\",\"item\":\"https:\/\/remembermefrance.org\/agir\/\"},{\"@type\":\"ListItem\",\"position\":3,\"name\":\"Donner\"}]},{\"@type\":\"WebSite\",\"@id\":\"https:\/\/remembermefrance.org\/#website\",\"url\":\"https:\/\/remembermefrance.org\/\",\"name\":\"Remember me\",\"description\":\"Adopter un chien roumain\",\"publisher\":{\"@id\":\"https:\/\/remembermefrance.org\/#organization\"},\"potentialAction\":[{\"@type\":\"SearchAction\",\"target\":{\"@type\":\"EntryPoint\",\"urlTemplate\":\"https:\/\/remembermefrance.org\/?s={search_term_string}\"},\"query-input\":{\"@type\":\"PropertyValueSpecification\",\"valueRequired\":true,\"valueName\":\"search_term_string\"}}],\"inLanguage\":\"en-GB\"},{\"@type\":\"Organization\",\"@id\":\"https:\/\/remembermefrance.org\/#organization\",\"name\":\"Remember me\",\"url\":\"https:\/\/remembermefrance.org\/\",\"logo\":{\"@type\":\"ImageObject\",\"inLanguage\":\"en-GB\",\"@id\":\"https:\/\/remembermefrance.org\/#\/schema\/logo\/image\/\",\"url\":\"https:\/\/remembermefrance.org\/wp-content\/uploads\/logo-remember.png\",\"contentUrl\":\"https:\/\/remembermefrance.org\/wp-content\/uploads\/logo-remember.png\",\"width\":325,\"height\":60,\"caption\":\"Remember me\"},\"image\":{\"@id\":\"https:\/\/remembermefrance.org\/#\/schema\/logo\/image\/\"},\"sameAs\":[\"https:\/\/www.facebook.com\/remembermefrance\",\"https:\/\/www.instagram.com\/remembermefrance\/\"]}]}<\/script>\n<!-- \/ Yoast SEO plugin. -->","yoast_head_json":{"title":"Donner - Association RMF","robots":{"index":"index","follow":"follow","max-snippet":"max-snippet:-1","max-image-preview":"max-image-preview:large","max-video-preview":"max-video-preview:-1"},"canonical":"https:\/\/remembermefrance.org\/en\/agir\/donner\/","og_locale":"en_GB","og_type":"article","og_title":"Donner - Association RMF","og_description":"Via HelloAsso Vous pouvez effectuer un don via CB \/ Apple Pay via Helloasso, sans frais ni pour vous, ni pour nous. Sans vous, l&rsquo;association&hellip;","og_url":"https:\/\/remembermefrance.org\/en\/agir\/donner\/","og_site_name":"Association RMF","article_publisher":"https:\/\/www.facebook.com\/remembermefrance","article_modified_time":"2026-03-14T21:18:45+00:00","og_image":[{"width":800,"height":533,"url":"https:\/\/remembermefrance.org\/wp-content\/uploads\/juliet17.jpg","type":"image\/jpeg"}],"twitter_card":"summary_large_image","twitter_misc":{"Estimated reading time":"3 minutes"},"schema":{"@context":"https:\/\/schema.org","@graph":[{"@type":"WebPage","@id":"https:\/\/remembermefrance.org\/agir\/donner\/","url":"https:\/\/remembermefrance.org\/agir\/donner\/","name":"Donner - Association RMF","isPartOf":{"@id":"https:\/\/remembermefrance.org\/#website"},"primaryImageOfPage":{"@id":"https:\/\/remembermefrance.org\/agir\/donner\/#primaryimage"},"image":{"@id":"https:\/\/remembermefrance.org\/agir\/donner\/#primaryimage"},"thumbnailUrl":"https:\/\/remembermefrance.org\/wp-content\/uploads\/juliet17.jpg","datePublished":"2020-05-15T18:53:36+00:00","dateModified":"2026-03-14T21:18:45+00:00","breadcrumb":{"@id":"https:\/\/remembermefrance.org\/agir\/donner\/#breadcrumb"},"inLanguage":"en-GB","potentialAction":[{"@type":"ReadAction","target":["https:\/\/remembermefrance.org\/agir\/donner\/"]}]},{"@type":"ImageObject","inLanguage":"en-GB","@id":"https:\/\/remembermefrance.org\/agir\/donner\/#primaryimage","url":"https:\/\/remembermefrance.org\/wp-content\/uploads\/juliet17.jpg","contentUrl":"https:\/\/remembermefrance.org\/wp-content\/uploads\/juliet17.jpg"},{"@type":"BreadcrumbList","@id":"https:\/\/remembermefrance.org\/agir\/donner\/#breadcrumb","itemListElement":[{"@type":"ListItem","position":1,"name":"Accueil","item":"https:\/\/remembermefrance.org\/"},{"@type":"ListItem","position":2,"name":"Agir","item":"https:\/\/remembermefrance.org\/agir\/"},{"@type":"ListItem","position":3,"name":"Donner"}]},{"@type":"WebSite","@id":"https:\/\/remembermefrance.org\/#website","url":"https:\/\/remembermefrance.org\/","name":"Remember me","description":"Adopt a Romanian dog","publisher":{"@id":"https:\/\/remembermefrance.org\/#organization"},"potentialAction":[{"@type":"SearchAction","target":{"@type":"EntryPoint","urlTemplate":"https:\/\/remembermefrance.org\/?s={search_term_string}"},"query-input":{"@type":"PropertyValueSpecification","valueRequired":true,"valueName":"search_term_string"}}],"inLanguage":"en-GB"},{"@type":"Organization","@id":"https:\/\/remembermefrance.org\/#organization","name":"Remember me","url":"https:\/\/remembermefrance.org\/","logo":{"@type":"ImageObject","inLanguage":"en-GB","@id":"https:\/\/remembermefrance.org\/#\/schema\/logo\/image\/","url":"https:\/\/remembermefrance.org\/wp-content\/uploads\/logo-remember.png","contentUrl":"https:\/\/remembermefrance.org\/wp-content\/uploads\/logo-remember.png","width":325,"height":60,"caption":"Remember me"},"image":{"@id":"https:\/\/remembermefrance.org\/#\/schema\/logo\/image\/"},"sameAs":["https:\/\/www.facebook.com\/remembermefrance","https:\/\/www.instagram.com\/remembermefrance\/"]}]}},"_links":{"self":[{"href":"https:\/\/remembermefrance.org\/en\/wp-json\/wp\/v2\/pages\/548","targetHints":{"allow":["GET"]}}],"collection":[{"href":"https:\/\/remembermefrance.org\/en\/wp-json\/wp\/v2\/pages"}],"about":[{"href":"https:\/\/remembermefrance.org\/en\/wp-json\/wp\/v2\/types\/page"}],"author":[{"embeddable":true,"href":"https:\/\/remembermefrance.org\/en\/wp-json\/wp\/v2\/users\/5"}],"replies":[{"embeddable":true,"href":"https:\/\/remembermefrance.org\/en\/wp-json\/wp\/v2\/comments?post=548"}],"version-history":[{"count":9,"href":"https:\/\/remembermefrance.org\/en\/wp-json\/wp\/v2\/pages\/548\/revisions"}],"predecessor-version":[{"id":101174,"href":"https:\/\/remembermefrance.org\/en\/wp-json\/wp\/v2\/pages\/548\/revisions\/101174"}],"up":[{"embeddable":true,"href":"https:\/\/remembermefrance.org\/en\/wp-json\/wp\/v2\/pages\/802"}],"wp:attachment":[{"href":"https:\/\/remembermefrance.org\/en\/wp-json\/wp\/v2\/media?parent=548"}],"curies":[{"name":"wp","href":"https:\/\/api.w.org\/{rel}","templated":true}]}}