{"id":550,"date":"2020-05-15T20:53:37","date_gmt":"2020-05-15T18:53:37","guid":{"rendered":"https:\/\/remembermefrance.org\/?page_id=550"},"modified":"2025-09-17T10:50:20","modified_gmt":"2025-09-17T08:50:20","slug":"devenir-famille-daccueil","status":"publish","type":"page","link":"https:\/\/remembermefrance.org\/en\/agir\/devenir-famille-daccueil\/","title":{"rendered":"Become a foster family"},"content":{"rendered":"<div class=\"n2_clear\"><ss3-force-full-width data-overflow-x=\"body\" data-horizontal-selector=\"body\"><div class=\"n2-section-smartslider fitvidsignore  n2_clear\" data-ssid=\"14\"><div class=\"n2-ss-margin\" style=\"margin: -35px 0px 0px 0px;\"><div id=\"n2-ss-14-align\" class=\"n2-ss-align\"><div class=\"n2-padding\"><div id=\"n2-ss-14\" data-creator=\"Smart Slider 3\" data-responsive=\"fullwidth\" class=\"n2-ss-slider n2-ow n2-has-hover n2notransition\">\n        <div class=\"n2-ss-slider-1 n2-ow\">\n            <div class=\"n2-ss-slider-2 n2-ow\">\n                <div class=\"n2-ss-slide-backgrounds n2-ow-all\"><div class=\"n2-ss-slide-background\" data-public-id=\"1\" data-mode=\"fill\"><div class=\"n2-ss-slide-background-image\" data-blur=\"0\" data-opacity=\"100\" data-x=\"50\" data-y=\"50\" data-alt=\"\" data-title=\"\"><picture class=\"skip-lazy\" data-skip-lazy=\"1\"><img decoding=\"async\" src=\"\/\/remembermefrance.org\/wp-content\/uploads\/devenir-famille-accueil.jpg\" alt=\"\" title=\"\" loading=\"lazy\" class=\"skip-lazy\" data-skip-lazy=\"1\"><\/picture><\/div><div data-color=\"RGBA(255,255,255,0)\" style=\"background-color: RGBA(255,255,255,0);\" class=\"n2-ss-slide-background-color\"><\/div><\/div><\/div>                <div class=\"n2-ss-slider-3 n2-ow\">\n                    <svg xmlns=\"http:\/\/www.w3.org\/2000\/svg\" viewbox=\"0 0 1200 550\" data-related-device=\"desktopPortrait\" class=\"n2-ow n2-ss-preserve-size n2-ss-preserve-size--slider n2-ss-slide-limiter\"><\/svg><div data-first=\"1\" data-slide-duration=\"0\" data-id=\"33\" data-slide-public-id=\"1\" data-title=\"association-protection-animaux\" class=\"n2-ss-slide n2-ow  n2-ss-slide-33\"><div role=\"note\" class=\"n2-ss-slide--focus\" tabindex=\"-1\">association-protection-animaux<\/div><div class=\"n2-ss-layers-container n2-ss-slide-limiter n2-ow\"><div class=\"n2-ss-layer n2-ow n-uc-exj9JxqDaGhW\" data-sstype=\"slide\" data-pm=\"default\"><div class=\"n2-ss-layer n2-ow n-uc-fXx9vLVbrFNE\" data-pm=\"default\" data-sstype=\"content\" data-hasbackground=\"0\"><div class=\"n2-ss-section-main-content n2-ss-layer-with-background n2-ss-layer-content n2-ow n-uc-fXx9vLVbrFNE-inner\"><div class=\"n2-ss-layer n2-ow n-uc-avz1uqsXjRyc\" data-pm=\"normal\" data-animv2=\"{&quot;basic&quot;:{&quot;in&quot;:{&quot;type&quot;:&quot;basic&quot;,&quot;name&quot;:&quot;Gauche&quot;,&quot;keyFrames&quot;:[{&quot;x&quot;:400}]}}}\" data-sstype=\"layer\"><div id=\"n2-ss-14item1\" class=\"n2-font-5ecae6306fdc95a3b1aeb89f2299a425-hover n2-style-70db088817768146cc836a0c2ce1d6e0-heading   n2-ss-item-content n2-ss-text n2-ow\" style=\"display:block;\">Become a foster family<\/div><\/div><\/div><\/div><\/div><\/div><\/div>                <\/div>\n                            <\/div>\n        <\/div>\n        <\/div><ss3-loader><\/ss3-loader><\/div><\/div><div class=\"n2_clear\"><\/div><\/div><\/div><\/ss3-force-full-width><\/div>\n\n\n<div style=\"height:23px\" aria-hidden=\"true\" class=\"wp-block-spacer\"><\/div>\n\n\n\n<div class=\"wp-block-columns is-layout-flex wp-container-core-columns-is-layout-9d6595d7 wp-block-columns-is-layout-flex\">\n<div class=\"wp-block-column is-layout-flow wp-block-column-is-layout-flow\">\n<p>Aller en famille d\u2019accueil est une fabuleuse opportunit\u00e9 pour nos chiens et nos chats. Vous adorez les animaux, mais vous ne pouvez\/voulez pas vous investir aupr\u00e8s d\u2019eux sur le long terme ? Vous aimez l&rsquo;id\u00e9e de \u00ab\u00a0faire tremplin\u00a0\u00bb en proposant un cadre de vie familial et chaleureux \u00e0 un ou plusieurs loulous, jusqu&rsquo;\u00e0 ce qu&rsquo;ils trouvent des ma\u00eetres parfaits pour eux ? Alors faire famille d\u2019accueil est \u00e9galement une bonne alternative pour vous.<\/p>\n\n\n\n<p>Wat is a host family? It is a temporary home, where an animal has the change to be loved and pampered while waiting to find its forever home. As a host family, your role consists of familiarizing your foster dog\/cat with a daily routine, and to educate, socialize, desensitize and protect him or her, as well as help the association to promote the animal around you to make sure he\/she finds a home of their own. <\/p>\n\n\n\n<p>Remember Me takes care of any veterinary costs, but you must contact us before scheduling an appointment with a healthcare professional (except in the case of an extreme urgency). Food and accessories are at your expense. <\/p>\n\n\n\n<p>At a minimum, you are requested to share updates regarding your foster dog\/cat once per month, which will help us to find him\/her a home that is appropriate considering his\/her nature and needs. <\/p>\n\n\n\n<figure class=\"wp-block-image size-large\"><a href=\"https:\/\/remembermefrance.org\/wp-content\/uploads\/dsc_0477-1.jpg\"><img decoding=\"async\" width=\"500\" height=\"333\" src=\"https:\/\/remembermefrance.org\/wp-content\/uploads\/dsc_0477-1-500x333.jpg\" alt=\"\" class=\"wp-image-14320\" srcset=\"https:\/\/remembermefrance.org\/wp-content\/uploads\/dsc_0477-1-500x333.jpg 500w, https:\/\/remembermefrance.org\/wp-content\/uploads\/dsc_0477-1-300x200.jpg 300w, https:\/\/remembermefrance.org\/wp-content\/uploads\/dsc_0477-1-768x512.jpg 768w, https:\/\/remembermefrance.org\/wp-content\/uploads\/dsc_0477-1-1536x1024.jpg 1536w, https:\/\/remembermefrance.org\/wp-content\/uploads\/dsc_0477-1-2048x1366.jpg 2048w, https:\/\/remembermefrance.org\/wp-content\/uploads\/dsc_0477-1-16x12.jpg 16w, https:\/\/remembermefrance.org\/wp-content\/uploads\/dsc_0477-1-360x240.jpg 360w\" sizes=\"(max-width: 500px) 100vw, 500px\" \/><\/a><figcaption class=\"wp-element-caption\"><a rel=\"noreferrer noopener\" href=\"https:\/\/remembermefrance.org\/en\/pets\/gump\/\" data-type=\"pets\" data-id=\"5916\" target=\"_blank\">Gump<\/a> chez Pauline<\/figcaption><\/figure>\n<\/div>\n\n\n\n<div class=\"wp-block-column is-layout-flow wp-block-column-is-layout-flow\">\n<figure class=\"wp-block-image size-large\"><a href=\"https:\/\/remembermefrance.org\/wp-content\/uploads\/img_7116-1.jpg\"><img decoding=\"async\" width=\"500\" height=\"333\" src=\"https:\/\/remembermefrance.org\/wp-content\/uploads\/img_7116-1-500x333.jpg\" alt=\"\" class=\"wp-image-14318\" srcset=\"https:\/\/remembermefrance.org\/wp-content\/uploads\/img_7116-1-500x333.jpg 500w, https:\/\/remembermefrance.org\/wp-content\/uploads\/img_7116-1-300x200.jpg 300w, https:\/\/remembermefrance.org\/wp-content\/uploads\/img_7116-1-768x512.jpg 768w, https:\/\/remembermefrance.org\/wp-content\/uploads\/img_7116-1-16x12.jpg 16w, https:\/\/remembermefrance.org\/wp-content\/uploads\/img_7116-1-360x240.jpg 360w, https:\/\/remembermefrance.org\/wp-content\/uploads\/img_7116-1.jpg 800w\" sizes=\"(max-width: 500px) 100vw, 500px\" \/><\/a><figcaption class=\"wp-element-caption\">Feunard chez Reija<\/figcaption><\/figure>\n\n\n\n<p>Your opinion will be taken into account when your foster receives an adoption request; if you find the ideal family for the foster dog or cat, you should always put the family in touch with our association. We will remain the final decisionmakers to determine where the animal we are responsible for will be homed. <\/p>\n\n\n\n<p>Belgian host families are also responsible for scheduling an appointment with their vet once the animal has arrived to register the dog to their name ; you must also register the chip of the foster animal with DogID, to your name, within 8 days of the animal's arrival in Belgium. <\/p>\n\n\n\n<p>Would you like to help one of our animals start their journey towards a new life? Do you have a minimum level of experience with dogs or cats? Then don't hesitate any longer, and fill out the form below (it is identical to the adoption form, and so you just have to clarify when you submit it that this is regarding a request to become a host family):<\/p>\n\n\n\n<div class=\"wp-block-buttons is-layout-flex wp-block-buttons-is-layout-flex\">\n<div class=\"wp-block-button button1\"><a class=\"wp-block-button__link wp-element-button\" href=\"\/wp-content\/uploads\/formulaire_rmf.docx\" target=\"_blank\" rel=\"noreferrer noopener\">Download the adoption form<\/a><\/div>\n<\/div>\n<\/div>\n<\/div>\n\n\n\n<figure class=\"wp-block-embed is-type-video is-provider-youtube wp-block-embed-youtube wp-embed-aspect-16-9 wp-has-aspect-ratio\"><div class=\"wp-block-embed__wrapper\">\n<iframe title=\"JE DEVIENS FAMILLE D&#039;ACCUEIL POUR CHATS\" width=\"843\" height=\"474\" src=\"https:\/\/www.youtube.com\/embed\/rEhqRWnHRPs?feature=oembed\" frameborder=\"0\" allow=\"accelerometer; autoplay; clipboard-write; encrypted-media; gyroscope; picture-in-picture; web-share\" referrerpolicy=\"strict-origin-when-cross-origin\" allowfullscreen><\/iframe>\n<\/div><\/figure>","protected":false},"excerpt":{"rendered":"<p>Aller en famille d\u2019accueil est une fabuleuse opportunit\u00e9 pour nos chiens et nos chats. Vous adorez les animaux, mais vous ne pouvez\/voulez pas vous investir&hellip;<\/p>","protected":false},"author":5,"featured_media":0,"parent":802,"menu_order":0,"comment_status":"closed","ping_status":"closed","template":"","meta":{"cybocfi_hide_featured_image":"","footnotes":""},"class_list":["post-550","page","type-page","status-publish","hentry"],"yoast_head":"<!-- This site is optimized with the Yoast SEO plugin v26.6 - https:\/\/yoast.com\/wordpress\/plugins\/seo\/ -->\n<title>Devenir famille d&#039;accueil - Association RMF<\/title>\n<meta name=\"robots\" content=\"index, follow, max-snippet:-1, max-image-preview:large, max-video-preview:-1\" \/>\n<link rel=\"canonical\" href=\"https:\/\/remembermefrance.org\/en\/agir\/devenir-famille-daccueil\/\" \/>\n<meta property=\"og:locale\" content=\"en_GB\" \/>\n<meta property=\"og:type\" content=\"article\" \/>\n<meta property=\"og:title\" content=\"Devenir famille d&#039;accueil - Association RMF\" \/>\n<meta property=\"og:description\" content=\"Aller en famille d\u2019accueil est une fabuleuse opportunit\u00e9 pour nos chiens et nos chats. Vous adorez les animaux, mais vous ne pouvez\/voulez pas vous investir&hellip;\" \/>\n<meta property=\"og:url\" content=\"https:\/\/remembermefrance.org\/en\/agir\/devenir-famille-daccueil\/\" \/>\n<meta property=\"og:site_name\" content=\"Association RMF\" \/>\n<meta property=\"article:publisher\" content=\"https:\/\/www.facebook.com\/remembermefrance\" \/>\n<meta property=\"article:modified_time\" content=\"2025-09-17T08:50:20+00:00\" \/>\n<meta property=\"og:image\" content=\"https:\/\/remembermefrance.org\/wp-content\/uploads\/dsc_0477-1-500x333.jpg\" \/>\n<meta name=\"twitter:card\" content=\"summary_large_image\" \/>\n<meta name=\"twitter:label1\" content=\"Estimated reading time\" \/>\n\t<meta name=\"twitter:data1\" content=\"2 minutes\" \/>\n<script type=\"application\/ld+json\" class=\"yoast-schema-graph\">{\"@context\":\"https:\/\/schema.org\",\"@graph\":[{\"@type\":\"WebPage\",\"@id\":\"https:\/\/remembermefrance.org\/agir\/devenir-famille-daccueil\/\",\"url\":\"https:\/\/remembermefrance.org\/agir\/devenir-famille-daccueil\/\",\"name\":\"Devenir famille d'accueil - Association RMF\",\"isPartOf\":{\"@id\":\"https:\/\/remembermefrance.org\/#website\"},\"primaryImageOfPage\":{\"@id\":\"https:\/\/remembermefrance.org\/agir\/devenir-famille-daccueil\/#primaryimage\"},\"image\":{\"@id\":\"https:\/\/remembermefrance.org\/agir\/devenir-famille-daccueil\/#primaryimage\"},\"thumbnailUrl\":\"https:\/\/remembermefrance.org\/wp-content\/uploads\/dsc_0477-1-500x333.jpg\",\"datePublished\":\"2020-05-15T18:53:37+00:00\",\"dateModified\":\"2025-09-17T08:50:20+00:00\",\"breadcrumb\":{\"@id\":\"https:\/\/remembermefrance.org\/agir\/devenir-famille-daccueil\/#breadcrumb\"},\"inLanguage\":\"en-GB\",\"potentialAction\":[{\"@type\":\"ReadAction\",\"target\":[\"https:\/\/remembermefrance.org\/agir\/devenir-famille-daccueil\/\"]}]},{\"@type\":\"ImageObject\",\"inLanguage\":\"en-GB\",\"@id\":\"https:\/\/remembermefrance.org\/agir\/devenir-famille-daccueil\/#primaryimage\",\"url\":\"https:\/\/remembermefrance.org\/wp-content\/uploads\/dsc_0477-1-500x333.jpg\",\"contentUrl\":\"https:\/\/remembermefrance.org\/wp-content\/uploads\/dsc_0477-1-500x333.jpg\"},{\"@type\":\"BreadcrumbList\",\"@id\":\"https:\/\/remembermefrance.org\/agir\/devenir-famille-daccueil\/#breadcrumb\",\"itemListElement\":[{\"@type\":\"ListItem\",\"position\":1,\"name\":\"Accueil\",\"item\":\"https:\/\/remembermefrance.org\/\"},{\"@type\":\"ListItem\",\"position\":2,\"name\":\"Agir\",\"item\":\"https:\/\/remembermefrance.org\/agir\/\"},{\"@type\":\"ListItem\",\"position\":3,\"name\":\"Devenir famille d&rsquo;accueil\"}]},{\"@type\":\"WebSite\",\"@id\":\"https:\/\/remembermefrance.org\/#website\",\"url\":\"https:\/\/remembermefrance.org\/\",\"name\":\"Remember me\",\"description\":\"Adopter un chien roumain\",\"publisher\":{\"@id\":\"https:\/\/remembermefrance.org\/#organization\"},\"potentialAction\":[{\"@type\":\"SearchAction\",\"target\":{\"@type\":\"EntryPoint\",\"urlTemplate\":\"https:\/\/remembermefrance.org\/?s={search_term_string}\"},\"query-input\":{\"@type\":\"PropertyValueSpecification\",\"valueRequired\":true,\"valueName\":\"search_term_string\"}}],\"inLanguage\":\"en-GB\"},{\"@type\":\"Organization\",\"@id\":\"https:\/\/remembermefrance.org\/#organization\",\"name\":\"Remember me\",\"url\":\"https:\/\/remembermefrance.org\/\",\"logo\":{\"@type\":\"ImageObject\",\"inLanguage\":\"en-GB\",\"@id\":\"https:\/\/remembermefrance.org\/#\/schema\/logo\/image\/\",\"url\":\"https:\/\/remembermefrance.org\/wp-content\/uploads\/logo-remember.png\",\"contentUrl\":\"https:\/\/remembermefrance.org\/wp-content\/uploads\/logo-remember.png\",\"width\":325,\"height\":60,\"caption\":\"Remember me\"},\"image\":{\"@id\":\"https:\/\/remembermefrance.org\/#\/schema\/logo\/image\/\"},\"sameAs\":[\"https:\/\/www.facebook.com\/remembermefrance\",\"https:\/\/www.instagram.com\/remembermefrance\/\"]}]}<\/script>\n<!-- \/ Yoast SEO plugin. -->","yoast_head_json":{"title":"Devenir famille d'accueil - Association RMF","robots":{"index":"index","follow":"follow","max-snippet":"max-snippet:-1","max-image-preview":"max-image-preview:large","max-video-preview":"max-video-preview:-1"},"canonical":"https:\/\/remembermefrance.org\/en\/agir\/devenir-famille-daccueil\/","og_locale":"en_GB","og_type":"article","og_title":"Devenir famille d'accueil - Association RMF","og_description":"Aller en famille d\u2019accueil est une fabuleuse opportunit\u00e9 pour nos chiens et nos chats. Vous adorez les animaux, mais vous ne pouvez\/voulez pas vous investir&hellip;","og_url":"https:\/\/remembermefrance.org\/en\/agir\/devenir-famille-daccueil\/","og_site_name":"Association RMF","article_publisher":"https:\/\/www.facebook.com\/remembermefrance","article_modified_time":"2025-09-17T08:50:20+00:00","og_image":[{"url":"https:\/\/remembermefrance.org\/wp-content\/uploads\/dsc_0477-1-500x333.jpg","type":"","width":"","height":""}],"twitter_card":"summary_large_image","twitter_misc":{"Estimated reading time":"2 minutes"},"schema":{"@context":"https:\/\/schema.org","@graph":[{"@type":"WebPage","@id":"https:\/\/remembermefrance.org\/agir\/devenir-famille-daccueil\/","url":"https:\/\/remembermefrance.org\/agir\/devenir-famille-daccueil\/","name":"Devenir famille d'accueil - Association RMF","isPartOf":{"@id":"https:\/\/remembermefrance.org\/#website"},"primaryImageOfPage":{"@id":"https:\/\/remembermefrance.org\/agir\/devenir-famille-daccueil\/#primaryimage"},"image":{"@id":"https:\/\/remembermefrance.org\/agir\/devenir-famille-daccueil\/#primaryimage"},"thumbnailUrl":"https:\/\/remembermefrance.org\/wp-content\/uploads\/dsc_0477-1-500x333.jpg","datePublished":"2020-05-15T18:53:37+00:00","dateModified":"2025-09-17T08:50:20+00:00","breadcrumb":{"@id":"https:\/\/remembermefrance.org\/agir\/devenir-famille-daccueil\/#breadcrumb"},"inLanguage":"en-GB","potentialAction":[{"@type":"ReadAction","target":["https:\/\/remembermefrance.org\/agir\/devenir-famille-daccueil\/"]}]},{"@type":"ImageObject","inLanguage":"en-GB","@id":"https:\/\/remembermefrance.org\/agir\/devenir-famille-daccueil\/#primaryimage","url":"https:\/\/remembermefrance.org\/wp-content\/uploads\/dsc_0477-1-500x333.jpg","contentUrl":"https:\/\/remembermefrance.org\/wp-content\/uploads\/dsc_0477-1-500x333.jpg"},{"@type":"BreadcrumbList","@id":"https:\/\/remembermefrance.org\/agir\/devenir-famille-daccueil\/#breadcrumb","itemListElement":[{"@type":"ListItem","position":1,"name":"Accueil","item":"https:\/\/remembermefrance.org\/"},{"@type":"ListItem","position":2,"name":"Agir","item":"https:\/\/remembermefrance.org\/agir\/"},{"@type":"ListItem","position":3,"name":"Devenir famille d&rsquo;accueil"}]},{"@type":"WebSite","@id":"https:\/\/remembermefrance.org\/#website","url":"https:\/\/remembermefrance.org\/","name":"Remember me","description":"Adopt a Romanian dog","publisher":{"@id":"https:\/\/remembermefrance.org\/#organization"},"potentialAction":[{"@type":"SearchAction","target":{"@type":"EntryPoint","urlTemplate":"https:\/\/remembermefrance.org\/?s={search_term_string}"},"query-input":{"@type":"PropertyValueSpecification","valueRequired":true,"valueName":"search_term_string"}}],"inLanguage":"en-GB"},{"@type":"Organization","@id":"https:\/\/remembermefrance.org\/#organization","name":"Remember me","url":"https:\/\/remembermefrance.org\/","logo":{"@type":"ImageObject","inLanguage":"en-GB","@id":"https:\/\/remembermefrance.org\/#\/schema\/logo\/image\/","url":"https:\/\/remembermefrance.org\/wp-content\/uploads\/logo-remember.png","contentUrl":"https:\/\/remembermefrance.org\/wp-content\/uploads\/logo-remember.png","width":325,"height":60,"caption":"Remember me"},"image":{"@id":"https:\/\/remembermefrance.org\/#\/schema\/logo\/image\/"},"sameAs":["https:\/\/www.facebook.com\/remembermefrance","https:\/\/www.instagram.com\/remembermefrance\/"]}]}},"_links":{"self":[{"href":"https:\/\/remembermefrance.org\/en\/wp-json\/wp\/v2\/pages\/550","targetHints":{"allow":["GET"]}}],"collection":[{"href":"https:\/\/remembermefrance.org\/en\/wp-json\/wp\/v2\/pages"}],"about":[{"href":"https:\/\/remembermefrance.org\/en\/wp-json\/wp\/v2\/types\/page"}],"author":[{"embeddable":true,"href":"https:\/\/remembermefrance.org\/en\/wp-json\/wp\/v2\/users\/5"}],"replies":[{"embeddable":true,"href":"https:\/\/remembermefrance.org\/en\/wp-json\/wp\/v2\/comments?post=550"}],"version-history":[{"count":0,"href":"https:\/\/remembermefrance.org\/en\/wp-json\/wp\/v2\/pages\/550\/revisions"}],"up":[{"embeddable":true,"href":"https:\/\/remembermefrance.org\/en\/wp-json\/wp\/v2\/pages\/802"}],"wp:attachment":[{"href":"https:\/\/remembermefrance.org\/en\/wp-json\/wp\/v2\/media?parent=550"}],"curies":[{"name":"wp","href":"https:\/\/api.w.org\/{rel}","templated":true}]}}