{"id":553,"date":"2020-05-15T20:53:37","date_gmt":"2020-05-15T18:53:37","guid":{"rendered":"https:\/\/remembermefrance.org\/?page_id=553"},"modified":"2025-12-14T16:43:31","modified_gmt":"2025-12-14T15:43:31","slug":"la-communaute","status":"publish","type":"page","link":"https:\/\/remembermefrance.org\/en\/la-communaute\/","title":{"rendered":"Community"},"content":{"rendered":"<div class=\"wp-block-columns is-layout-flex wp-container-core-columns-is-layout-9d6595d7 wp-block-columns-is-layout-flex\">\n<div class=\"wp-block-column is-layout-flow wp-block-column-is-layout-flow\">\n<figure class=\"wp-block-image size-large\"><a href=\"https:\/\/remembermefrance.org\/en\/la-communaute\/apistopvet\/\"><img decoding=\"async\" width=\"500\" height=\"338\" src=\"https:\/\/remembermefrance.org\/wp-content\/uploads\/Apistopvet-500x338.png\" alt=\"\" class=\"wp-image-26695\" srcset=\"https:\/\/remembermefrance.org\/wp-content\/uploads\/Apistopvet-500x338.png 500w, https:\/\/remembermefrance.org\/wp-content\/uploads\/Apistopvet-300x203.png 300w, https:\/\/remembermefrance.org\/wp-content\/uploads\/Apistopvet-768x520.png 768w, https:\/\/remembermefrance.org\/wp-content\/uploads\/Apistopvet-1536x1039.png 1536w, https:\/\/remembermefrance.org\/wp-content\/uploads\/Apistopvet-18x12.png 18w, https:\/\/remembermefrance.org\/wp-content\/uploads\/Apistopvet-360x244.png 360w, https:\/\/remembermefrance.org\/wp-content\/uploads\/Apistopvet.png 1737w\" sizes=\"(max-width: 500px) 100vw, 500px\" \/><\/a><\/figure>\n<\/div>\n\n\n\n<div class=\"wp-block-column is-vertically-aligned-center is-layout-flow wp-block-column-is-layout-flow\">\n<p>Apistopvet is our main partner. It is the medical clinic of our veterinarian in Romania, Lucian Radu. <\/p>\n\n\n\n<div class=\"wp-block-buttons is-layout-flex wp-block-buttons-is-layout-flex\">\n<div class=\"wp-block-button button1\"><a class=\"wp-block-button__link wp-element-button\" href=\"https:\/\/remembermefrance.org\/en\/la-communaute\/apistopvet\/\">More information<\/a><\/div>\n<\/div>\n<\/div>\n<\/div>\n\n\n\n<hr class=\"wp-block-separator has-css-opacity\"\/>\n\n\n\n<div class=\"wp-block-columns is-layout-flex wp-container-core-columns-is-layout-9d6595d7 wp-block-columns-is-layout-flex\">\n<div class=\"wp-block-column is-layout-flow wp-block-column-is-layout-flow\">\n<figure class=\"wp-block-image size-large\"><a href=\"https:\/\/remembermefrance.org\/en\/la-communaute\/refuges-partenaires\/\"><img decoding=\"async\" width=\"500\" height=\"338\" src=\"https:\/\/remembermefrance.org\/wp-content\/uploads\/ENpartners.png\" alt=\"\" class=\"wp-image-27389\" srcset=\"https:\/\/remembermefrance.org\/wp-content\/uploads\/ENpartners.png 789w, https:\/\/remembermefrance.org\/wp-content\/uploads\/ENpartners-300x203.png 300w, https:\/\/remembermefrance.org\/wp-content\/uploads\/ENpartners-500x338.png 500w, https:\/\/remembermefrance.org\/wp-content\/uploads\/ENpartners-768x520.png 768w, https:\/\/remembermefrance.org\/wp-content\/uploads\/ENpartners-16x12.png 16w, https:\/\/remembermefrance.org\/wp-content\/uploads\/ENpartners-360x244.png 360w\" sizes=\"(max-width: 500px) 100vw, 500px\" \/><\/a><\/figure>\n<\/div>\n\n\n\n<div class=\"wp-block-column is-vertically-aligned-center is-layout-flow wp-block-column-is-layout-flow\">\n<p>We are always open to new collaborations with other shelters. Indeed, there are so many Romanian dogs to save in the country that any help is welcome. Each animal rescued by a French shelter frees up a space at Remember Me Land.<\/p>\n\n\n\n<div class=\"wp-block-buttons is-layout-flex wp-block-buttons-is-layout-flex\">\n<div class=\"wp-block-button button1\"><a class=\"wp-block-button__link wp-element-button\" href=\"https:\/\/remembermefrance.org\/en\/la-communaute\/refuges-partenaires\/\">More information on partner shelters<\/a><\/div>\n<\/div>\n<\/div>\n<\/div>\n\n\n\n<hr class=\"wp-block-separator has-css-opacity\"\/>\n\n\n\n<div class=\"wp-block-columns is-layout-flex wp-container-core-columns-is-layout-9d6595d7 wp-block-columns-is-layout-flex\">\n<div class=\"wp-block-column is-layout-flow wp-block-column-is-layout-flow\">\n<figure class=\"wp-block-image size-large\"><a href=\"https:\/\/remembermefrance.org\/en\/temoignages-dadoptants\/\"><img decoding=\"async\" width=\"500\" height=\"338\" src=\"https:\/\/remembermefrance.org\/wp-content\/uploads\/ENtestimonials.png\" alt=\"\" class=\"wp-image-12971\" srcset=\"https:\/\/remembermefrance.org\/wp-content\/uploads\/ENtestimonials.png 789w, https:\/\/remembermefrance.org\/wp-content\/uploads\/ENtestimonials-300x203.png 300w, https:\/\/remembermefrance.org\/wp-content\/uploads\/ENtestimonials-500x338.png 500w, https:\/\/remembermefrance.org\/wp-content\/uploads\/ENtestimonials-768x520.png 768w, https:\/\/remembermefrance.org\/wp-content\/uploads\/ENtestimonials-16x12.png 16w, https:\/\/remembermefrance.org\/wp-content\/uploads\/ENtestimonials-360x244.png 360w\" sizes=\"(max-width: 500px) 100vw, 500px\" \/><\/a><\/figure>\n<\/div>\n\n\n\n<div class=\"wp-block-column is-vertically-aligned-center is-layout-flow wp-block-column-is-layout-flow\">\n<p>Discover the testimonials of some of our adopters; they have committed to a puppy, an adult, paralyzed or elderly dog... And they have decided to tell you their story and their experience within our association.<\/p>\n\n\n\n<div class=\"wp-block-buttons is-layout-flex wp-block-buttons-is-layout-flex\">\n<div class=\"wp-block-button button1\"><a class=\"wp-block-button__link wp-element-button\" href=\"https:\/\/remembermefrance.org\/en\/temoignages-dadoptants\/\">Read the testimonials<\/a><\/div>\n<\/div>\n<\/div>\n<\/div>\n\n\n\n<hr class=\"wp-block-separator has-alpha-channel-opacity\" id=\"familleRM\"\/>\n\n\n\n<div class=\"wp-block-columns is-layout-flex wp-container-core-columns-is-layout-9d6595d7 wp-block-columns-is-layout-flex\">\n<div class=\"wp-block-column is-layout-flow wp-block-column-is-layout-flow\">\n<figure class=\"wp-block-image size-large\"><a href=\"https:\/\/www.facebook.com\/groups\/2301311513482872\" target=\"_blank\" rel=\"noopener noreferrer\"><img decoding=\"async\" width=\"500\" height=\"338\" src=\"https:\/\/remembermefrance.org\/wp-content\/uploads\/ENrmfamily.png\" alt=\"\" class=\"wp-image-1875\" srcset=\"https:\/\/remembermefrance.org\/wp-content\/uploads\/ENrmfamily.png 789w, https:\/\/remembermefrance.org\/wp-content\/uploads\/ENrmfamily-300x203.png 300w, https:\/\/remembermefrance.org\/wp-content\/uploads\/ENrmfamily-500x338.png 500w, https:\/\/remembermefrance.org\/wp-content\/uploads\/ENrmfamily-768x520.png 768w, https:\/\/remembermefrance.org\/wp-content\/uploads\/ENrmfamily-16x12.png 16w, https:\/\/remembermefrance.org\/wp-content\/uploads\/ENrmfamily-360x244.png 360w\" sizes=\"(max-width: 500px) 100vw, 500px\" \/><\/a><\/figure>\n<\/div>\n\n\n\n<div class=\"wp-block-column is-vertically-aligned-center is-layout-flow wp-block-column-is-layout-flow\">\n<p class=\"has-text-align-left\">On Facebook, we have a group dedicated to adopters and foster families from the Remember Me France association. It's a space designed to share news, exchange advice, share life experiences, and learn about the shelter's various initiatives. This group is private; therefore, your posts are private too.<\/p>\n\n\n\n<div class=\"wp-block-buttons is-layout-flex wp-block-buttons-is-layout-flex\">\n<div class=\"wp-block-button button1\"><a class=\"wp-block-button__link wp-element-button\" href=\"https:\/\/www.facebook.com\/groups\/2301311513482872\" target=\"_blank\" rel=\"noreferrer noopener\">To the group on Facebook<\/a><\/div>\n<\/div>\n<\/div>\n<\/div>\n\n\n\n<hr class=\"wp-block-separator has-css-opacity\"\/>\n\n\n\n<div class=\"wp-block-columns is-layout-flex wp-container-core-columns-is-layout-9d6595d7 wp-block-columns-is-layout-flex\">\n<div class=\"wp-block-column is-layout-flow wp-block-column-is-layout-flow\">\n<figure class=\"wp-block-image size-large\"><a href=\"https:\/\/remembermefrance.org\/index.php\/la-communaute-2\/faq\/\"><img decoding=\"async\" width=\"500\" height=\"338\" src=\"https:\/\/remembermefrance.org\/wp-content\/uploads\/FAQ-500x338.png\" alt=\"\" class=\"wp-image-1876\" srcset=\"https:\/\/remembermefrance.org\/wp-content\/uploads\/FAQ-500x338.png 500w, https:\/\/remembermefrance.org\/wp-content\/uploads\/FAQ-300x203.png 300w, https:\/\/remembermefrance.org\/wp-content\/uploads\/FAQ-768x519.png 768w, https:\/\/remembermefrance.org\/wp-content\/uploads\/FAQ-360x243.png 360w, https:\/\/remembermefrance.org\/wp-content\/uploads\/FAQ.png 790w\" sizes=\"(max-width: 500px) 100vw, 500px\" \/><\/a><\/figure>\n<\/div>\n\n\n\n<div class=\"wp-block-column is-vertically-aligned-center is-layout-flow wp-block-column-is-layout-flow\">\n<p>Why and how adopt a dog from Romania? We have compiled a complete list of FAQs, to respond to your questions regarding our association, the adoption process and the first days of your dog's arrival to your home, during which anything can happen.<\/p>\n\n\n\n<div class=\"wp-block-buttons is-layout-flex wp-block-buttons-is-layout-flex\">\n<div class=\"wp-block-button button1\"><a class=\"wp-block-button__link wp-element-button\" href=\"https:\/\/remembermefrance.org\/index.php\/la-communaute-2\/faq\/\">Consult the FAQ page<\/a><\/div>\n<\/div>\n<\/div>\n<\/div>","protected":false},"excerpt":{"rendered":"<p>Apistopvet est notre partenaire principale. C&rsquo;est le cabinet de notre v\u00e9t\u00e9rinaire en Roumanie, Lucian Radu. Nous sommes toujours ouverts aux nouvelles collaborations avec d\u2019autres refuges.&hellip;<\/p>","protected":false},"author":5,"featured_media":0,"parent":0,"menu_order":0,"comment_status":"closed","ping_status":"closed","template":"","meta":{"cybocfi_hide_featured_image":"","footnotes":""},"class_list":["post-553","page","type-page","status-publish","hentry"],"yoast_head":"<!-- This site is optimized with the Yoast SEO plugin v26.6 - https:\/\/yoast.com\/wordpress\/plugins\/seo\/ -->\n<title>La communaut\u00e9 - Association RMF<\/title>\n<meta name=\"robots\" content=\"index, follow, max-snippet:-1, max-image-preview:large, max-video-preview:-1\" \/>\n<link rel=\"canonical\" href=\"https:\/\/remembermefrance.org\/en\/la-communaute\/\" \/>\n<meta property=\"og:locale\" content=\"en_GB\" \/>\n<meta property=\"og:type\" content=\"article\" \/>\n<meta property=\"og:title\" content=\"La communaut\u00e9 - Association RMF\" \/>\n<meta property=\"og:description\" content=\"Apistopvet est notre partenaire principale. C&rsquo;est le cabinet de notre v\u00e9t\u00e9rinaire en Roumanie, Lucian Radu. Nous sommes toujours ouverts aux nouvelles collaborations avec d\u2019autres refuges.&hellip;\" \/>\n<meta property=\"og:url\" content=\"https:\/\/remembermefrance.org\/en\/la-communaute\/\" \/>\n<meta property=\"og:site_name\" content=\"Association RMF\" \/>\n<meta property=\"article:publisher\" content=\"https:\/\/www.facebook.com\/remembermefrance\" \/>\n<meta property=\"article:modified_time\" content=\"2025-12-14T15:43:31+00:00\" \/>\n<meta property=\"og:image\" content=\"https:\/\/remembermefrance.org\/wp-content\/uploads\/Apistopvet.png\" \/>\n\t<meta property=\"og:image:width\" content=\"1737\" \/>\n\t<meta property=\"og:image:height\" content=\"1175\" \/>\n\t<meta property=\"og:image:type\" content=\"image\/png\" \/>\n<meta name=\"twitter:card\" content=\"summary_large_image\" \/>\n<meta name=\"twitter:label1\" content=\"Estimated reading time\" \/>\n\t<meta name=\"twitter:data1\" content=\"3 minutes\" \/>\n<script type=\"application\/ld+json\" class=\"yoast-schema-graph\">{\"@context\":\"https:\/\/schema.org\",\"@graph\":[{\"@type\":\"WebPage\",\"@id\":\"https:\/\/remembermefrance.org\/la-communaute\/\",\"url\":\"https:\/\/remembermefrance.org\/la-communaute\/\",\"name\":\"La communaut\u00e9 - Association RMF\",\"isPartOf\":{\"@id\":\"https:\/\/remembermefrance.org\/#website\"},\"primaryImageOfPage\":{\"@id\":\"https:\/\/remembermefrance.org\/la-communaute\/#primaryimage\"},\"image\":{\"@id\":\"https:\/\/remembermefrance.org\/la-communaute\/#primaryimage\"},\"thumbnailUrl\":\"https:\/\/remembermefrance.org\/wp-content\/uploads\/Apistopvet-500x338.png\",\"datePublished\":\"2020-05-15T18:53:37+00:00\",\"dateModified\":\"2025-12-14T15:43:31+00:00\",\"breadcrumb\":{\"@id\":\"https:\/\/remembermefrance.org\/la-communaute\/#breadcrumb\"},\"inLanguage\":\"en-GB\",\"potentialAction\":[{\"@type\":\"ReadAction\",\"target\":[\"https:\/\/remembermefrance.org\/la-communaute\/\"]}]},{\"@type\":\"ImageObject\",\"inLanguage\":\"en-GB\",\"@id\":\"https:\/\/remembermefrance.org\/la-communaute\/#primaryimage\",\"url\":\"https:\/\/remembermefrance.org\/wp-content\/uploads\/Apistopvet-500x338.png\",\"contentUrl\":\"https:\/\/remembermefrance.org\/wp-content\/uploads\/Apistopvet-500x338.png\"},{\"@type\":\"BreadcrumbList\",\"@id\":\"https:\/\/remembermefrance.org\/la-communaute\/#breadcrumb\",\"itemListElement\":[{\"@type\":\"ListItem\",\"position\":1,\"name\":\"Accueil\",\"item\":\"https:\/\/remembermefrance.org\/\"},{\"@type\":\"ListItem\",\"position\":2,\"name\":\"La communaut\u00e9\"}]},{\"@type\":\"WebSite\",\"@id\":\"https:\/\/remembermefrance.org\/#website\",\"url\":\"https:\/\/remembermefrance.org\/\",\"name\":\"Remember me\",\"description\":\"Adopter un chien roumain\",\"publisher\":{\"@id\":\"https:\/\/remembermefrance.org\/#organization\"},\"potentialAction\":[{\"@type\":\"SearchAction\",\"target\":{\"@type\":\"EntryPoint\",\"urlTemplate\":\"https:\/\/remembermefrance.org\/?s={search_term_string}\"},\"query-input\":{\"@type\":\"PropertyValueSpecification\",\"valueRequired\":true,\"valueName\":\"search_term_string\"}}],\"inLanguage\":\"en-GB\"},{\"@type\":\"Organization\",\"@id\":\"https:\/\/remembermefrance.org\/#organization\",\"name\":\"Remember me\",\"url\":\"https:\/\/remembermefrance.org\/\",\"logo\":{\"@type\":\"ImageObject\",\"inLanguage\":\"en-GB\",\"@id\":\"https:\/\/remembermefrance.org\/#\/schema\/logo\/image\/\",\"url\":\"https:\/\/remembermefrance.org\/wp-content\/uploads\/logo-remember.png\",\"contentUrl\":\"https:\/\/remembermefrance.org\/wp-content\/uploads\/logo-remember.png\",\"width\":325,\"height\":60,\"caption\":\"Remember me\"},\"image\":{\"@id\":\"https:\/\/remembermefrance.org\/#\/schema\/logo\/image\/\"},\"sameAs\":[\"https:\/\/www.facebook.com\/remembermefrance\",\"https:\/\/www.instagram.com\/remembermefrance\/\"]}]}<\/script>\n<!-- \/ Yoast SEO plugin. -->","yoast_head_json":{"title":"La communaut\u00e9 - Association RMF","robots":{"index":"index","follow":"follow","max-snippet":"max-snippet:-1","max-image-preview":"max-image-preview:large","max-video-preview":"max-video-preview:-1"},"canonical":"https:\/\/remembermefrance.org\/en\/la-communaute\/","og_locale":"en_GB","og_type":"article","og_title":"La communaut\u00e9 - Association RMF","og_description":"Apistopvet est notre partenaire principale. C&rsquo;est le cabinet de notre v\u00e9t\u00e9rinaire en Roumanie, Lucian Radu. Nous sommes toujours ouverts aux nouvelles collaborations avec d\u2019autres refuges.&hellip;","og_url":"https:\/\/remembermefrance.org\/en\/la-communaute\/","og_site_name":"Association RMF","article_publisher":"https:\/\/www.facebook.com\/remembermefrance","article_modified_time":"2025-12-14T15:43:31+00:00","og_image":[{"width":1737,"height":1175,"url":"https:\/\/remembermefrance.org\/wp-content\/uploads\/Apistopvet.png","type":"image\/png"}],"twitter_card":"summary_large_image","twitter_misc":{"Estimated reading time":"3 minutes"},"schema":{"@context":"https:\/\/schema.org","@graph":[{"@type":"WebPage","@id":"https:\/\/remembermefrance.org\/la-communaute\/","url":"https:\/\/remembermefrance.org\/la-communaute\/","name":"La communaut\u00e9 - Association RMF","isPartOf":{"@id":"https:\/\/remembermefrance.org\/#website"},"primaryImageOfPage":{"@id":"https:\/\/remembermefrance.org\/la-communaute\/#primaryimage"},"image":{"@id":"https:\/\/remembermefrance.org\/la-communaute\/#primaryimage"},"thumbnailUrl":"https:\/\/remembermefrance.org\/wp-content\/uploads\/Apistopvet-500x338.png","datePublished":"2020-05-15T18:53:37+00:00","dateModified":"2025-12-14T15:43:31+00:00","breadcrumb":{"@id":"https:\/\/remembermefrance.org\/la-communaute\/#breadcrumb"},"inLanguage":"en-GB","potentialAction":[{"@type":"ReadAction","target":["https:\/\/remembermefrance.org\/la-communaute\/"]}]},{"@type":"ImageObject","inLanguage":"en-GB","@id":"https:\/\/remembermefrance.org\/la-communaute\/#primaryimage","url":"https:\/\/remembermefrance.org\/wp-content\/uploads\/Apistopvet-500x338.png","contentUrl":"https:\/\/remembermefrance.org\/wp-content\/uploads\/Apistopvet-500x338.png"},{"@type":"BreadcrumbList","@id":"https:\/\/remembermefrance.org\/la-communaute\/#breadcrumb","itemListElement":[{"@type":"ListItem","position":1,"name":"Accueil","item":"https:\/\/remembermefrance.org\/"},{"@type":"ListItem","position":2,"name":"La communaut\u00e9"}]},{"@type":"WebSite","@id":"https:\/\/remembermefrance.org\/#website","url":"https:\/\/remembermefrance.org\/","name":"Remember me","description":"Adopt a Romanian dog","publisher":{"@id":"https:\/\/remembermefrance.org\/#organization"},"potentialAction":[{"@type":"SearchAction","target":{"@type":"EntryPoint","urlTemplate":"https:\/\/remembermefrance.org\/?s={search_term_string}"},"query-input":{"@type":"PropertyValueSpecification","valueRequired":true,"valueName":"search_term_string"}}],"inLanguage":"en-GB"},{"@type":"Organization","@id":"https:\/\/remembermefrance.org\/#organization","name":"Remember me","url":"https:\/\/remembermefrance.org\/","logo":{"@type":"ImageObject","inLanguage":"en-GB","@id":"https:\/\/remembermefrance.org\/#\/schema\/logo\/image\/","url":"https:\/\/remembermefrance.org\/wp-content\/uploads\/logo-remember.png","contentUrl":"https:\/\/remembermefrance.org\/wp-content\/uploads\/logo-remember.png","width":325,"height":60,"caption":"Remember me"},"image":{"@id":"https:\/\/remembermefrance.org\/#\/schema\/logo\/image\/"},"sameAs":["https:\/\/www.facebook.com\/remembermefrance","https:\/\/www.instagram.com\/remembermefrance\/"]}]}},"_links":{"self":[{"href":"https:\/\/remembermefrance.org\/en\/wp-json\/wp\/v2\/pages\/553","targetHints":{"allow":["GET"]}}],"collection":[{"href":"https:\/\/remembermefrance.org\/en\/wp-json\/wp\/v2\/pages"}],"about":[{"href":"https:\/\/remembermefrance.org\/en\/wp-json\/wp\/v2\/types\/page"}],"author":[{"embeddable":true,"href":"https:\/\/remembermefrance.org\/en\/wp-json\/wp\/v2\/users\/5"}],"replies":[{"embeddable":true,"href":"https:\/\/remembermefrance.org\/en\/wp-json\/wp\/v2\/comments?post=553"}],"version-history":[{"count":2,"href":"https:\/\/remembermefrance.org\/en\/wp-json\/wp\/v2\/pages\/553\/revisions"}],"predecessor-version":[{"id":95341,"href":"https:\/\/remembermefrance.org\/en\/wp-json\/wp\/v2\/pages\/553\/revisions\/95341"}],"wp:attachment":[{"href":"https:\/\/remembermefrance.org\/en\/wp-json\/wp\/v2\/media?parent=553"}],"curies":[{"name":"wp","href":"https:\/\/api.w.org\/{rel}","templated":true}]}}