{"id":560,"date":"2020-05-15T20:53:37","date_gmt":"2020-05-15T18:53:37","guid":{"rendered":"https:\/\/remembermefrance.org\/?page_id=560"},"modified":"2025-08-30T15:19:28","modified_gmt":"2025-08-30T13:19:28","slug":"adopter","status":"publish","type":"page","link":"https:\/\/remembermefrance.org\/en\/adopter\/","title":{"rendered":"Adopt"},"content":{"rendered":"<div class=\"n2_clear\"><ss3-force-full-width data-overflow-x=\"body\" data-horizontal-selector=\"body\"><div class=\"n2-section-smartslider fitvidsignore  n2_clear\" data-ssid=\"5\"><div class=\"n2-ss-margin\" style=\"margin: -35px 0px 0px 0px;\"><div id=\"n2-ss-5-align\" class=\"n2-ss-align\"><div class=\"n2-padding\"><div id=\"n2-ss-5\" data-creator=\"Smart Slider 3\" data-responsive=\"fullwidth\" class=\"n2-ss-slider n2-ow n2-has-hover n2notransition\">\n        <div class=\"n2-ss-slider-1 n2-ow\">\n            <div class=\"n2-ss-slider-2 n2-ow\">\n                <div class=\"n2-ss-slide-backgrounds n2-ow-all\"><div class=\"n2-ss-slide-background\" data-public-id=\"1\" data-mode=\"fill\"><div class=\"n2-ss-slide-background-image\" data-blur=\"0\" data-opacity=\"100\" data-x=\"50\" data-y=\"50\" data-alt=\"\" data-title=\"\"><picture class=\"skip-lazy\" data-skip-lazy=\"1\"><img decoding=\"async\" src=\"\/\/remembermefrance.org\/wp-content\/uploads\/adopter-chien-roumain.jpg\" alt=\"\" title=\"\" loading=\"lazy\" class=\"skip-lazy\" data-skip-lazy=\"1\"><\/picture><\/div><div data-color=\"RGBA(255,255,255,0)\" style=\"background-color: RGBA(255,255,255,0);\" class=\"n2-ss-slide-background-color\"><\/div><\/div><\/div>                <div class=\"n2-ss-slider-3 n2-ow\">\n                    <svg xmlns=\"http:\/\/www.w3.org\/2000\/svg\" viewbox=\"0 0 1200 550\" data-related-device=\"desktopPortrait\" class=\"n2-ow n2-ss-preserve-size n2-ss-preserve-size--slider n2-ss-slide-limiter\"><\/svg><div data-first=\"1\" data-slide-duration=\"0\" data-id=\"8\" data-slide-public-id=\"1\" data-title=\"association-protection-animaux\" class=\"n2-ss-slide n2-ow  n2-ss-slide-8\"><div role=\"note\" class=\"n2-ss-slide--focus\" tabindex=\"-1\">association-protection-animaux<\/div><div class=\"n2-ss-layers-container n2-ss-slide-limiter n2-ow\"><div class=\"n2-ss-layer n2-ow n-uc-bzTEhUBShl2E\" data-sstype=\"slide\" data-pm=\"default\"><div class=\"n2-ss-layer n2-ow n-uc-vagoHqiuEIKo\" data-pm=\"default\" data-sstype=\"content\" data-hasbackground=\"0\"><div class=\"n2-ss-section-main-content n2-ss-layer-with-background n2-ss-layer-content n2-ow n-uc-vagoHqiuEIKo-inner\"><div class=\"n2-ss-layer n2-ow n-uc-ihGk5yIOaUpp\" data-pm=\"normal\" data-animv2=\"{&quot;basic&quot;:{&quot;in&quot;:{&quot;type&quot;:&quot;basic&quot;,&quot;name&quot;:&quot;Ruban \\u00e9lastique&quot;,&quot;keyFrames&quot;:[{&quot;duration&quot;:0.3},{&quot;duration&quot;:0.1,&quot;scaleX&quot;:1.25,&quot;scaleY&quot;:0.75},{&quot;duration&quot;:0.1,&quot;scaleX&quot;:0.75,&quot;scaleY&quot;:1.25},{&quot;duration&quot;:0.15,&quot;scaleX&quot;:1.15,&quot;scaleY&quot;:0.85},{&quot;duration&quot;:0.1,&quot;scaleX&quot;:0.95,&quot;scaleY&quot;:1.05},{&quot;duration&quot;:0.25,&quot;scaleX&quot;:1.05,&quot;scaleY&quot;:0.95}]}}}\" data-sstype=\"layer\"><div id=\"n2-ss-5item1\" class=\"n2-font-b8cb8c7b769b57136d9e66bf752ba37c-hover   n2-ss-item-content n2-ss-text n2-ow\" style=\"display:block;\">ADOPT<\/div><\/div><\/div><\/div><\/div><\/div><\/div>                <\/div>\n                            <\/div>\n        <\/div>\n        <\/div><ss3-loader><\/ss3-loader><\/div><\/div><div class=\"n2_clear\"><\/div><\/div><\/div><\/ss3-force-full-width><\/div>\n\n\n<div style=\"height:50px\" aria-hidden=\"true\" class=\"wp-block-spacer\"><\/div>\n\n\n\n<div class=\"wp-block-columns is-layout-flex wp-container-core-columns-is-layout-9d6595d7 wp-block-columns-is-layout-flex\">\n<div class=\"wp-block-column is-layout-flow wp-block-column-is-layout-flow\">\n<figure class=\"wp-block-image size-large\"><a href=\"https:\/\/remembermefrance.org\/index.php\/adopter\/notre-refuge\/\"><img decoding=\"async\" width=\"500\" height=\"375\" src=\"https:\/\/remembermefrance.org\/wp-content\/uploads\/ENourshelter.png\" alt=\"\" class=\"wp-image-1725\" srcset=\"https:\/\/remembermefrance.org\/wp-content\/uploads\/ENourshelter.png 700w, https:\/\/remembermefrance.org\/wp-content\/uploads\/ENourshelter-300x225.png 300w, https:\/\/remembermefrance.org\/wp-content\/uploads\/ENourshelter-500x375.png 500w, https:\/\/remembermefrance.org\/wp-content\/uploads\/ENourshelter-16x12.png 16w, https:\/\/remembermefrance.org\/wp-content\/uploads\/ENourshelter-360x270.png 360w\" sizes=\"(max-width: 500px) 100vw, 500px\" \/><\/a><\/figure>\n<\/div>\n\n\n\n<div class=\"wp-block-column is-vertically-aligned-center is-layout-flow wp-block-column-is-layout-flow\">\n<p><strong>Remember Me Land is a private refuge<\/strong>&nbsp;Built in 2015, our goal was to close and replace the public pound in Pascani, Romania. We take in abandoned dogs, stray dogs, or dogs rescued from other public pounds where the living conditions are atrocious.<\/p>\n\n\n\n<p><\/p>\n\n\n\n<div class=\"wp-block-buttons is-layout-flex wp-block-buttons-is-layout-flex\">\n<div class=\"wp-block-button button1\"><a class=\"wp-block-button__link wp-element-button\" href=\"https:\/\/remembermefrance.org\/index.php\/adopter\/notre-refuge\/\">Learn more<\/a><\/div>\n<\/div>\n<\/div>\n<\/div>\n\n\n\n<hr class=\"wp-block-separator has-css-opacity\"\/>\n\n\n\n<div class=\"wp-block-columns is-layout-flex wp-container-core-columns-is-layout-9d6595d7 wp-block-columns-is-layout-flex\">\n<div class=\"wp-block-column is-layout-flow wp-block-column-is-layout-flow\">\n<figure class=\"wp-block-image size-large\"><a href=\"https:\/\/remembermefrance.org\/index.php\/autres-refuges-soutenus\/\"><img decoding=\"async\" width=\"500\" height=\"338\" src=\"https:\/\/remembermefrance.org\/wp-content\/uploads\/ENothershelters.png\" alt=\"\" class=\"wp-image-1808\" srcset=\"https:\/\/remembermefrance.org\/wp-content\/uploads\/ENothershelters.png 699w, https:\/\/remembermefrance.org\/wp-content\/uploads\/ENothershelters-300x203.png 300w, https:\/\/remembermefrance.org\/wp-content\/uploads\/ENothershelters-500x338.png 500w, https:\/\/remembermefrance.org\/wp-content\/uploads\/ENothershelters-16x12.png 16w, https:\/\/remembermefrance.org\/wp-content\/uploads\/ENothershelters-360x244.png 360w\" sizes=\"(max-width: 500px) 100vw, 500px\" \/><\/a><\/figure>\n<\/div>\n\n\n\n<div class=\"wp-block-column is-vertically-aligned-center is-layout-flow wp-block-column-is-layout-flow\">\n<p>We support <strong>two other shelters in the proximity of Bucarest<\/strong> : the Carmina structure, and that of Cam\u00e9lia. In addition to this, we try to save as many dogs as possible from the Roman and Golesti pounds.<\/p>\n\n\n\n<div class=\"wp-block-buttons is-layout-flex wp-block-buttons-is-layout-flex\">\n<div class=\"wp-block-button button1\"><a class=\"wp-block-button__link wp-element-button\" href=\"https:\/\/remembermefrance.org\/index.php\/autres-refuges-soutenus\/\">Learn more<\/a><\/div>\n<\/div>\n<\/div>\n<\/div>\n\n\n\n<hr class=\"wp-block-separator has-css-opacity\"\/>\n\n\n\n<div class=\"wp-block-columns is-layout-flex wp-container-core-columns-is-layout-9d6595d7 wp-block-columns-is-layout-flex\">\n<div class=\"wp-block-column is-layout-flow wp-block-column-is-layout-flow\">\n<figure class=\"wp-block-image size-large\"><a href=\"https:\/\/remembermefrance.org\/index.php\/pets\/\"><img decoding=\"async\" width=\"500\" height=\"375\" src=\"https:\/\/remembermefrance.org\/wp-content\/uploads\/ENadoptable.png\" alt=\"\" class=\"wp-image-1726\" srcset=\"https:\/\/remembermefrance.org\/wp-content\/uploads\/ENadoptable.png 700w, https:\/\/remembermefrance.org\/wp-content\/uploads\/ENadoptable-300x225.png 300w, https:\/\/remembermefrance.org\/wp-content\/uploads\/ENadoptable-500x375.png 500w, https:\/\/remembermefrance.org\/wp-content\/uploads\/ENadoptable-16x12.png 16w, https:\/\/remembermefrance.org\/wp-content\/uploads\/ENadoptable-360x270.png 360w\" sizes=\"(max-width: 500px) 100vw, 500px\" \/><\/a><\/figure>\n<\/div>\n\n\n\n<div class=\"wp-block-column is-vertically-aligned-center is-layout-flow wp-block-column-is-layout-flow\">\n<p>Thanks for your interest in <strong>our animals, they need you<\/strong> ! Our shelter in Romania houses at least 500 dogs at any given time; we also support two other shelters near Bucharest.<\/p>\n\n\n\n<div class=\"wp-block-buttons is-layout-flex wp-block-buttons-is-layout-flex\">\n<div class=\"wp-block-button button1\"><a class=\"wp-block-button__link wp-element-button\" href=\"https:\/\/remembermefrance.org\/index.php\/pets\/\">Search for an animal<\/a><\/div>\n<\/div>\n<\/div>\n<\/div>\n\n\n\n<hr class=\"wp-block-separator has-css-opacity\"\/>\n\n\n\n<div class=\"wp-block-columns is-layout-flex wp-container-core-columns-is-layout-9d6595d7 wp-block-columns-is-layout-flex\">\n<div class=\"wp-block-column is-layout-flow wp-block-column-is-layout-flow\">\n<figure class=\"wp-block-image size-large\"><a href=\"https:\/\/remembermefrance.org\/index.php\/adopter\/procedure-dadoption\/\"><img decoding=\"async\" width=\"500\" height=\"375\" src=\"https:\/\/remembermefrance.org\/wp-content\/uploads\/ENprocess.png\" alt=\"\" class=\"wp-image-1727\" srcset=\"https:\/\/remembermefrance.org\/wp-content\/uploads\/ENprocess.png 698w, https:\/\/remembermefrance.org\/wp-content\/uploads\/ENprocess-300x225.png 300w, https:\/\/remembermefrance.org\/wp-content\/uploads\/ENprocess-500x375.png 500w, https:\/\/remembermefrance.org\/wp-content\/uploads\/ENprocess-16x12.png 16w, https:\/\/remembermefrance.org\/wp-content\/uploads\/ENprocess-360x270.png 360w\" sizes=\"(max-width: 500px) 100vw, 500px\" \/><\/a><\/figure>\n<\/div>\n\n\n\n<div class=\"wp-block-column is-vertically-aligned-center is-layout-flow wp-block-column-is-layout-flow\">\n<p><strong>Our adoption procedures is composed of 6 steps<\/strong> :<\/p>\n\n\n\n<ol class=\"wp-block-list\">\n<li>Complete the adoption form<\/li>\n\n\n\n<li>Telephone interview with a member of the association<\/li>\n\n\n\n<li>Pre-visit of your home<\/li>\n\n\n\n<li>R\u00e8glement des frais d&rsquo;adoption<\/li>\n\n\n\n<li>Signing the adoption contract<\/li>\n\n\n\n<li>Repatriation of the animal<\/li>\n<\/ol>\n\n\n\n<div class=\"wp-block-buttons is-layout-flex wp-block-buttons-is-layout-flex\">\n<div class=\"wp-block-button button1\"><a class=\"wp-block-button__link wp-element-button\" href=\"https:\/\/remembermefrance.org\/index.php\/adopter\/procedure-dadoption\/\">Learn more<\/a><\/div>\n<\/div>\n<\/div>\n<\/div>\n\n\n\n<hr class=\"wp-block-separator has-css-opacity\"\/>\n\n\n\n<div class=\"wp-block-columns is-layout-flex wp-container-core-columns-is-layout-9d6595d7 wp-block-columns-is-layout-flex\">\n<div class=\"wp-block-column is-layout-flow wp-block-column-is-layout-flow\">\n<figure class=\"wp-block-image size-large\"><a href=\"https:\/\/remembermefrance.org\/en\/adopter\/nos-rapatriements\/\"><img decoding=\"async\" width=\"500\" height=\"376\" src=\"https:\/\/remembermefrance.org\/wp-content\/uploads\/ENbringhome.png\" alt=\"\" class=\"wp-image-27528\" srcset=\"https:\/\/remembermefrance.org\/wp-content\/uploads\/ENbringhome.png 1537w, https:\/\/remembermefrance.org\/wp-content\/uploads\/ENbringhome-300x225.png 300w, https:\/\/remembermefrance.org\/wp-content\/uploads\/ENbringhome-500x376.png 500w, https:\/\/remembermefrance.org\/wp-content\/uploads\/ENbringhome-768x577.png 768w, https:\/\/remembermefrance.org\/wp-content\/uploads\/ENbringhome-16x12.png 16w, https:\/\/remembermefrance.org\/wp-content\/uploads\/ENbringhome-360x271.png 360w\" sizes=\"(max-width: 500px) 100vw, 500px\" \/><\/a><\/figure>\n<\/div>\n\n\n\n<div class=\"wp-block-column is-vertically-aligned-center is-layout-flow wp-block-column-is-layout-flow\">\n<p>Reserved dogs arrive by truck, generally in Sarrebourg (57), Longwy (54), in the Paris region (Villeneuve sur Auvers (91)), then in Cesson-S\u00e9vign\u00e9 (35) or in the south in Robion (84) with a stop in M\u00e2con or Lyon if requested. The association is not responsible for finding carpools upon arrival of the dogs and invites you to find a solution to come and collect the dog you have reserved. Carpooling or co-training costs, if any, will be your responsibility.<\/p>\n\n\n\n<div class=\"wp-block-buttons is-layout-flex wp-block-buttons-is-layout-flex\">\n<div class=\"wp-block-button button1\"><a class=\"wp-block-button__link wp-element-button\" href=\"https:\/\/remembermefrance.org\/index.php\/adopter\/nos-rapatriements\/\">Learn more<\/a><\/div>\n<\/div>\n<\/div>\n<\/div>\n\n\n\n<hr class=\"wp-block-separator has-css-opacity\"\/>\n\n\n\n<div class=\"wp-block-columns is-layout-flex wp-container-core-columns-is-layout-9d6595d7 wp-block-columns-is-layout-flex\">\n<div class=\"wp-block-column is-layout-flow wp-block-column-is-layout-flow\">\n<figure class=\"wp-block-image size-large\"><a href=\"https:\/\/remembermefrance.org\/en\/adopter\/adoptions\/\"><img decoding=\"async\" width=\"500\" height=\"375\" src=\"https:\/\/remembermefrance.org\/wp-content\/uploads\/FRnosadoptions-500x375.png\" alt=\"\" class=\"wp-image-13951\" srcset=\"https:\/\/remembermefrance.org\/wp-content\/uploads\/FRnosadoptions-500x375.png 500w, https:\/\/remembermefrance.org\/wp-content\/uploads\/FRnosadoptions-300x225.png 300w, https:\/\/remembermefrance.org\/wp-content\/uploads\/FRnosadoptions-16x12.png 16w, https:\/\/remembermefrance.org\/wp-content\/uploads\/FRnosadoptions-360x270.png 360w, https:\/\/remembermefrance.org\/wp-content\/uploads\/FRnosadoptions.png 700w\" sizes=\"(max-width: 500px) 100vw, 500px\" \/><\/a><\/figure>\n<\/div>\n\n\n\n<div class=\"wp-block-column is-vertically-aligned-center is-layout-flow wp-block-column-is-layout-flow\">\n<p>We repatriated <strong>almost 5000 animals since 2015<\/strong> ; discover photos of dogs and cats who have found their forever families!<\/p>\n\n\n\n<div class=\"wp-block-buttons is-layout-flex wp-block-buttons-is-layout-flex\">\n<div class=\"wp-block-button button1\"><a class=\"wp-block-button__link wp-element-button\" href=\"https:\/\/remembermefrance.org\/en\/adopter\/adoptions\/\">See our adoptions<\/a><\/div>\n<\/div>\n<\/div>\n<\/div>\n\n\n\n<p><\/p>","protected":false},"excerpt":{"rendered":"<p>Remember Me Land est un refuge priv\u00e9&nbsp;construit en 2015 ; nous avions pour but de fermer et de remplacer la fourri\u00e8re publique de Pascani, en&hellip;<\/p>","protected":false},"author":5,"featured_media":0,"parent":0,"menu_order":0,"comment_status":"closed","ping_status":"closed","template":"","meta":{"cybocfi_hide_featured_image":"","footnotes":""},"class_list":["post-560","page","type-page","status-publish","hentry"],"yoast_head":"<!-- This site is optimized with the Yoast SEO plugin v26.6 - https:\/\/yoast.com\/wordpress\/plugins\/seo\/ -->\n<title>Adopter - Association RMF<\/title>\n<meta name=\"robots\" content=\"index, follow, max-snippet:-1, max-image-preview:large, max-video-preview:-1\" \/>\n<link rel=\"canonical\" href=\"https:\/\/remembermefrance.org\/en\/adopter\/\" \/>\n<meta property=\"og:locale\" content=\"en_GB\" \/>\n<meta property=\"og:type\" content=\"article\" \/>\n<meta property=\"og:title\" content=\"Adopter - Association RMF\" \/>\n<meta property=\"og:description\" content=\"Remember Me Land est un refuge priv\u00e9&nbsp;construit en 2015 ; nous avions pour but de fermer et de remplacer la fourri\u00e8re publique de Pascani, en&hellip;\" \/>\n<meta property=\"og:url\" content=\"https:\/\/remembermefrance.org\/en\/adopter\/\" \/>\n<meta property=\"og:site_name\" content=\"Association RMF\" \/>\n<meta property=\"article:publisher\" content=\"https:\/\/www.facebook.com\/remembermefrance\" \/>\n<meta property=\"article:modified_time\" content=\"2025-08-30T13:19:28+00:00\" \/>\n<meta property=\"og:image\" content=\"https:\/\/remembermefrance.org\/wp-content\/uploads\/NotreRefuge-500x375.png\" \/>\n<meta name=\"twitter:card\" content=\"summary_large_image\" \/>\n<meta name=\"twitter:label1\" content=\"Estimated reading time\" \/>\n\t<meta name=\"twitter:data1\" content=\"1 minute\" \/>\n<script type=\"application\/ld+json\" class=\"yoast-schema-graph\">{\"@context\":\"https:\/\/schema.org\",\"@graph\":[{\"@type\":\"WebPage\",\"@id\":\"https:\/\/remembermefrance.org\/adopter\/\",\"url\":\"https:\/\/remembermefrance.org\/adopter\/\",\"name\":\"Adopter - Association RMF\",\"isPartOf\":{\"@id\":\"https:\/\/remembermefrance.org\/#website\"},\"primaryImageOfPage\":{\"@id\":\"https:\/\/remembermefrance.org\/adopter\/#primaryimage\"},\"image\":{\"@id\":\"https:\/\/remembermefrance.org\/adopter\/#primaryimage\"},\"thumbnailUrl\":\"https:\/\/remembermefrance.org\/wp-content\/uploads\/NotreRefuge-500x375.png\",\"datePublished\":\"2020-05-15T18:53:37+00:00\",\"dateModified\":\"2025-08-30T13:19:28+00:00\",\"breadcrumb\":{\"@id\":\"https:\/\/remembermefrance.org\/adopter\/#breadcrumb\"},\"inLanguage\":\"en-GB\",\"potentialAction\":[{\"@type\":\"ReadAction\",\"target\":[\"https:\/\/remembermefrance.org\/adopter\/\"]}]},{\"@type\":\"ImageObject\",\"inLanguage\":\"en-GB\",\"@id\":\"https:\/\/remembermefrance.org\/adopter\/#primaryimage\",\"url\":\"https:\/\/remembermefrance.org\/wp-content\/uploads\/NotreRefuge-500x375.png\",\"contentUrl\":\"https:\/\/remembermefrance.org\/wp-content\/uploads\/NotreRefuge-500x375.png\"},{\"@type\":\"BreadcrumbList\",\"@id\":\"https:\/\/remembermefrance.org\/adopter\/#breadcrumb\",\"itemListElement\":[{\"@type\":\"ListItem\",\"position\":1,\"name\":\"Accueil\",\"item\":\"https:\/\/remembermefrance.org\/\"},{\"@type\":\"ListItem\",\"position\":2,\"name\":\"Adopter\"}]},{\"@type\":\"WebSite\",\"@id\":\"https:\/\/remembermefrance.org\/#website\",\"url\":\"https:\/\/remembermefrance.org\/\",\"name\":\"Remember me\",\"description\":\"Adopter un chien roumain\",\"publisher\":{\"@id\":\"https:\/\/remembermefrance.org\/#organization\"},\"potentialAction\":[{\"@type\":\"SearchAction\",\"target\":{\"@type\":\"EntryPoint\",\"urlTemplate\":\"https:\/\/remembermefrance.org\/?s={search_term_string}\"},\"query-input\":{\"@type\":\"PropertyValueSpecification\",\"valueRequired\":true,\"valueName\":\"search_term_string\"}}],\"inLanguage\":\"en-GB\"},{\"@type\":\"Organization\",\"@id\":\"https:\/\/remembermefrance.org\/#organization\",\"name\":\"Remember me\",\"url\":\"https:\/\/remembermefrance.org\/\",\"logo\":{\"@type\":\"ImageObject\",\"inLanguage\":\"en-GB\",\"@id\":\"https:\/\/remembermefrance.org\/#\/schema\/logo\/image\/\",\"url\":\"https:\/\/remembermefrance.org\/wp-content\/uploads\/logo-remember.png\",\"contentUrl\":\"https:\/\/remembermefrance.org\/wp-content\/uploads\/logo-remember.png\",\"width\":325,\"height\":60,\"caption\":\"Remember me\"},\"image\":{\"@id\":\"https:\/\/remembermefrance.org\/#\/schema\/logo\/image\/\"},\"sameAs\":[\"https:\/\/www.facebook.com\/remembermefrance\",\"https:\/\/www.instagram.com\/remembermefrance\/\"]}]}<\/script>\n<!-- \/ Yoast SEO plugin. -->","yoast_head_json":{"title":"Adopter - Association RMF","robots":{"index":"index","follow":"follow","max-snippet":"max-snippet:-1","max-image-preview":"max-image-preview:large","max-video-preview":"max-video-preview:-1"},"canonical":"https:\/\/remembermefrance.org\/en\/adopter\/","og_locale":"en_GB","og_type":"article","og_title":"Adopter - Association RMF","og_description":"Remember Me Land est un refuge priv\u00e9&nbsp;construit en 2015 ; nous avions pour but de fermer et de remplacer la fourri\u00e8re publique de Pascani, en&hellip;","og_url":"https:\/\/remembermefrance.org\/en\/adopter\/","og_site_name":"Association RMF","article_publisher":"https:\/\/www.facebook.com\/remembermefrance","article_modified_time":"2025-08-30T13:19:28+00:00","og_image":[{"url":"https:\/\/remembermefrance.org\/wp-content\/uploads\/NotreRefuge-500x375.png","type":"","width":"","height":""}],"twitter_card":"summary_large_image","twitter_misc":{"Estimated reading time":"1 minute"},"schema":{"@context":"https:\/\/schema.org","@graph":[{"@type":"WebPage","@id":"https:\/\/remembermefrance.org\/adopter\/","url":"https:\/\/remembermefrance.org\/adopter\/","name":"Adopter - Association RMF","isPartOf":{"@id":"https:\/\/remembermefrance.org\/#website"},"primaryImageOfPage":{"@id":"https:\/\/remembermefrance.org\/adopter\/#primaryimage"},"image":{"@id":"https:\/\/remembermefrance.org\/adopter\/#primaryimage"},"thumbnailUrl":"https:\/\/remembermefrance.org\/wp-content\/uploads\/NotreRefuge-500x375.png","datePublished":"2020-05-15T18:53:37+00:00","dateModified":"2025-08-30T13:19:28+00:00","breadcrumb":{"@id":"https:\/\/remembermefrance.org\/adopter\/#breadcrumb"},"inLanguage":"en-GB","potentialAction":[{"@type":"ReadAction","target":["https:\/\/remembermefrance.org\/adopter\/"]}]},{"@type":"ImageObject","inLanguage":"en-GB","@id":"https:\/\/remembermefrance.org\/adopter\/#primaryimage","url":"https:\/\/remembermefrance.org\/wp-content\/uploads\/NotreRefuge-500x375.png","contentUrl":"https:\/\/remembermefrance.org\/wp-content\/uploads\/NotreRefuge-500x375.png"},{"@type":"BreadcrumbList","@id":"https:\/\/remembermefrance.org\/adopter\/#breadcrumb","itemListElement":[{"@type":"ListItem","position":1,"name":"Accueil","item":"https:\/\/remembermefrance.org\/"},{"@type":"ListItem","position":2,"name":"Adopter"}]},{"@type":"WebSite","@id":"https:\/\/remembermefrance.org\/#website","url":"https:\/\/remembermefrance.org\/","name":"Remember me","description":"Adopt a Romanian dog","publisher":{"@id":"https:\/\/remembermefrance.org\/#organization"},"potentialAction":[{"@type":"SearchAction","target":{"@type":"EntryPoint","urlTemplate":"https:\/\/remembermefrance.org\/?s={search_term_string}"},"query-input":{"@type":"PropertyValueSpecification","valueRequired":true,"valueName":"search_term_string"}}],"inLanguage":"en-GB"},{"@type":"Organization","@id":"https:\/\/remembermefrance.org\/#organization","name":"Remember me","url":"https:\/\/remembermefrance.org\/","logo":{"@type":"ImageObject","inLanguage":"en-GB","@id":"https:\/\/remembermefrance.org\/#\/schema\/logo\/image\/","url":"https:\/\/remembermefrance.org\/wp-content\/uploads\/logo-remember.png","contentUrl":"https:\/\/remembermefrance.org\/wp-content\/uploads\/logo-remember.png","width":325,"height":60,"caption":"Remember me"},"image":{"@id":"https:\/\/remembermefrance.org\/#\/schema\/logo\/image\/"},"sameAs":["https:\/\/www.facebook.com\/remembermefrance","https:\/\/www.instagram.com\/remembermefrance\/"]}]}},"_links":{"self":[{"href":"https:\/\/remembermefrance.org\/en\/wp-json\/wp\/v2\/pages\/560","targetHints":{"allow":["GET"]}}],"collection":[{"href":"https:\/\/remembermefrance.org\/en\/wp-json\/wp\/v2\/pages"}],"about":[{"href":"https:\/\/remembermefrance.org\/en\/wp-json\/wp\/v2\/types\/page"}],"author":[{"embeddable":true,"href":"https:\/\/remembermefrance.org\/en\/wp-json\/wp\/v2\/users\/5"}],"replies":[{"embeddable":true,"href":"https:\/\/remembermefrance.org\/en\/wp-json\/wp\/v2\/comments?post=560"}],"version-history":[{"count":0,"href":"https:\/\/remembermefrance.org\/en\/wp-json\/wp\/v2\/pages\/560\/revisions"}],"wp:attachment":[{"href":"https:\/\/remembermefrance.org\/en\/wp-json\/wp\/v2\/media?parent=560"}],"curies":[{"name":"wp","href":"https:\/\/api.w.org\/{rel}","templated":true}]}}