{"id":61515,"date":"2023-05-12T22:51:45","date_gmt":"2023-05-12T20:51:45","guid":{"rendered":"https:\/\/remembermefrance.org\/?page_id=61515"},"modified":"2025-08-21T06:15:28","modified_gmt":"2025-08-21T04:15:28","slug":"utiliser-lilo-comme-moteur-de-recherche","status":"publish","type":"page","link":"https:\/\/remembermefrance.org\/en\/agir\/utiliser-lilo-comme-moteur-de-recherche\/","title":{"rendered":"Use Lilo as a search engine"},"content":{"rendered":"<div class=\"wp-block-cover alignfull alignfull1\" style=\"min-height:407px;aspect-ratio:unset;\"><img decoding=\"async\" width=\"2048\" height=\"1356\" class=\"wp-block-cover__image-background wp-image-61555\" alt=\"\" src=\"https:\/\/remembermefrance.org\/wp-content\/uploads\/273769552_696749401327898_7742145513804826160_n.jpg\" style=\"object-position:56% 27%\" data-object-fit=\"cover\" data-object-position=\"56% 27%\" srcset=\"https:\/\/remembermefrance.org\/wp-content\/uploads\/273769552_696749401327898_7742145513804826160_n.jpg 2048w, https:\/\/remembermefrance.org\/wp-content\/uploads\/273769552_696749401327898_7742145513804826160_n-300x199.jpg 300w, https:\/\/remembermefrance.org\/wp-content\/uploads\/273769552_696749401327898_7742145513804826160_n-500x331.jpg 500w, https:\/\/remembermefrance.org\/wp-content\/uploads\/273769552_696749401327898_7742145513804826160_n-768x509.jpg 768w, https:\/\/remembermefrance.org\/wp-content\/uploads\/273769552_696749401327898_7742145513804826160_n-1536x1017.jpg 1536w, https:\/\/remembermefrance.org\/wp-content\/uploads\/273769552_696749401327898_7742145513804826160_n-18x12.jpg 18w, https:\/\/remembermefrance.org\/wp-content\/uploads\/273769552_696749401327898_7742145513804826160_n-360x238.jpg 360w\" sizes=\"(max-width: 2048px) 100vw, 2048px\" \/><span aria-hidden=\"true\" class=\"wp-block-cover__background has-background-dim-0 has-background-dim\"><\/span><div class=\"wp-block-cover__inner-container is-layout-flow wp-block-cover-is-layout-flow\">\n<h2 class=\"wp-block-heading has-text-align-center\" style=\"font-size:49px\">Use Lilo as a search engine<\/h2>\n<\/div><\/div>\n\n\n\n<h2 class=\"wp-block-heading\">Lilo is the French and supportive search engine that funds our association free of charge.<\/h2>\n\n\n\n<div style=\"height:16px\" aria-hidden=\"true\" class=\"wp-block-spacer\"><\/div>\n\n\n\n<div class=\"wp-block-columns are-vertically-aligned-center is-layout-flex wp-container-core-columns-is-layout-9d6595d7 wp-block-columns-is-layout-flex\">\n<div class=\"wp-block-column is-vertically-aligned-center is-layout-flow wp-block-column-is-layout-flow\">\n<p>The Remember Me France association is now listed among the good deeds you can support using the French charity search engine Lilo.<br><strong>Vous pouvez le t\u00e9l\u00e9charger sur votre t\u00e9l\u00e9phone portable (Android ou Apple) ou votre ordinateur (PC ou Mac) <\/strong>et l\u2019utiliser \u00e0 la place de Google par exemple.<\/p>\n\n\n\n<p><strong>Every search you do on the internet generates points <\/strong>appel\u00e9s \u00ab gouttes d\u2019eau \u00bb, une fois un seuil atteint, <strong>vous reversez ces gouttes d\u2019eau \u00e0 l\u2019association<\/strong> ou au projet de votre choix, qui recevra l\u2019\u00e9quivalent en euros !<\/p>\n\n\n\n<figure class=\"wp-block-image size-full\"><img decoding=\"async\" width=\"163\" height=\"100\" src=\"https:\/\/remembermefrance.org\/wp-content\/uploads\/lilo.jpg\" alt=\"\" class=\"wp-image-87621\" srcset=\"https:\/\/remembermefrance.org\/wp-content\/uploads\/lilo.jpg 163w, https:\/\/remembermefrance.org\/wp-content\/uploads\/lilo-18x12.jpg 18w\" sizes=\"(max-width: 163px) 100vw, 163px\" \/><\/figure>\n\n\n\n<div class=\"wp-block-buttons is-layout-flex wp-block-buttons-is-layout-flex\">\n<div class=\"wp-block-button button1\"><a class=\"wp-block-button__link wp-element-button\" href=\"http:\/\/www.lilo.org\/fr\/?utm_source=remember-me-france\" target=\"_blank\" rel=\"noreferrer noopener\">Go to Lilo<\/a><\/div>\n<\/div>\n\n\n\n<p><\/p>\n<\/div>\n\n\n\n<div class=\"wp-block-column is-vertically-aligned-center is-layout-flow wp-block-column-is-layout-flow\">\n<figure class=\"wp-block-image size-large is-resized\"><a href=\"https:\/\/remembermefrance.org\/wp-content\/uploads\/coline19-1-e1608542639823.jpg\"><img decoding=\"async\" width=\"500\" height=\"500\" src=\"https:\/\/remembermefrance.org\/wp-content\/uploads\/coline19-1-e1608542639823-500x500.jpg\" alt=\"\" class=\"wp-image-61517\" style=\"width:375px;height:375px\" srcset=\"https:\/\/remembermefrance.org\/wp-content\/uploads\/coline19-1-e1608542639823-500x500.jpg 500w, https:\/\/remembermefrance.org\/wp-content\/uploads\/coline19-1-e1608542639823-100x100.jpg 100w, https:\/\/remembermefrance.org\/wp-content\/uploads\/coline19-1-e1608542639823-300x300.jpg 300w, https:\/\/remembermefrance.org\/wp-content\/uploads\/coline19-1-e1608542639823-150x150.jpg 150w, https:\/\/remembermefrance.org\/wp-content\/uploads\/coline19-1-e1608542639823-12x12.jpg 12w, https:\/\/remembermefrance.org\/wp-content\/uploads\/coline19-1-e1608542639823-360x360.jpg 360w, https:\/\/remembermefrance.org\/wp-content\/uploads\/coline19-1-e1608542639823.jpg 514w\" sizes=\"(max-width: 500px) 100vw, 500px\" \/><\/a><\/figure>\n<\/div>\n<\/div>\n\n\n\n<p><\/p>","protected":false},"excerpt":{"rendered":"<p>Lilo est le moteur de recherche fran\u00e7ais et solidaire qui finance gratuitement notre association L&rsquo;association Remember me France est maintenant r\u00e9f\u00e9renc\u00e9e parmi les bonnes actions&hellip;<\/p>","protected":false},"author":5,"featured_media":0,"parent":802,"menu_order":0,"comment_status":"closed","ping_status":"closed","template":"","meta":{"cybocfi_hide_featured_image":"","footnotes":""},"class_list":["post-61515","page","type-page","status-publish","hentry"],"yoast_head":"<!-- This site is optimized with the Yoast SEO plugin v26.6 - https:\/\/yoast.com\/wordpress\/plugins\/seo\/ -->\n<title>Utiliser Lilo comme moteur de recherche - Association RMF<\/title>\n<meta name=\"robots\" content=\"index, follow, max-snippet:-1, max-image-preview:large, max-video-preview:-1\" \/>\n<link rel=\"canonical\" href=\"https:\/\/remembermefrance.org\/en\/agir\/utiliser-lilo-comme-moteur-de-recherche\/\" \/>\n<meta property=\"og:locale\" content=\"en_GB\" \/>\n<meta property=\"og:type\" content=\"article\" \/>\n<meta property=\"og:title\" content=\"Utiliser Lilo comme moteur de recherche - Association RMF\" \/>\n<meta property=\"og:description\" content=\"Lilo est le moteur de recherche fran\u00e7ais et solidaire qui finance gratuitement notre association L&rsquo;association Remember me France est maintenant r\u00e9f\u00e9renc\u00e9e parmi les bonnes actions&hellip;\" \/>\n<meta property=\"og:url\" content=\"https:\/\/remembermefrance.org\/en\/agir\/utiliser-lilo-comme-moteur-de-recherche\/\" \/>\n<meta property=\"og:site_name\" content=\"Association RMF\" \/>\n<meta property=\"article:publisher\" content=\"https:\/\/www.facebook.com\/remembermefrance\" \/>\n<meta property=\"article:modified_time\" content=\"2025-08-21T04:15:28+00:00\" \/>\n<meta property=\"og:image\" content=\"https:\/\/remembermefrance.org\/wp-content\/uploads\/273769552_696749401327898_7742145513804826160_n.jpg\" \/>\n<meta name=\"twitter:card\" content=\"summary_large_image\" \/>\n<meta name=\"twitter:label1\" content=\"Estimated reading time\" \/>\n\t<meta name=\"twitter:data1\" content=\"1 minute\" \/>\n<script type=\"application\/ld+json\" class=\"yoast-schema-graph\">{\"@context\":\"https:\/\/schema.org\",\"@graph\":[{\"@type\":\"WebPage\",\"@id\":\"https:\/\/remembermefrance.org\/agir\/utiliser-lilo-comme-moteur-de-recherche\/\",\"url\":\"https:\/\/remembermefrance.org\/agir\/utiliser-lilo-comme-moteur-de-recherche\/\",\"name\":\"Utiliser Lilo comme moteur de recherche - Association RMF\",\"isPartOf\":{\"@id\":\"https:\/\/remembermefrance.org\/#website\"},\"primaryImageOfPage\":{\"@id\":\"https:\/\/remembermefrance.org\/agir\/utiliser-lilo-comme-moteur-de-recherche\/#primaryimage\"},\"image\":{\"@id\":\"https:\/\/remembermefrance.org\/agir\/utiliser-lilo-comme-moteur-de-recherche\/#primaryimage\"},\"thumbnailUrl\":\"https:\/\/remembermefrance.org\/wp-content\/uploads\/273769552_696749401327898_7742145513804826160_n.jpg\",\"datePublished\":\"2023-05-12T20:51:45+00:00\",\"dateModified\":\"2025-08-21T04:15:28+00:00\",\"breadcrumb\":{\"@id\":\"https:\/\/remembermefrance.org\/agir\/utiliser-lilo-comme-moteur-de-recherche\/#breadcrumb\"},\"inLanguage\":\"en-GB\",\"potentialAction\":[{\"@type\":\"ReadAction\",\"target\":[\"https:\/\/remembermefrance.org\/agir\/utiliser-lilo-comme-moteur-de-recherche\/\"]}]},{\"@type\":\"ImageObject\",\"inLanguage\":\"en-GB\",\"@id\":\"https:\/\/remembermefrance.org\/agir\/utiliser-lilo-comme-moteur-de-recherche\/#primaryimage\",\"url\":\"https:\/\/remembermefrance.org\/wp-content\/uploads\/273769552_696749401327898_7742145513804826160_n.jpg\",\"contentUrl\":\"https:\/\/remembermefrance.org\/wp-content\/uploads\/273769552_696749401327898_7742145513804826160_n.jpg\"},{\"@type\":\"BreadcrumbList\",\"@id\":\"https:\/\/remembermefrance.org\/agir\/utiliser-lilo-comme-moteur-de-recherche\/#breadcrumb\",\"itemListElement\":[{\"@type\":\"ListItem\",\"position\":1,\"name\":\"Accueil\",\"item\":\"https:\/\/remembermefrance.org\/\"},{\"@type\":\"ListItem\",\"position\":2,\"name\":\"Agir\",\"item\":\"https:\/\/remembermefrance.org\/agir\/\"},{\"@type\":\"ListItem\",\"position\":3,\"name\":\"Utiliser Lilo comme moteur de recherche\"}]},{\"@type\":\"WebSite\",\"@id\":\"https:\/\/remembermefrance.org\/#website\",\"url\":\"https:\/\/remembermefrance.org\/\",\"name\":\"Remember me\",\"description\":\"Adopter un chien roumain\",\"publisher\":{\"@id\":\"https:\/\/remembermefrance.org\/#organization\"},\"potentialAction\":[{\"@type\":\"SearchAction\",\"target\":{\"@type\":\"EntryPoint\",\"urlTemplate\":\"https:\/\/remembermefrance.org\/?s={search_term_string}\"},\"query-input\":{\"@type\":\"PropertyValueSpecification\",\"valueRequired\":true,\"valueName\":\"search_term_string\"}}],\"inLanguage\":\"en-GB\"},{\"@type\":\"Organization\",\"@id\":\"https:\/\/remembermefrance.org\/#organization\",\"name\":\"Remember me\",\"url\":\"https:\/\/remembermefrance.org\/\",\"logo\":{\"@type\":\"ImageObject\",\"inLanguage\":\"en-GB\",\"@id\":\"https:\/\/remembermefrance.org\/#\/schema\/logo\/image\/\",\"url\":\"https:\/\/remembermefrance.org\/wp-content\/uploads\/logo-remember.png\",\"contentUrl\":\"https:\/\/remembermefrance.org\/wp-content\/uploads\/logo-remember.png\",\"width\":325,\"height\":60,\"caption\":\"Remember me\"},\"image\":{\"@id\":\"https:\/\/remembermefrance.org\/#\/schema\/logo\/image\/\"},\"sameAs\":[\"https:\/\/www.facebook.com\/remembermefrance\",\"https:\/\/www.instagram.com\/remembermefrance\/\"]}]}<\/script>\n<!-- \/ Yoast SEO plugin. -->","yoast_head_json":{"title":"Utiliser Lilo comme moteur de recherche - Association RMF","robots":{"index":"index","follow":"follow","max-snippet":"max-snippet:-1","max-image-preview":"max-image-preview:large","max-video-preview":"max-video-preview:-1"},"canonical":"https:\/\/remembermefrance.org\/en\/agir\/utiliser-lilo-comme-moteur-de-recherche\/","og_locale":"en_GB","og_type":"article","og_title":"Utiliser Lilo comme moteur de recherche - Association RMF","og_description":"Lilo est le moteur de recherche fran\u00e7ais et solidaire qui finance gratuitement notre association L&rsquo;association Remember me France est maintenant r\u00e9f\u00e9renc\u00e9e parmi les bonnes actions&hellip;","og_url":"https:\/\/remembermefrance.org\/en\/agir\/utiliser-lilo-comme-moteur-de-recherche\/","og_site_name":"Association RMF","article_publisher":"https:\/\/www.facebook.com\/remembermefrance","article_modified_time":"2025-08-21T04:15:28+00:00","og_image":[{"url":"https:\/\/remembermefrance.org\/wp-content\/uploads\/273769552_696749401327898_7742145513804826160_n.jpg","type":"","width":"","height":""}],"twitter_card":"summary_large_image","twitter_misc":{"Estimated reading time":"1 minute"},"schema":{"@context":"https:\/\/schema.org","@graph":[{"@type":"WebPage","@id":"https:\/\/remembermefrance.org\/agir\/utiliser-lilo-comme-moteur-de-recherche\/","url":"https:\/\/remembermefrance.org\/agir\/utiliser-lilo-comme-moteur-de-recherche\/","name":"Utiliser Lilo comme moteur de recherche - Association RMF","isPartOf":{"@id":"https:\/\/remembermefrance.org\/#website"},"primaryImageOfPage":{"@id":"https:\/\/remembermefrance.org\/agir\/utiliser-lilo-comme-moteur-de-recherche\/#primaryimage"},"image":{"@id":"https:\/\/remembermefrance.org\/agir\/utiliser-lilo-comme-moteur-de-recherche\/#primaryimage"},"thumbnailUrl":"https:\/\/remembermefrance.org\/wp-content\/uploads\/273769552_696749401327898_7742145513804826160_n.jpg","datePublished":"2023-05-12T20:51:45+00:00","dateModified":"2025-08-21T04:15:28+00:00","breadcrumb":{"@id":"https:\/\/remembermefrance.org\/agir\/utiliser-lilo-comme-moteur-de-recherche\/#breadcrumb"},"inLanguage":"en-GB","potentialAction":[{"@type":"ReadAction","target":["https:\/\/remembermefrance.org\/agir\/utiliser-lilo-comme-moteur-de-recherche\/"]}]},{"@type":"ImageObject","inLanguage":"en-GB","@id":"https:\/\/remembermefrance.org\/agir\/utiliser-lilo-comme-moteur-de-recherche\/#primaryimage","url":"https:\/\/remembermefrance.org\/wp-content\/uploads\/273769552_696749401327898_7742145513804826160_n.jpg","contentUrl":"https:\/\/remembermefrance.org\/wp-content\/uploads\/273769552_696749401327898_7742145513804826160_n.jpg"},{"@type":"BreadcrumbList","@id":"https:\/\/remembermefrance.org\/agir\/utiliser-lilo-comme-moteur-de-recherche\/#breadcrumb","itemListElement":[{"@type":"ListItem","position":1,"name":"Accueil","item":"https:\/\/remembermefrance.org\/"},{"@type":"ListItem","position":2,"name":"Agir","item":"https:\/\/remembermefrance.org\/agir\/"},{"@type":"ListItem","position":3,"name":"Utiliser Lilo comme moteur de recherche"}]},{"@type":"WebSite","@id":"https:\/\/remembermefrance.org\/#website","url":"https:\/\/remembermefrance.org\/","name":"Remember me","description":"Adopt a Romanian dog","publisher":{"@id":"https:\/\/remembermefrance.org\/#organization"},"potentialAction":[{"@type":"SearchAction","target":{"@type":"EntryPoint","urlTemplate":"https:\/\/remembermefrance.org\/?s={search_term_string}"},"query-input":{"@type":"PropertyValueSpecification","valueRequired":true,"valueName":"search_term_string"}}],"inLanguage":"en-GB"},{"@type":"Organization","@id":"https:\/\/remembermefrance.org\/#organization","name":"Remember me","url":"https:\/\/remembermefrance.org\/","logo":{"@type":"ImageObject","inLanguage":"en-GB","@id":"https:\/\/remembermefrance.org\/#\/schema\/logo\/image\/","url":"https:\/\/remembermefrance.org\/wp-content\/uploads\/logo-remember.png","contentUrl":"https:\/\/remembermefrance.org\/wp-content\/uploads\/logo-remember.png","width":325,"height":60,"caption":"Remember me"},"image":{"@id":"https:\/\/remembermefrance.org\/#\/schema\/logo\/image\/"},"sameAs":["https:\/\/www.facebook.com\/remembermefrance","https:\/\/www.instagram.com\/remembermefrance\/"]}]}},"_links":{"self":[{"href":"https:\/\/remembermefrance.org\/en\/wp-json\/wp\/v2\/pages\/61515","targetHints":{"allow":["GET"]}}],"collection":[{"href":"https:\/\/remembermefrance.org\/en\/wp-json\/wp\/v2\/pages"}],"about":[{"href":"https:\/\/remembermefrance.org\/en\/wp-json\/wp\/v2\/types\/page"}],"author":[{"embeddable":true,"href":"https:\/\/remembermefrance.org\/en\/wp-json\/wp\/v2\/users\/5"}],"replies":[{"embeddable":true,"href":"https:\/\/remembermefrance.org\/en\/wp-json\/wp\/v2\/comments?post=61515"}],"version-history":[{"count":0,"href":"https:\/\/remembermefrance.org\/en\/wp-json\/wp\/v2\/pages\/61515\/revisions"}],"up":[{"embeddable":true,"href":"https:\/\/remembermefrance.org\/en\/wp-json\/wp\/v2\/pages\/802"}],"wp:attachment":[{"href":"https:\/\/remembermefrance.org\/en\/wp-json\/wp\/v2\/media?parent=61515"}],"curies":[{"name":"wp","href":"https:\/\/api.w.org\/{rel}","templated":true}]}}