{"id":70468,"date":"2024-01-13T15:55:29","date_gmt":"2024-01-13T14:55:29","guid":{"rendered":"https:\/\/remembermefrance.org\/?page_id=70468"},"modified":"2025-08-30T15:58:18","modified_gmt":"2025-08-30T13:58:18","slug":"faire-un-legs","status":"publish","type":"page","link":"https:\/\/remembermefrance.org\/en\/agir\/faire-un-legs\/","title":{"rendered":"Make a legacy"},"content":{"rendered":"<div class=\"n2_clear\"><ss3-force-full-width data-overflow-x=\"body\" data-horizontal-selector=\"body\"><div class=\"n2-section-smartslider fitvidsignore  n2_clear\" data-ssid=\"12\"><div class=\"n2-ss-margin\" style=\"margin: -35px 0px 0px 0px;\"><div id=\"n2-ss-12-align\" class=\"n2-ss-align\"><div class=\"n2-padding\"><div id=\"n2-ss-12\" data-creator=\"Smart Slider 3\" data-responsive=\"fullwidth\" class=\"n2-ss-slider n2-ow n2-has-hover n2notransition\">\n        <div class=\"n2-ss-slider-1 n2-ow\">\n            <div class=\"n2-ss-slider-2 n2-ow\">\n                <div class=\"n2-ss-slide-backgrounds n2-ow-all\"><div class=\"n2-ss-slide-background\" data-public-id=\"1\" data-mode=\"fill\"><div class=\"n2-ss-slide-background-image\" data-blur=\"0\" data-opacity=\"100\" data-x=\"50\" data-y=\"50\" data-alt=\"\" data-title=\"\"><picture class=\"skip-lazy\" data-skip-lazy=\"1\"><img decoding=\"async\" src=\"\/\/remembermefrance.org\/wp-content\/uploads\/association-chiens.jpg\" alt=\"\" title=\"\" loading=\"lazy\" class=\"skip-lazy\" data-skip-lazy=\"1\"><\/picture><\/div><div data-color=\"RGBA(255,255,255,0)\" style=\"background-color: RGBA(255,255,255,0);\" class=\"n2-ss-slide-background-color\"><\/div><\/div><\/div>                <div class=\"n2-ss-slider-3 n2-ow\">\n                    <svg xmlns=\"http:\/\/www.w3.org\/2000\/svg\" viewbox=\"0 0 1200 550\" data-related-device=\"desktopPortrait\" class=\"n2-ow n2-ss-preserve-size n2-ss-preserve-size--slider n2-ss-slide-limiter\"><\/svg><div data-first=\"1\" data-slide-duration=\"0\" data-id=\"29\" data-slide-public-id=\"1\" data-title=\"association-protection-animaux\" class=\"n2-ss-slide n2-ow  n2-ss-slide-29\"><div role=\"note\" class=\"n2-ss-slide--focus\" tabindex=\"-1\">association-protection-animaux<\/div><div class=\"n2-ss-layers-container n2-ss-slide-limiter n2-ow\"><div class=\"n2-ss-layer n2-ow n-uc-pq0CYSbhvB9U\" data-sstype=\"slide\" data-pm=\"default\"><div class=\"n2-ss-layer n2-ow n-uc-LhEswYnV9fvR\" data-pm=\"default\" data-sstype=\"content\" data-hasbackground=\"0\"><div class=\"n2-ss-section-main-content n2-ss-layer-with-background n2-ss-layer-content n2-ow n-uc-LhEswYnV9fvR-inner\"><div class=\"n2-ss-layer n2-ow n-uc-Gxc889FbMSah\" data-pm=\"normal\" data-animv2=\"{&quot;basic&quot;:{&quot;in&quot;:{&quot;type&quot;:&quot;basic&quot;,&quot;name&quot;:&quot;Flou&quot;,&quot;keyFrames&quot;:[{&quot;opacity&quot;:0,&quot;n2blur&quot;:10}]}}}\" data-sstype=\"layer\"><div id=\"n2-ss-12item1\" class=\"n2-font-658db20148d22620f8f11c51bb953e28-hover   n2-ss-item-content n2-ss-text n2-ow\" style=\"display:block;\">Make a legacy<\/div><\/div><\/div><\/div><\/div><\/div><\/div>                <\/div>\n                            <\/div>\n        <\/div>\n        <\/div><ss3-loader><\/ss3-loader><\/div><\/div><div class=\"n2_clear\"><\/div><\/div><\/div><\/ss3-force-full-width><\/div>\n\n\n<div style=\"height:23px\" aria-hidden=\"true\" class=\"wp-block-spacer\"><\/div>\n\n\n\n<div class=\"wp-block-columns is-layout-flex wp-container-core-columns-is-layout-9d6595d7 wp-block-columns-is-layout-flex\">\n<div class=\"wp-block-column is-layout-flow wp-block-column-is-layout-flow\">\n<p>We are <a href=\"https:\/\/remembermefrance.org\/index.php\/qui-sommes-nous\/#notrestatut\">a non-profit association<\/a> et notre association d\u00e9pend enti\u00e8rement des <a href=\"https:\/\/remembermefrance.org\/index.php\/agir\/adherer\/\">our members' contributions<\/a>, <a href=\"https:\/\/remembermefrance.org\/index.php\/agir\/parrainer\/\">sponsorships<\/a>, <a href=\"https:\/\/remembermefrance.org\/index.php\/agir\/donner\/\">donations<\/a>, support from <a href=\"https:\/\/remembermefrance.org\/en\/la-communaute\/nos-partenariats\/\">our partners<\/a> et des <a href=\"https:\/\/remembermefrance.org\/index.php\/adopter\/procedure-dadoption\/#lesfrais\">frais d&rsquo;adoption<\/a>. Environ 55% de nos ressources proviennent des adoptions, le reste \u00e9tant issu de diff\u00e9rents types de dons (parrainages, dons, etc.). <\/p>\n\n\n\n<p class=\"has-medium-font-size\"><strong>All the money we receive is used exclusively to save, defend and protect animals, by all means.<\/strong><\/p>\n<\/div>\n\n\n\n<div class=\"wp-block-column is-layout-flow wp-block-column-is-layout-flow\">\n<p class=\"has-medium-font-size\"><strong>To support Remember Me, consider making a donation!<\/strong><\/p>\n\n\n\n<p>The Remember Me Association is recognized as being of general interest, and consequently, both donations and legacies are exempt from transfer taxes, and we do not have to pay inheritance tax to the State on the sums or assets transferred to us.<\/p>\n\n\n\n<figure class=\"wp-block-image size-large is-resized\"><img decoding=\"async\" width=\"200\" height=\"253\" src=\"https:\/\/remembermefrance.org\/wp-content\/uploads\/interetgeneral.png\" alt=\"\" class=\"wp-image-1256\" style=\"width:150px;height:auto\"\/><\/figure>\n<\/div>\n<\/div>\n\n\n\n<div class=\"wp-block-columns alignfull alignfull1 has-background is-layout-flex wp-container-core-columns-is-layout-9d6595d7 wp-block-columns-is-layout-flex\" style=\"background-color:#e2e5f7\">\n<div class=\"wp-block-column alignfull1 is-layout-flow wp-block-column-is-layout-flow\">\n<h2 class=\"wp-block-heading has-text-align-center\">How does making a bequest actually work?<\/h2>\n\n\n\n<div class=\"wp-block-columns is-layout-flex wp-container-core-columns-is-layout-9d6595d7 wp-block-columns-is-layout-flex\">\n<div class=\"wp-block-column is-layout-flow wp-block-column-is-layout-flow\" style=\"flex-basis:25%\"><\/div>\n\n\n\n<div class=\"wp-block-column is-layout-flow wp-block-column-is-layout-flow\" style=\"flex-basis:50%\">\n<p>There are several ways to make a bequest to our association:<\/p>\n\n\n\n<ul class=\"wp-block-list\">\n<li>You could make testamentary provisions in the event of death in favor of our association. <\/li>\n\n\n\n<li>You can designate our association as a beneficiary on your life insurance contract.<\/li>\n\n\n\n<li>You can make a donation during your lifetime by notarial deed to the Remember Me Association. <\/li>\n<\/ul>\n\n\n\n<p><\/p>\n\n\n\n<p>Do not hesitate to contact your notary or your wealth management advisor.<\/p>\n\n\n\n<p class=\"has-medium-font-size\"><strong>A big thank you from the animals and volunteers of the Remember Me association!<\/strong><\/p>\n<\/div>\n\n\n\n<div class=\"wp-block-column is-layout-flow wp-block-column-is-layout-flow\" style=\"flex-basis:25%\"><\/div>\n<\/div>\n\n\n\n<div style=\"height:21px\" aria-hidden=\"true\" class=\"wp-block-spacer\"><\/div>\n<\/div>\n<\/div>\n\n\n\n<div class=\"wp-block-columns is-layout-flex wp-container-core-columns-is-layout-9d6595d7 wp-block-columns-is-layout-flex\">\n<div class=\"wp-block-column is-layout-flow wp-block-column-is-layout-flow\">\n<p><\/p>\n\n\n\n<p class=\"has-x-large-font-size\"><\/p>\n<\/div>\n<\/div>","protected":false},"excerpt":{"rendered":"<p>Nous sommes une association \u00e0 but non lucratif et notre association d\u00e9pend enti\u00e8rement des contributions de nos membres, des parrainages, des dons, du soutien de&hellip;<\/p>","protected":false},"author":5,"featured_media":0,"parent":802,"menu_order":0,"comment_status":"closed","ping_status":"closed","template":"","meta":{"cybocfi_hide_featured_image":"","footnotes":""},"class_list":["post-70468","page","type-page","status-publish","hentry"],"yoast_head":"<!-- This site is optimized with the Yoast SEO plugin v26.6 - https:\/\/yoast.com\/wordpress\/plugins\/seo\/ -->\n<title>Faire un legs - Association RMF<\/title>\n<meta name=\"robots\" content=\"index, follow, max-snippet:-1, max-image-preview:large, max-video-preview:-1\" \/>\n<link rel=\"canonical\" href=\"https:\/\/remembermefrance.org\/en\/agir\/faire-un-legs\/\" \/>\n<meta property=\"og:locale\" content=\"en_GB\" \/>\n<meta property=\"og:type\" content=\"article\" \/>\n<meta property=\"og:title\" content=\"Faire un legs - Association RMF\" \/>\n<meta property=\"og:description\" content=\"Nous sommes une association \u00e0 but non lucratif et notre association d\u00e9pend enti\u00e8rement des contributions de nos membres, des parrainages, des dons, du soutien de&hellip;\" \/>\n<meta property=\"og:url\" content=\"https:\/\/remembermefrance.org\/en\/agir\/faire-un-legs\/\" \/>\n<meta property=\"og:site_name\" content=\"Association RMF\" \/>\n<meta property=\"article:publisher\" content=\"https:\/\/www.facebook.com\/remembermefrance\" \/>\n<meta property=\"article:modified_time\" content=\"2025-08-30T13:58:18+00:00\" \/>\n<meta property=\"og:image\" content=\"https:\/\/remembermefrance.org\/wp-content\/uploads\/interetgeneral.png\" \/>\n<meta name=\"twitter:card\" content=\"summary_large_image\" \/>\n<meta name=\"twitter:label1\" content=\"Estimated reading time\" \/>\n\t<meta name=\"twitter:data1\" content=\"1 minute\" \/>\n<script type=\"application\/ld+json\" class=\"yoast-schema-graph\">{\"@context\":\"https:\/\/schema.org\",\"@graph\":[{\"@type\":\"WebPage\",\"@id\":\"https:\/\/remembermefrance.org\/agir\/faire-un-legs\/\",\"url\":\"https:\/\/remembermefrance.org\/agir\/faire-un-legs\/\",\"name\":\"Faire un legs - Association RMF\",\"isPartOf\":{\"@id\":\"https:\/\/remembermefrance.org\/#website\"},\"primaryImageOfPage\":{\"@id\":\"https:\/\/remembermefrance.org\/agir\/faire-un-legs\/#primaryimage\"},\"image\":{\"@id\":\"https:\/\/remembermefrance.org\/agir\/faire-un-legs\/#primaryimage\"},\"thumbnailUrl\":\"https:\/\/remembermefrance.org\/wp-content\/uploads\/interetgeneral.png\",\"datePublished\":\"2024-01-13T14:55:29+00:00\",\"dateModified\":\"2025-08-30T13:58:18+00:00\",\"breadcrumb\":{\"@id\":\"https:\/\/remembermefrance.org\/agir\/faire-un-legs\/#breadcrumb\"},\"inLanguage\":\"en-GB\",\"potentialAction\":[{\"@type\":\"ReadAction\",\"target\":[\"https:\/\/remembermefrance.org\/agir\/faire-un-legs\/\"]}]},{\"@type\":\"ImageObject\",\"inLanguage\":\"en-GB\",\"@id\":\"https:\/\/remembermefrance.org\/agir\/faire-un-legs\/#primaryimage\",\"url\":\"https:\/\/remembermefrance.org\/wp-content\/uploads\/interetgeneral.png\",\"contentUrl\":\"https:\/\/remembermefrance.org\/wp-content\/uploads\/interetgeneral.png\"},{\"@type\":\"BreadcrumbList\",\"@id\":\"https:\/\/remembermefrance.org\/agir\/faire-un-legs\/#breadcrumb\",\"itemListElement\":[{\"@type\":\"ListItem\",\"position\":1,\"name\":\"Accueil\",\"item\":\"https:\/\/remembermefrance.org\/\"},{\"@type\":\"ListItem\",\"position\":2,\"name\":\"Agir\",\"item\":\"https:\/\/remembermefrance.org\/agir\/\"},{\"@type\":\"ListItem\",\"position\":3,\"name\":\"Faire un legs\"}]},{\"@type\":\"WebSite\",\"@id\":\"https:\/\/remembermefrance.org\/#website\",\"url\":\"https:\/\/remembermefrance.org\/\",\"name\":\"Remember me\",\"description\":\"Adopter un chien roumain\",\"publisher\":{\"@id\":\"https:\/\/remembermefrance.org\/#organization\"},\"potentialAction\":[{\"@type\":\"SearchAction\",\"target\":{\"@type\":\"EntryPoint\",\"urlTemplate\":\"https:\/\/remembermefrance.org\/?s={search_term_string}\"},\"query-input\":{\"@type\":\"PropertyValueSpecification\",\"valueRequired\":true,\"valueName\":\"search_term_string\"}}],\"inLanguage\":\"en-GB\"},{\"@type\":\"Organization\",\"@id\":\"https:\/\/remembermefrance.org\/#organization\",\"name\":\"Remember me\",\"url\":\"https:\/\/remembermefrance.org\/\",\"logo\":{\"@type\":\"ImageObject\",\"inLanguage\":\"en-GB\",\"@id\":\"https:\/\/remembermefrance.org\/#\/schema\/logo\/image\/\",\"url\":\"https:\/\/remembermefrance.org\/wp-content\/uploads\/logo-remember.png\",\"contentUrl\":\"https:\/\/remembermefrance.org\/wp-content\/uploads\/logo-remember.png\",\"width\":325,\"height\":60,\"caption\":\"Remember me\"},\"image\":{\"@id\":\"https:\/\/remembermefrance.org\/#\/schema\/logo\/image\/\"},\"sameAs\":[\"https:\/\/www.facebook.com\/remembermefrance\",\"https:\/\/www.instagram.com\/remembermefrance\/\"]}]}<\/script>\n<!-- \/ Yoast SEO plugin. -->","yoast_head_json":{"title":"Faire un legs - Association RMF","robots":{"index":"index","follow":"follow","max-snippet":"max-snippet:-1","max-image-preview":"max-image-preview:large","max-video-preview":"max-video-preview:-1"},"canonical":"https:\/\/remembermefrance.org\/en\/agir\/faire-un-legs\/","og_locale":"en_GB","og_type":"article","og_title":"Faire un legs - Association RMF","og_description":"Nous sommes une association \u00e0 but non lucratif et notre association d\u00e9pend enti\u00e8rement des contributions de nos membres, des parrainages, des dons, du soutien de&hellip;","og_url":"https:\/\/remembermefrance.org\/en\/agir\/faire-un-legs\/","og_site_name":"Association RMF","article_publisher":"https:\/\/www.facebook.com\/remembermefrance","article_modified_time":"2025-08-30T13:58:18+00:00","og_image":[{"url":"https:\/\/remembermefrance.org\/wp-content\/uploads\/interetgeneral.png","type":"","width":"","height":""}],"twitter_card":"summary_large_image","twitter_misc":{"Estimated reading time":"1 minute"},"schema":{"@context":"https:\/\/schema.org","@graph":[{"@type":"WebPage","@id":"https:\/\/remembermefrance.org\/agir\/faire-un-legs\/","url":"https:\/\/remembermefrance.org\/agir\/faire-un-legs\/","name":"Faire un legs - Association RMF","isPartOf":{"@id":"https:\/\/remembermefrance.org\/#website"},"primaryImageOfPage":{"@id":"https:\/\/remembermefrance.org\/agir\/faire-un-legs\/#primaryimage"},"image":{"@id":"https:\/\/remembermefrance.org\/agir\/faire-un-legs\/#primaryimage"},"thumbnailUrl":"https:\/\/remembermefrance.org\/wp-content\/uploads\/interetgeneral.png","datePublished":"2024-01-13T14:55:29+00:00","dateModified":"2025-08-30T13:58:18+00:00","breadcrumb":{"@id":"https:\/\/remembermefrance.org\/agir\/faire-un-legs\/#breadcrumb"},"inLanguage":"en-GB","potentialAction":[{"@type":"ReadAction","target":["https:\/\/remembermefrance.org\/agir\/faire-un-legs\/"]}]},{"@type":"ImageObject","inLanguage":"en-GB","@id":"https:\/\/remembermefrance.org\/agir\/faire-un-legs\/#primaryimage","url":"https:\/\/remembermefrance.org\/wp-content\/uploads\/interetgeneral.png","contentUrl":"https:\/\/remembermefrance.org\/wp-content\/uploads\/interetgeneral.png"},{"@type":"BreadcrumbList","@id":"https:\/\/remembermefrance.org\/agir\/faire-un-legs\/#breadcrumb","itemListElement":[{"@type":"ListItem","position":1,"name":"Accueil","item":"https:\/\/remembermefrance.org\/"},{"@type":"ListItem","position":2,"name":"Agir","item":"https:\/\/remembermefrance.org\/agir\/"},{"@type":"ListItem","position":3,"name":"Faire un legs"}]},{"@type":"WebSite","@id":"https:\/\/remembermefrance.org\/#website","url":"https:\/\/remembermefrance.org\/","name":"Remember me","description":"Adopt a Romanian dog","publisher":{"@id":"https:\/\/remembermefrance.org\/#organization"},"potentialAction":[{"@type":"SearchAction","target":{"@type":"EntryPoint","urlTemplate":"https:\/\/remembermefrance.org\/?s={search_term_string}"},"query-input":{"@type":"PropertyValueSpecification","valueRequired":true,"valueName":"search_term_string"}}],"inLanguage":"en-GB"},{"@type":"Organization","@id":"https:\/\/remembermefrance.org\/#organization","name":"Remember me","url":"https:\/\/remembermefrance.org\/","logo":{"@type":"ImageObject","inLanguage":"en-GB","@id":"https:\/\/remembermefrance.org\/#\/schema\/logo\/image\/","url":"https:\/\/remembermefrance.org\/wp-content\/uploads\/logo-remember.png","contentUrl":"https:\/\/remembermefrance.org\/wp-content\/uploads\/logo-remember.png","width":325,"height":60,"caption":"Remember me"},"image":{"@id":"https:\/\/remembermefrance.org\/#\/schema\/logo\/image\/"},"sameAs":["https:\/\/www.facebook.com\/remembermefrance","https:\/\/www.instagram.com\/remembermefrance\/"]}]}},"_links":{"self":[{"href":"https:\/\/remembermefrance.org\/en\/wp-json\/wp\/v2\/pages\/70468","targetHints":{"allow":["GET"]}}],"collection":[{"href":"https:\/\/remembermefrance.org\/en\/wp-json\/wp\/v2\/pages"}],"about":[{"href":"https:\/\/remembermefrance.org\/en\/wp-json\/wp\/v2\/types\/page"}],"author":[{"embeddable":true,"href":"https:\/\/remembermefrance.org\/en\/wp-json\/wp\/v2\/users\/5"}],"replies":[{"embeddable":true,"href":"https:\/\/remembermefrance.org\/en\/wp-json\/wp\/v2\/comments?post=70468"}],"version-history":[{"count":0,"href":"https:\/\/remembermefrance.org\/en\/wp-json\/wp\/v2\/pages\/70468\/revisions"}],"up":[{"embeddable":true,"href":"https:\/\/remembermefrance.org\/en\/wp-json\/wp\/v2\/pages\/802"}],"wp:attachment":[{"href":"https:\/\/remembermefrance.org\/en\/wp-json\/wp\/v2\/media?parent=70468"}],"curies":[{"name":"wp","href":"https:\/\/api.w.org\/{rel}","templated":true}]}}