{"id":806,"date":"2020-05-18T11:59:58","date_gmt":"2020-05-18T09:59:58","guid":{"rendered":"https:\/\/remembermefrance.org\/?page_id=806"},"modified":"2026-03-02T14:43:30","modified_gmt":"2026-03-02T13:43:30","slug":"adherer","status":"publish","type":"page","link":"https:\/\/remembermefrance.org\/en\/agir\/adherer\/","title":{"rendered":"Join us"},"content":{"rendered":"<div class=\"wp-block-cover alignfull is-light alignfull1\" style=\"min-height:407px;aspect-ratio:unset;\"><img decoding=\"async\" width=\"800\" height=\"600\" class=\"wp-block-cover__image-background wp-image-10606\" alt=\"\" src=\"https:\/\/remembermefrance.org\/wp-content\/uploads\/gruu_212.jpg\" style=\"object-position:64% 29%\" data-object-fit=\"cover\" data-object-position=\"64% 29%\" srcset=\"https:\/\/remembermefrance.org\/wp-content\/uploads\/gruu_212.jpg 800w, https:\/\/remembermefrance.org\/wp-content\/uploads\/gruu_212-300x225.jpg 300w, https:\/\/remembermefrance.org\/wp-content\/uploads\/gruu_212-500x375.jpg 500w, https:\/\/remembermefrance.org\/wp-content\/uploads\/gruu_212-768x576.jpg 768w, https:\/\/remembermefrance.org\/wp-content\/uploads\/gruu_212-360x270.jpg 360w\" sizes=\"(max-width: 800px) 100vw, 800px\" \/><span aria-hidden=\"true\" class=\"wp-block-cover__background has-background-dim-0 has-background-dim\"><\/span><div class=\"wp-block-cover__inner-container is-layout-flow wp-block-cover-is-layout-flow\">\n<h2 class=\"wp-block-heading has-text-align-center has-white-color has-text-color\" style=\"font-size:49px\">Join us<\/h2>\n<\/div><\/div>\n\n\n\n<div style=\"height:16px\" aria-hidden=\"true\" class=\"wp-block-spacer\"><\/div>\n\n\n\n<div class=\"wp-block-columns are-vertically-aligned-center is-layout-flex wp-container-core-columns-is-layout-9d6595d7 wp-block-columns-is-layout-flex\">\n<div class=\"wp-block-column is-vertically-aligned-center is-layout-flow wp-block-column-is-layout-flow\">\n<p>Joining our association is a activism that helps advance the cause of Romanian animals in distress. The more members the association has, the greater its impact in all areas.<\/p>\n\n\n\n<p>Members have access to a section of the forum reserved for members, where they can find administrative and accounting information, interact with other volunteers, make suggestions, etc.<\/p>\n<\/div>\n\n\n\n<div class=\"wp-block-column is-vertically-aligned-center is-layout-flow wp-block-column-is-layout-flow\">\n<figure class=\"wp-block-image size-medium is-resized\"><a href=\"https:\/\/remembermefrance.org\/wp-content\/uploads\/celte_37.jpg\"><img decoding=\"async\" width=\"225\" height=\"300\" src=\"https:\/\/remembermefrance.org\/wp-content\/uploads\/celte_37-225x300.jpg\" alt=\"\" class=\"wp-image-10613\" style=\"width:224px;height:auto\" srcset=\"https:\/\/remembermefrance.org\/wp-content\/uploads\/celte_37-225x300.jpg 225w, https:\/\/remembermefrance.org\/wp-content\/uploads\/celte_37.jpg 360w\" sizes=\"(max-width: 225px) 100vw, 225px\" \/><\/a><\/figure>\n\n\n\n<p>Celte &amp; Jouvence<\/p>\n<\/div>\n<\/div>\n\n\n\n<h2 class=\"wp-block-heading\">Become a member online<\/h2>\n\n\n\n<p>To facilitate the membership process, we have set up an online registration system via Yapla:<\/p>\n\n\n\n<iframe width=\"950\" height=\"750\" src=\"https:\/\/remember-me-france.s2.yapla.com\/fr\/espace-membres\"><\/iframe>\n\n\n\n<h2 class=\"wp-block-heading\">Become a member by email or post<\/h2>\n\n\n\n<p>Please fill out the membership form below and send it to us by email at the following address: assorememberme@gmail.com <\/p>\n\n\n\n<div class=\"wp-block-buttons discover-btn is-layout-flex wp-block-buttons-is-layout-flex\">\n<div class=\"wp-block-button button1\"><a class=\"wp-block-button__link wp-element-button\" href=\"https:\/\/remembermefrance.org\/wp-content\/uploads\/BULLETIN-D-ADHESION-2026.docx\" target=\"_blank\" rel=\"noreferrer noopener\">Bulletin d&rsquo;adh\u00e9sion 2026<\/a><\/div>\n<\/div>\n\n\n<p><!-- \/wp:post-content --><\/p>\n<p><!-- wp:paragraph --><\/p>\n<p>You can pay the membership fee by check, by bank transfer using the RIB below, or by PayPal via our email address: assorememberme@gmail.com<\/p>\n<p><!-- \/wp:paragraph --><\/p>\n<p><!-- wp:paragraph --><\/p>\n<p><!-- \/wp:paragraph --><\/p>\n<p><!-- wp:image {\"id\":1242,\"sizeSlug\":\"large\",\"className\":\"is-style-default\"} --><\/p>\n<figure class=\"wp-block-image size-large is-style-default\"><img decoding=\"async\" class=\"alignnone wp-image-77328 size-large\" src=\"https:\/\/remembermefrance.org\/wp-content\/uploads\/captur10-2-500x256.jpg\" alt=\"\" width=\"500\" height=\"256\" srcset=\"https:\/\/remembermefrance.org\/wp-content\/uploads\/captur10-2-500x256.jpg 500w, https:\/\/remembermefrance.org\/wp-content\/uploads\/captur10-2-300x154.jpg 300w, https:\/\/remembermefrance.org\/wp-content\/uploads\/captur10-2-18x9.jpg 18w, https:\/\/remembermefrance.org\/wp-content\/uploads\/captur10-2-360x184.jpg 360w, https:\/\/remembermefrance.org\/wp-content\/uploads\/captur10-2.jpg 639w\" sizes=\"(max-width: 500px) 100vw, 500px\" \/><\/figure>\n<p><!-- \/wp:image --><\/p>","protected":false},"excerpt":{"rendered":"<p>Adh\u00e9rer \u00e0 notre association est un geste militant, qui permet de faire progresser la cause des animaux roumains en d\u00e9tresse. Plus l&rsquo;association compte d&rsquo;adh\u00e9rents, plus&hellip;<\/p>","protected":false},"author":5,"featured_media":0,"parent":802,"menu_order":0,"comment_status":"closed","ping_status":"closed","template":"","meta":{"cybocfi_hide_featured_image":"","footnotes":""},"class_list":["post-806","page","type-page","status-publish","hentry"],"yoast_head":"<!-- This site is optimized with the Yoast SEO plugin v26.6 - https:\/\/yoast.com\/wordpress\/plugins\/seo\/ -->\n<title>Adh\u00e9rer - Association RMF<\/title>\n<meta name=\"robots\" content=\"index, follow, max-snippet:-1, max-image-preview:large, max-video-preview:-1\" \/>\n<link rel=\"canonical\" href=\"https:\/\/remembermefrance.org\/en\/agir\/adherer\/\" \/>\n<meta property=\"og:locale\" content=\"en_GB\" \/>\n<meta property=\"og:type\" content=\"article\" \/>\n<meta property=\"og:title\" content=\"Adh\u00e9rer - Association RMF\" \/>\n<meta property=\"og:description\" content=\"Adh\u00e9rer \u00e0 notre association est un geste militant, qui permet de faire progresser la cause des animaux roumains en d\u00e9tresse. Plus l&rsquo;association compte d&rsquo;adh\u00e9rents, plus&hellip;\" \/>\n<meta property=\"og:url\" content=\"https:\/\/remembermefrance.org\/en\/agir\/adherer\/\" \/>\n<meta property=\"og:site_name\" content=\"Association RMF\" \/>\n<meta property=\"article:publisher\" content=\"https:\/\/www.facebook.com\/remembermefrance\" \/>\n<meta property=\"article:modified_time\" content=\"2026-03-02T13:43:30+00:00\" \/>\n<meta property=\"og:image\" content=\"https:\/\/remembermefrance.org\/wp-content\/uploads\/gruu_212.jpg\" \/>\n\t<meta property=\"og:image:width\" content=\"800\" \/>\n\t<meta property=\"og:image:height\" content=\"600\" \/>\n\t<meta property=\"og:image:type\" content=\"image\/jpeg\" \/>\n<meta name=\"twitter:card\" content=\"summary_large_image\" \/>\n<meta name=\"twitter:label1\" content=\"Estimated reading time\" \/>\n\t<meta name=\"twitter:data1\" content=\"2 minutes\" \/>\n<script type=\"application\/ld+json\" class=\"yoast-schema-graph\">{\"@context\":\"https:\/\/schema.org\",\"@graph\":[{\"@type\":\"WebPage\",\"@id\":\"https:\/\/remembermefrance.org\/agir\/adherer\/\",\"url\":\"https:\/\/remembermefrance.org\/agir\/adherer\/\",\"name\":\"Adh\u00e9rer - Association RMF\",\"isPartOf\":{\"@id\":\"https:\/\/remembermefrance.org\/#website\"},\"primaryImageOfPage\":{\"@id\":\"https:\/\/remembermefrance.org\/agir\/adherer\/#primaryimage\"},\"image\":{\"@id\":\"https:\/\/remembermefrance.org\/agir\/adherer\/#primaryimage\"},\"thumbnailUrl\":\"https:\/\/remembermefrance.org\/wp-content\/uploads\/gruu_212.jpg\",\"datePublished\":\"2020-05-18T09:59:58+00:00\",\"dateModified\":\"2026-03-02T13:43:30+00:00\",\"breadcrumb\":{\"@id\":\"https:\/\/remembermefrance.org\/agir\/adherer\/#breadcrumb\"},\"inLanguage\":\"en-GB\",\"potentialAction\":[{\"@type\":\"ReadAction\",\"target\":[\"https:\/\/remembermefrance.org\/agir\/adherer\/\"]}]},{\"@type\":\"ImageObject\",\"inLanguage\":\"en-GB\",\"@id\":\"https:\/\/remembermefrance.org\/agir\/adherer\/#primaryimage\",\"url\":\"https:\/\/remembermefrance.org\/wp-content\/uploads\/gruu_212.jpg\",\"contentUrl\":\"https:\/\/remembermefrance.org\/wp-content\/uploads\/gruu_212.jpg\"},{\"@type\":\"BreadcrumbList\",\"@id\":\"https:\/\/remembermefrance.org\/agir\/adherer\/#breadcrumb\",\"itemListElement\":[{\"@type\":\"ListItem\",\"position\":1,\"name\":\"Accueil\",\"item\":\"https:\/\/remembermefrance.org\/\"},{\"@type\":\"ListItem\",\"position\":2,\"name\":\"Agir\",\"item\":\"https:\/\/remembermefrance.org\/agir\/\"},{\"@type\":\"ListItem\",\"position\":3,\"name\":\"Adh\u00e9rer\"}]},{\"@type\":\"WebSite\",\"@id\":\"https:\/\/remembermefrance.org\/#website\",\"url\":\"https:\/\/remembermefrance.org\/\",\"name\":\"Remember me\",\"description\":\"Adopter un chien roumain\",\"publisher\":{\"@id\":\"https:\/\/remembermefrance.org\/#organization\"},\"potentialAction\":[{\"@type\":\"SearchAction\",\"target\":{\"@type\":\"EntryPoint\",\"urlTemplate\":\"https:\/\/remembermefrance.org\/?s={search_term_string}\"},\"query-input\":{\"@type\":\"PropertyValueSpecification\",\"valueRequired\":true,\"valueName\":\"search_term_string\"}}],\"inLanguage\":\"en-GB\"},{\"@type\":\"Organization\",\"@id\":\"https:\/\/remembermefrance.org\/#organization\",\"name\":\"Remember me\",\"url\":\"https:\/\/remembermefrance.org\/\",\"logo\":{\"@type\":\"ImageObject\",\"inLanguage\":\"en-GB\",\"@id\":\"https:\/\/remembermefrance.org\/#\/schema\/logo\/image\/\",\"url\":\"https:\/\/remembermefrance.org\/wp-content\/uploads\/logo-remember.png\",\"contentUrl\":\"https:\/\/remembermefrance.org\/wp-content\/uploads\/logo-remember.png\",\"width\":325,\"height\":60,\"caption\":\"Remember me\"},\"image\":{\"@id\":\"https:\/\/remembermefrance.org\/#\/schema\/logo\/image\/\"},\"sameAs\":[\"https:\/\/www.facebook.com\/remembermefrance\",\"https:\/\/www.instagram.com\/remembermefrance\/\"]}]}<\/script>\n<!-- \/ Yoast SEO plugin. -->","yoast_head_json":{"title":"Adh\u00e9rer - Association RMF","robots":{"index":"index","follow":"follow","max-snippet":"max-snippet:-1","max-image-preview":"max-image-preview:large","max-video-preview":"max-video-preview:-1"},"canonical":"https:\/\/remembermefrance.org\/en\/agir\/adherer\/","og_locale":"en_GB","og_type":"article","og_title":"Adh\u00e9rer - Association RMF","og_description":"Adh\u00e9rer \u00e0 notre association est un geste militant, qui permet de faire progresser la cause des animaux roumains en d\u00e9tresse. Plus l&rsquo;association compte d&rsquo;adh\u00e9rents, plus&hellip;","og_url":"https:\/\/remembermefrance.org\/en\/agir\/adherer\/","og_site_name":"Association RMF","article_publisher":"https:\/\/www.facebook.com\/remembermefrance","article_modified_time":"2026-03-02T13:43:30+00:00","og_image":[{"width":800,"height":600,"url":"https:\/\/remembermefrance.org\/wp-content\/uploads\/gruu_212.jpg","type":"image\/jpeg"}],"twitter_card":"summary_large_image","twitter_misc":{"Estimated reading time":"2 minutes"},"schema":{"@context":"https:\/\/schema.org","@graph":[{"@type":"WebPage","@id":"https:\/\/remembermefrance.org\/agir\/adherer\/","url":"https:\/\/remembermefrance.org\/agir\/adherer\/","name":"Adh\u00e9rer - Association RMF","isPartOf":{"@id":"https:\/\/remembermefrance.org\/#website"},"primaryImageOfPage":{"@id":"https:\/\/remembermefrance.org\/agir\/adherer\/#primaryimage"},"image":{"@id":"https:\/\/remembermefrance.org\/agir\/adherer\/#primaryimage"},"thumbnailUrl":"https:\/\/remembermefrance.org\/wp-content\/uploads\/gruu_212.jpg","datePublished":"2020-05-18T09:59:58+00:00","dateModified":"2026-03-02T13:43:30+00:00","breadcrumb":{"@id":"https:\/\/remembermefrance.org\/agir\/adherer\/#breadcrumb"},"inLanguage":"en-GB","potentialAction":[{"@type":"ReadAction","target":["https:\/\/remembermefrance.org\/agir\/adherer\/"]}]},{"@type":"ImageObject","inLanguage":"en-GB","@id":"https:\/\/remembermefrance.org\/agir\/adherer\/#primaryimage","url":"https:\/\/remembermefrance.org\/wp-content\/uploads\/gruu_212.jpg","contentUrl":"https:\/\/remembermefrance.org\/wp-content\/uploads\/gruu_212.jpg"},{"@type":"BreadcrumbList","@id":"https:\/\/remembermefrance.org\/agir\/adherer\/#breadcrumb","itemListElement":[{"@type":"ListItem","position":1,"name":"Accueil","item":"https:\/\/remembermefrance.org\/"},{"@type":"ListItem","position":2,"name":"Agir","item":"https:\/\/remembermefrance.org\/agir\/"},{"@type":"ListItem","position":3,"name":"Adh\u00e9rer"}]},{"@type":"WebSite","@id":"https:\/\/remembermefrance.org\/#website","url":"https:\/\/remembermefrance.org\/","name":"Remember me","description":"Adopt a Romanian dog","publisher":{"@id":"https:\/\/remembermefrance.org\/#organization"},"potentialAction":[{"@type":"SearchAction","target":{"@type":"EntryPoint","urlTemplate":"https:\/\/remembermefrance.org\/?s={search_term_string}"},"query-input":{"@type":"PropertyValueSpecification","valueRequired":true,"valueName":"search_term_string"}}],"inLanguage":"en-GB"},{"@type":"Organization","@id":"https:\/\/remembermefrance.org\/#organization","name":"Remember me","url":"https:\/\/remembermefrance.org\/","logo":{"@type":"ImageObject","inLanguage":"en-GB","@id":"https:\/\/remembermefrance.org\/#\/schema\/logo\/image\/","url":"https:\/\/remembermefrance.org\/wp-content\/uploads\/logo-remember.png","contentUrl":"https:\/\/remembermefrance.org\/wp-content\/uploads\/logo-remember.png","width":325,"height":60,"caption":"Remember me"},"image":{"@id":"https:\/\/remembermefrance.org\/#\/schema\/logo\/image\/"},"sameAs":["https:\/\/www.facebook.com\/remembermefrance","https:\/\/www.instagram.com\/remembermefrance\/"]}]}},"_links":{"self":[{"href":"https:\/\/remembermefrance.org\/en\/wp-json\/wp\/v2\/pages\/806","targetHints":{"allow":["GET"]}}],"collection":[{"href":"https:\/\/remembermefrance.org\/en\/wp-json\/wp\/v2\/pages"}],"about":[{"href":"https:\/\/remembermefrance.org\/en\/wp-json\/wp\/v2\/types\/page"}],"author":[{"embeddable":true,"href":"https:\/\/remembermefrance.org\/en\/wp-json\/wp\/v2\/users\/5"}],"replies":[{"embeddable":true,"href":"https:\/\/remembermefrance.org\/en\/wp-json\/wp\/v2\/comments?post=806"}],"version-history":[{"count":2,"href":"https:\/\/remembermefrance.org\/en\/wp-json\/wp\/v2\/pages\/806\/revisions"}],"predecessor-version":[{"id":99719,"href":"https:\/\/remembermefrance.org\/en\/wp-json\/wp\/v2\/pages\/806\/revisions\/99719"}],"up":[{"embeddable":true,"href":"https:\/\/remembermefrance.org\/en\/wp-json\/wp\/v2\/pages\/802"}],"wp:attachment":[{"href":"https:\/\/remembermefrance.org\/en\/wp-json\/wp\/v2\/media?parent=806"}],"curies":[{"name":"wp","href":"https:\/\/api.w.org\/{rel}","templated":true}]}}