{"id":817,"date":"2020-05-18T12:04:52","date_gmt":"2020-05-18T10:04:52","guid":{"rendered":"https:\/\/remembermefrance.org\/?page_id=817"},"modified":"2025-08-30T16:10:00","modified_gmt":"2025-08-30T14:10:00","slug":"actualites","status":"publish","type":"page","link":"https:\/\/remembermefrance.org\/en\/actualites\/","title":{"rendered":"News"},"content":{"rendered":"<div class=\"n2_clear\"><ss3-force-full-width data-overflow-x=\"body\" data-horizontal-selector=\"body\"><div class=\"n2-section-smartslider fitvidsignore  n2_clear\" data-ssid=\"7\"><div id=\"n2-ss-7-align\" class=\"n2-ss-align\"><div class=\"n2-padding\"><div id=\"n2-ss-7\" data-creator=\"Smart Slider 3\" data-responsive=\"fullwidth\" class=\"n2-ss-slider n2-ow n2-has-hover n2notransition\">\n        <div class=\"n2-ss-slider-1 n2-ow\">\n            <div class=\"n2-ss-slider-2 n2-ow\">\n                <div class=\"n2-ss-slide-backgrounds n2-ow-all\"><div class=\"n2-ss-slide-background\" data-public-id=\"1\" data-mode=\"fill\"><div class=\"n2-ss-slide-background-image\" data-blur=\"0\" data-opacity=\"100\" data-x=\"50\" data-y=\"50\" data-alt=\"\" data-title=\"\"><picture class=\"skip-lazy\" data-skip-lazy=\"1\"><img decoding=\"async\" src=\"\/\/remembermefrance.org\/wp-content\/uploads\/actualites-chiens.jpg\" alt=\"\" title=\"\" loading=\"lazy\" class=\"skip-lazy\" data-skip-lazy=\"1\"><\/picture><\/div><div data-color=\"RGBA(255,255,255,0)\" style=\"background-color: RGBA(255,255,255,0);\" class=\"n2-ss-slide-background-color\"><\/div><\/div><\/div>                <div class=\"n2-ss-slider-3 n2-ow\">\n                    <svg xmlns=\"http:\/\/www.w3.org\/2000\/svg\" viewbox=\"0 0 1200 550\" data-related-device=\"desktopPortrait\" class=\"n2-ow n2-ss-preserve-size n2-ss-preserve-size--slider n2-ss-slide-limiter\"><\/svg><div data-first=\"1\" data-slide-duration=\"0\" data-id=\"10\" data-slide-public-id=\"1\" data-title=\"association-protection-animaux\" class=\"n2-ss-slide n2-ow  n2-ss-slide-10\"><div role=\"note\" class=\"n2-ss-slide--focus\" tabindex=\"-1\">association-protection-animaux<\/div><div class=\"n2-ss-layers-container n2-ss-slide-limiter n2-ow\"><div class=\"n2-ss-layer n2-ow n-uc-p46FYojxxFd8\" data-sstype=\"slide\" data-pm=\"default\"><div class=\"n2-ss-layer n2-ow n-uc-sAPxzALX3yGu\" data-pm=\"default\" data-sstype=\"content\" data-hasbackground=\"0\"><div class=\"n2-ss-section-main-content n2-ss-layer-with-background n2-ss-layer-content n2-ow n-uc-sAPxzALX3yGu-inner\"><div class=\"n2-ss-layer n2-ow n-uc-1c244ba864089\" data-pm=\"normal\" data-animv2=\"{&quot;basic&quot;:{&quot;in&quot;:{&quot;type&quot;:&quot;basic&quot;,&quot;name&quot;:&quot;Zoom avant&quot;,&quot;keyFrames&quot;:[{&quot;duration&quot;:0.2,&quot;scaleX&quot;:0,&quot;scaleY&quot;:0}]}}}\" data-sstype=\"layer\"><div id=\"n2-ss-7item1\" class=\"n2-font-b8cb8c7b769b57136d9e66bf752ba37c-hover n2-style-f8fd58bf5b1728923a46ed2f15e69b35-heading   n2-ss-item-content n2-ss-text n2-ow\" style=\"display:block;\">NEWS<\/div><\/div><\/div><\/div><\/div><\/div><\/div>                <\/div>\n                            <\/div>\n        <\/div>\n        <\/div><ss3-loader><\/ss3-loader><\/div><\/div><div class=\"n2_clear\"><\/div><\/div><\/ss3-force-full-width><\/div>\n\n\n<div style=\"height:50px\" aria-hidden=\"true\" class=\"wp-block-spacer\"><\/div>\n\n\n\n<h2 class=\"wp-block-heading\">Our latest news<\/h2>\n\n\n<div class=\"pt-cv-wrapper\"><div class=\"pt-cv-view pt-cv-grid pt-cv-colsys\" id=\"pt-cv-view-75b2694zbm\"><div data-id=\"pt-cv-page-1\" class=\"pt-cv-page\" data-cvc=\"3\"><div class=\"col-md-4 col-sm-6 col-xs-12 pt-cv-content-item pt-cv-1-col\" ><div class='pt-cv-ifield'><a href=\"https:\/\/remembermefrance.org\/en\/partenaire-zoomalia\/\" class=\"_self pt-cv-href-thumbnail pt-cv-thumb-default\" target=\"_self\" ><img decoding=\"async\" width=\"225\" height=\"225\" src=\"https:\/\/remembermefrance.org\/wp-content\/uploads\/zoomalia.png\" class=\"pt-cv-thumbnail\" alt=\"\" srcset=\"https:\/\/remembermefrance.org\/wp-content\/uploads\/zoomalia.png 225w, https:\/\/remembermefrance.org\/wp-content\/uploads\/zoomalia-100x100.png 100w, https:\/\/remembermefrance.org\/wp-content\/uploads\/zoomalia-150x150.png 150w, https:\/\/remembermefrance.org\/wp-content\/uploads\/zoomalia-12x12.png 12w\" sizes=\"(max-width: 225px) 100vw, 225px\" \/><\/a>\n<h4 class=\"pt-cv-title\"><a href=\"https:\/\/remembermefrance.org\/en\/partenaire-zoomalia\/\" class=\"_self\" target=\"_self\" >Nouveau partenariat avec Zoomalia<\/a><\/h4>\n<div class=\"pt-cv-content\">Ainsi, nous vous offrons un moyen simple et sans frais suppl\u00e9mentaires pour vous de soutenir l'association Remember Me !\u00a0 Voici ...<br \/><div class=\"pt-cv-rmwrap\"><a href=\"https:\/\/remembermefrance.org\/en\/partenaire-zoomalia\/\" class=\"_self pt-cv-readmore btn btn-success\" target=\"_self\">Read the rest (French only)<\/a><\/div><\/div>\n<div class=\"pt-cv-meta-fields\"><span class=\"entry-date\"> <time datetime=\"2023-12-23T14:02:27+01:00\">23 December 2023<\/time><\/span><\/div><\/div><\/div>\n<div class=\"col-md-4 col-sm-6 col-xs-12 pt-cv-content-item pt-cv-1-col\" ><div class='pt-cv-ifield'><a href=\"https:\/\/remembermefrance.org\/en\/vente-de-chocolat-de-noel\/\" class=\"_self pt-cv-href-thumbnail pt-cv-thumb-default\" target=\"_self\" ><img decoding=\"async\" width=\"300\" height=\"300\" src=\"https:\/\/remembermefrance.org\/wp-content\/uploads\/danielstoffel-300x300.jpg\" class=\"pt-cv-thumbnail\" alt=\"\" srcset=\"https:\/\/remembermefrance.org\/wp-content\/uploads\/danielstoffel-300x300.jpg 300w, https:\/\/remembermefrance.org\/wp-content\/uploads\/danielstoffel-100x100.jpg 100w, https:\/\/remembermefrance.org\/wp-content\/uploads\/danielstoffel-500x500.jpg 500w, https:\/\/remembermefrance.org\/wp-content\/uploads\/danielstoffel-150x150.jpg 150w, https:\/\/remembermefrance.org\/wp-content\/uploads\/danielstoffel-12x12.jpg 12w, https:\/\/remembermefrance.org\/wp-content\/uploads\/danielstoffel-360x359.jpg 360w, https:\/\/remembermefrance.org\/wp-content\/uploads\/danielstoffel.jpg 643w\" sizes=\"(max-width: 300px) 100vw, 300px\" \/><\/a>\n<h4 class=\"pt-cv-title\"><a href=\"https:\/\/remembermefrance.org\/en\/vente-de-chocolat-de-noel\/\" class=\"_self\" target=\"_self\" >Vente de chocolat de No\u00ebl<\/a><\/h4>\n<div class=\"pt-cv-content\">Pour soutenir l\u2019association et commencer \u00e0 pr\u00e9parer les festivit\u00e9s de fin d\u2019ann\u00e9e, Remember Me s\u2019est associ\u00e9 avec le chocolatier alsacien ...<br \/><div class=\"pt-cv-rmwrap\"><a href=\"https:\/\/remembermefrance.org\/en\/vente-de-chocolat-de-noel\/\" class=\"_self pt-cv-readmore btn btn-success\" target=\"_self\">Read the rest (French only)<\/a><\/div><\/div>\n<div class=\"pt-cv-meta-fields\"><span class=\"entry-date\"> <time datetime=\"2023-11-01T13:54:37+01:00\">1 November 2023<\/time><\/span><\/div><\/div><\/div>\n<div class=\"col-md-4 col-sm-6 col-xs-12 pt-cv-content-item pt-cv-1-col\" ><div class='pt-cv-ifield'><a href=\"https:\/\/remembermefrance.org\/en\/la-chasse-au-tresor\/\" class=\"_self pt-cv-href-thumbnail pt-cv-thumb-default\" target=\"_self\" ><img decoding=\"async\" width=\"300\" height=\"300\" src=\"https:\/\/remembermefrance.org\/wp-content\/uploads\/artax_23-edited-300x300.jpg\" class=\"pt-cv-thumbnail\" alt=\"\" srcset=\"https:\/\/remembermefrance.org\/wp-content\/uploads\/artax_23-edited-300x300.jpg 300w, https:\/\/remembermefrance.org\/wp-content\/uploads\/artax_23-edited-100x100.jpg 100w, https:\/\/remembermefrance.org\/wp-content\/uploads\/artax_23-edited-500x500.jpg 500w, https:\/\/remembermefrance.org\/wp-content\/uploads\/artax_23-edited-150x150.jpg 150w, https:\/\/remembermefrance.org\/wp-content\/uploads\/artax_23-edited-768x768.jpg 768w, https:\/\/remembermefrance.org\/wp-content\/uploads\/artax_23-edited-12x12.jpg 12w, https:\/\/remembermefrance.org\/wp-content\/uploads\/artax_23-edited-360x360.jpg 360w, https:\/\/remembermefrance.org\/wp-content\/uploads\/artax_23-edited.jpg 800w\" sizes=\"(max-width: 300px) 100vw, 300px\" \/><\/a>\n<h4 class=\"pt-cv-title\"><a href=\"https:\/\/remembermefrance.org\/en\/la-chasse-au-tresor\/\" class=\"_self\" target=\"_self\" >La Chasse au Tr\u00e9sor<\/a><\/h4>\n<div class=\"pt-cv-content\">La vocation de Remember Me est de sauver des chiens et chats \u00e0 Pascani en Roumanie : ils sont recueillis, ...<br \/><div class=\"pt-cv-rmwrap\"><a href=\"https:\/\/remembermefrance.org\/en\/la-chasse-au-tresor\/\" class=\"_self pt-cv-readmore btn btn-success\" target=\"_self\">Read the rest (French only)<\/a><\/div><\/div>\n<div class=\"pt-cv-meta-fields\"><span class=\"entry-date\"> <time datetime=\"2023-09-18T09:07:32+02:00\">18 September 2023<\/time><\/span><\/div><\/div><\/div><\/div><\/div>\n<div class=\"pt-cv-pagination-wrapper\"><ul class=\"pt-cv-pagination pt-cv-ajax pagination\" data-totalpages=\"6\" data-currentpage=\"1\" data-sid=\"75b2694zbm\" data-unid=\"\" data-isblock=\"\" data-postid=\"\"><li class=\"active\"><a href=\"#\">1<\/a><\/li>\n\t<li ><a class=\"\" href=\"https:\/\/remembermefrance.org\/en\/wp-json\/wp\/v2\/pages\/817\/?_page=2\">2<\/a><\/li>\n\t<li ><a class=\"\" href=\"https:\/\/remembermefrance.org\/en\/wp-json\/wp\/v2\/pages\/817\/?_page=3\">3<\/a><\/li>\n\t<li ><a href=\"#\">&hellip;<\/a><\/li>\n\t<li ><a class=\"\" href=\"https:\/\/remembermefrance.org\/en\/wp-json\/wp\/v2\/pages\/817\/?_page=6\">6<\/a><\/li>\n\t<li ><a class=\"\" href=\"https:\/\/remembermefrance.org\/en\/wp-json\/wp\/v2\/pages\/817\/?_page=2\">&rsaquo;<\/a><\/li>\n\t<\/ul><img decoding=\"async\" width=\"15\" height=\"15\" class=\"pt-cv-spinner\" alt=\"Loading...\" src=\"data:image\/gif;base64,R0lGODlhDwAPALMPAMrKygwMDJOTkz09PZWVla+vr3p6euTk5M7OzuXl5TMzMwAAAJmZmWZmZszMzP\/\/\/yH\/C05FVFNDQVBFMi4wAwEAAAAh+QQFCgAPACwAAAAADwAPAAAEQvDJaZaZOIcV8iQK8VRX4iTYoAwZ4iCYoAjZ4RxejhVNoT+mRGP4cyF4Pp0N98sBGIBMEMOotl6YZ3S61Bmbkm4mAgAh+QQFCgAPACwAAAAADQANAAAENPDJSRSZeA418itN8QiK8BiLITVsFiyBBIoYqnoewAD4xPw9iY4XLGYSjkQR4UAUD45DLwIAIfkEBQoADwAsAAAAAA8ACQAABC\/wyVlamTi3nSdgwFNdhEJgTJoNyoB9ISYoQmdjiZPcj7EYCAeCF1gEDo4Dz2eIAAAh+QQFCgAPACwCAAAADQANAAAEM\/DJBxiYeLKdX3IJZT1FU0iIg2RNKx3OkZVnZ98ToRD4MyiDnkAh6BkNC0MvsAj0kMpHBAAh+QQFCgAPACwGAAAACQAPAAAEMDC59KpFDll73HkAA2wVY5KgiK5b0RRoI6MuzG6EQqCDMlSGheEhUAgqgUUAFRySIgAh+QQFCgAPACwCAAIADQANAAAEM\/DJKZNLND\/kkKaHc3xk+QAMYDKsiaqmZCxGVjSFFCxB1vwy2oOgIDxuucxAMTAJFAJNBAAh+QQFCgAPACwAAAYADwAJAAAEMNAs86q1yaWwwv2Ig0jUZx3OYa4XoRAfwADXoAwfo1+CIjyFRuEho60aSNYlOPxEAAAh+QQFCgAPACwAAAIADQANAAAENPA9s4y8+IUVcqaWJ4qEQozSoAzoIyhCK2NFU2SJk0hNnyEOhKR2AzAAj4Pj4GE4W0bkJQIAOw==\" \/><div class=\"clear pt-cv-clear-pagination\"><\/div><\/div><\/div>\n\n\n\n<div class=\"wp-block-buttons is-content-justification-center is-layout-flex wp-container-core-buttons-is-layout-16018d1d wp-block-buttons-is-layout-flex\">\n<div class=\"wp-block-button\"><a class=\"wp-block-button__link wp-element-button\" href=\"\/en\/nos-dernieres-actualites\/\">Tous les articles<\/a><\/div>\n<\/div>\n\n\n\n<div style=\"height:34px\" aria-hidden=\"true\" class=\"wp-block-spacer\"><\/div>\n\n\n\n<h2 class=\"wp-block-heading\">In the media<\/h2>\n\n\n\n<div class=\"pt-cv-wrapper\"><div class=\"pt-cv-view pt-cv-grid pt-cv-colsys\" id=\"pt-cv-view-bbc1a62rk3\"><div data-id=\"pt-cv-page-1\" class=\"pt-cv-page\" data-cvc=\"3\"><div class=\"col-md-4 col-sm-6 col-xs-12 pt-cv-content-item pt-cv-1-col\" ><div class='pt-cv-ifield'><a href=\"https:\/\/remembermefrance.org\/en\/cedric-sapin-defour-lanimal-se-trouve-au-coeur-de-mon-existence\/\" class=\"_self pt-cv-href-thumbnail pt-cv-thumb-default\" target=\"_self\" ><img decoding=\"async\" width=\"300\" height=\"170\" src=\"https:\/\/remembermefrance.org\/wp-content\/uploads\/Cedric_sapin_defour_Ubac-300x170.jpg\" class=\"pt-cv-thumbnail\" alt=\"\" srcset=\"https:\/\/remembermefrance.org\/wp-content\/uploads\/Cedric_sapin_defour_Ubac-300x170.jpg 300w, https:\/\/remembermefrance.org\/wp-content\/uploads\/Cedric_sapin_defour_Ubac-500x283.jpg 500w, https:\/\/remembermefrance.org\/wp-content\/uploads\/Cedric_sapin_defour_Ubac-768x434.jpg 768w, https:\/\/remembermefrance.org\/wp-content\/uploads\/Cedric_sapin_defour_Ubac-18x10.jpg 18w, https:\/\/remembermefrance.org\/wp-content\/uploads\/Cedric_sapin_defour_Ubac-360x203.jpg 360w, https:\/\/remembermefrance.org\/wp-content\/uploads\/Cedric_sapin_defour_Ubac.jpg 1175w\" sizes=\"(max-width: 300px) 100vw, 300px\" \/><\/a>\n<h4 class=\"pt-cv-title\"><a href=\"https:\/\/remembermefrance.org\/en\/cedric-sapin-defour-lanimal-se-trouve-au-coeur-de-mon-existence\/\" class=\"_self\" target=\"_self\" >C\u00e9dric Sapin-Defour : \u00ab L\u2019animal se trouve au c\u0153ur de mon existence \u00bb<\/a><\/h4>\n<div class=\"pt-cv-content\">30 MILLIONS D'AMIS -- C\u00e9dric Sapin-Defour est le laur\u00e9at du 41e Prix Litt\u00e9raire 30 Millions d\u2019Amis pour son roman \u00ab ...<br \/><div class=\"pt-cv-rmwrap\"><a href=\"https:\/\/remembermefrance.org\/en\/cedric-sapin-defour-lanimal-se-trouve-au-coeur-de-mon-existence\/\" class=\"_self pt-cv-readmore btn btn-success\" target=\"_self\">Read the rest (French only)<\/a><\/div><\/div>\n<div class=\"pt-cv-meta-fields\"><span class=\"entry-date\"> <time datetime=\"2023-12-31T16:34:27+01:00\">31 December 2023<\/time><\/span><\/div><\/div><\/div>\n<div class=\"col-md-4 col-sm-6 col-xs-12 pt-cv-content-item pt-cv-1-col\" ><div class='pt-cv-ifield'><a href=\"https:\/\/remembermefrance.org\/en\/partenaire-zoomalia\/\" class=\"_self pt-cv-href-thumbnail pt-cv-thumb-default\" target=\"_self\" ><img decoding=\"async\" width=\"225\" height=\"225\" src=\"https:\/\/remembermefrance.org\/wp-content\/uploads\/zoomalia.png\" class=\"pt-cv-thumbnail\" alt=\"\" srcset=\"https:\/\/remembermefrance.org\/wp-content\/uploads\/zoomalia.png 225w, https:\/\/remembermefrance.org\/wp-content\/uploads\/zoomalia-100x100.png 100w, https:\/\/remembermefrance.org\/wp-content\/uploads\/zoomalia-150x150.png 150w, https:\/\/remembermefrance.org\/wp-content\/uploads\/zoomalia-12x12.png 12w\" sizes=\"(max-width: 225px) 100vw, 225px\" \/><\/a>\n<h4 class=\"pt-cv-title\"><a href=\"https:\/\/remembermefrance.org\/en\/partenaire-zoomalia\/\" class=\"_self\" target=\"_self\" >Nouveau partenariat avec Zoomalia<\/a><\/h4>\n<div class=\"pt-cv-content\">Ainsi, nous vous offrons un moyen simple et sans frais suppl\u00e9mentaires pour vous de soutenir l'association Remember Me !\u00a0 Voici ...<br \/><div class=\"pt-cv-rmwrap\"><a href=\"https:\/\/remembermefrance.org\/en\/partenaire-zoomalia\/\" class=\"_self pt-cv-readmore btn btn-success\" target=\"_self\">Read the rest (French only)<\/a><\/div><\/div>\n<div class=\"pt-cv-meta-fields\"><span class=\"entry-date\"> <time datetime=\"2023-12-23T14:02:27+01:00\">23 December 2023<\/time><\/span><\/div><\/div><\/div>\n<div class=\"col-md-4 col-sm-6 col-xs-12 pt-cv-content-item pt-cv-1-col\" ><div class='pt-cv-ifield'><a href=\"https:\/\/remembermefrance.org\/en\/vente-de-chocolat-de-noel\/\" class=\"_self pt-cv-href-thumbnail pt-cv-thumb-default\" target=\"_self\" ><img decoding=\"async\" width=\"300\" height=\"300\" src=\"https:\/\/remembermefrance.org\/wp-content\/uploads\/danielstoffel-300x300.jpg\" class=\"pt-cv-thumbnail\" alt=\"\" srcset=\"https:\/\/remembermefrance.org\/wp-content\/uploads\/danielstoffel-300x300.jpg 300w, https:\/\/remembermefrance.org\/wp-content\/uploads\/danielstoffel-100x100.jpg 100w, https:\/\/remembermefrance.org\/wp-content\/uploads\/danielstoffel-500x500.jpg 500w, https:\/\/remembermefrance.org\/wp-content\/uploads\/danielstoffel-150x150.jpg 150w, https:\/\/remembermefrance.org\/wp-content\/uploads\/danielstoffel-12x12.jpg 12w, https:\/\/remembermefrance.org\/wp-content\/uploads\/danielstoffel-360x359.jpg 360w, https:\/\/remembermefrance.org\/wp-content\/uploads\/danielstoffel.jpg 643w\" sizes=\"(max-width: 300px) 100vw, 300px\" \/><\/a>\n<h4 class=\"pt-cv-title\"><a href=\"https:\/\/remembermefrance.org\/en\/vente-de-chocolat-de-noel\/\" class=\"_self\" target=\"_self\" >Vente de chocolat de No\u00ebl<\/a><\/h4>\n<div class=\"pt-cv-content\">Pour soutenir l\u2019association et commencer \u00e0 pr\u00e9parer les festivit\u00e9s de fin d\u2019ann\u00e9e, Remember Me s\u2019est associ\u00e9 avec le chocolatier alsacien ...<br \/><div class=\"pt-cv-rmwrap\"><a href=\"https:\/\/remembermefrance.org\/en\/vente-de-chocolat-de-noel\/\" class=\"_self pt-cv-readmore btn btn-success\" target=\"_self\">Read the rest (French only)<\/a><\/div><\/div>\n<div class=\"pt-cv-meta-fields\"><span class=\"entry-date\"> <time datetime=\"2023-11-01T13:54:37+01:00\">1 November 2023<\/time><\/span><\/div><\/div><\/div><\/div><\/div>\n<div class=\"pt-cv-pagination-wrapper\"><ul class=\"pt-cv-pagination pt-cv-ajax pagination\" data-totalpages=\"13\" data-currentpage=\"1\" data-sid=\"bbc1a62rk3\" data-unid=\"\" data-isblock=\"\" data-postid=\"\"><li class=\"active\"><a href=\"#\">1<\/a><\/li>\n\t<li ><a class=\"\" href=\"https:\/\/remembermefrance.org\/en\/wp-json\/wp\/v2\/pages\/817\/?_page=2\">2<\/a><\/li>\n\t<li ><a class=\"\" href=\"https:\/\/remembermefrance.org\/en\/wp-json\/wp\/v2\/pages\/817\/?_page=3\">3<\/a><\/li>\n\t<li ><a href=\"#\">&hellip;<\/a><\/li>\n\t<li ><a class=\"\" href=\"https:\/\/remembermefrance.org\/en\/wp-json\/wp\/v2\/pages\/817\/?_page=13\">13<\/a><\/li>\n\t<li ><a class=\"\" href=\"https:\/\/remembermefrance.org\/en\/wp-json\/wp\/v2\/pages\/817\/?_page=2\">&rsaquo;<\/a><\/li>\n\t<\/ul><img decoding=\"async\" width=\"15\" height=\"15\" class=\"pt-cv-spinner\" alt=\"Loading...\" src=\"data:image\/gif;base64,R0lGODlhDwAPALMPAMrKygwMDJOTkz09PZWVla+vr3p6euTk5M7OzuXl5TMzMwAAAJmZmWZmZszMzP\/\/\/yH\/C05FVFNDQVBFMi4wAwEAAAAh+QQFCgAPACwAAAAADwAPAAAEQvDJaZaZOIcV8iQK8VRX4iTYoAwZ4iCYoAjZ4RxejhVNoT+mRGP4cyF4Pp0N98sBGIBMEMOotl6YZ3S61Bmbkm4mAgAh+QQFCgAPACwAAAAADQANAAAENPDJSRSZeA418itN8QiK8BiLITVsFiyBBIoYqnoewAD4xPw9iY4XLGYSjkQR4UAUD45DLwIAIfkEBQoADwAsAAAAAA8ACQAABC\/wyVlamTi3nSdgwFNdhEJgTJoNyoB9ISYoQmdjiZPcj7EYCAeCF1gEDo4Dz2eIAAAh+QQFCgAPACwCAAAADQANAAAEM\/DJBxiYeLKdX3IJZT1FU0iIg2RNKx3OkZVnZ98ToRD4MyiDnkAh6BkNC0MvsAj0kMpHBAAh+QQFCgAPACwGAAAACQAPAAAEMDC59KpFDll73HkAA2wVY5KgiK5b0RRoI6MuzG6EQqCDMlSGheEhUAgqgUUAFRySIgAh+QQFCgAPACwCAAIADQANAAAEM\/DJKZNLND\/kkKaHc3xk+QAMYDKsiaqmZCxGVjSFFCxB1vwy2oOgIDxuucxAMTAJFAJNBAAh+QQFCgAPACwAAAYADwAJAAAEMNAs86q1yaWwwv2Ig0jUZx3OYa4XoRAfwADXoAwfo1+CIjyFRuEho60aSNYlOPxEAAAh+QQFCgAPACwAAAIADQANAAAENPA9s4y8+IUVcqaWJ4qEQozSoAzoIyhCK2NFU2SJk0hNnyEOhKR2AzAAj4Pj4GE4W0bkJQIAOw==\" \/><div class=\"clear pt-cv-clear-pagination\"><\/div><\/div><\/div>\n\n\n\n<div class=\"wp-block-buttons is-content-justification-center is-layout-flex wp-container-core-buttons-is-layout-16018d1d wp-block-buttons-is-layout-flex\">\n<div class=\"wp-block-button\"><a class=\"wp-block-button__link wp-element-button\" href=\"\/en\/dans-les-medias\/\">Tous les articles<\/a><\/div>\n<\/div>\n\n\n\n<div style=\"height:34px\" aria-hidden=\"true\" class=\"wp-block-spacer\"><\/div>","protected":false},"excerpt":{"rendered":"<p>Nos derni\u00e8res actualit\u00e9s Dans les m\u00e9dias<\/p>","protected":false},"author":5,"featured_media":0,"parent":0,"menu_order":0,"comment_status":"closed","ping_status":"closed","template":"","meta":{"cybocfi_hide_featured_image":"","footnotes":""},"class_list":["post-817","page","type-page","status-publish","hentry"],"yoast_head":"<!-- This site is optimized with the Yoast SEO plugin v26.6 - https:\/\/yoast.com\/wordpress\/plugins\/seo\/ -->\n<title>Actualit\u00e9s - Association RMF<\/title>\n<meta name=\"robots\" content=\"index, follow, max-snippet:-1, max-image-preview:large, max-video-preview:-1\" \/>\n<link rel=\"canonical\" href=\"https:\/\/remembermefrance.org\/en\/actualites\/\" \/>\n<meta property=\"og:locale\" content=\"en_GB\" \/>\n<meta property=\"og:type\" content=\"article\" \/>\n<meta property=\"og:title\" content=\"Actualit\u00e9s - Association RMF\" \/>\n<meta property=\"og:description\" content=\"Nos derni\u00e8res actualit\u00e9s Dans les m\u00e9dias\" \/>\n<meta property=\"og:url\" content=\"https:\/\/remembermefrance.org\/en\/actualites\/\" \/>\n<meta property=\"og:site_name\" content=\"Association RMF\" \/>\n<meta property=\"article:publisher\" content=\"https:\/\/www.facebook.com\/remembermefrance\" \/>\n<meta property=\"article:modified_time\" content=\"2025-08-30T14:10:00+00:00\" \/>\n<meta property=\"og:image\" content=\"https:\/\/remembermefrance.org\/wp-content\/uploads\/adopter-chiots-1.jpg\" \/>\n\t<meta property=\"og:image:width\" content=\"1920\" \/>\n\t<meta property=\"og:image:height\" content=\"720\" \/>\n\t<meta property=\"og:image:type\" content=\"image\/jpeg\" \/>\n<meta name=\"twitter:card\" content=\"summary_large_image\" \/>\n<script type=\"application\/ld+json\" class=\"yoast-schema-graph\">{\"@context\":\"https:\/\/schema.org\",\"@graph\":[{\"@type\":\"WebPage\",\"@id\":\"https:\/\/remembermefrance.org\/actualites\/\",\"url\":\"https:\/\/remembermefrance.org\/actualites\/\",\"name\":\"Actualit\u00e9s - Association RMF\",\"isPartOf\":{\"@id\":\"https:\/\/remembermefrance.org\/#website\"},\"datePublished\":\"2020-05-18T10:04:52+00:00\",\"dateModified\":\"2025-08-30T14:10:00+00:00\",\"breadcrumb\":{\"@id\":\"https:\/\/remembermefrance.org\/actualites\/#breadcrumb\"},\"inLanguage\":\"en-GB\",\"potentialAction\":[{\"@type\":\"ReadAction\",\"target\":[\"https:\/\/remembermefrance.org\/actualites\/\"]}]},{\"@type\":\"BreadcrumbList\",\"@id\":\"https:\/\/remembermefrance.org\/actualites\/#breadcrumb\",\"itemListElement\":[{\"@type\":\"ListItem\",\"position\":1,\"name\":\"Accueil\",\"item\":\"https:\/\/remembermefrance.org\/\"},{\"@type\":\"ListItem\",\"position\":2,\"name\":\"Actualit\u00e9s\"}]},{\"@type\":\"WebSite\",\"@id\":\"https:\/\/remembermefrance.org\/#website\",\"url\":\"https:\/\/remembermefrance.org\/\",\"name\":\"Remember me\",\"description\":\"Adopter un chien roumain\",\"publisher\":{\"@id\":\"https:\/\/remembermefrance.org\/#organization\"},\"potentialAction\":[{\"@type\":\"SearchAction\",\"target\":{\"@type\":\"EntryPoint\",\"urlTemplate\":\"https:\/\/remembermefrance.org\/?s={search_term_string}\"},\"query-input\":{\"@type\":\"PropertyValueSpecification\",\"valueRequired\":true,\"valueName\":\"search_term_string\"}}],\"inLanguage\":\"en-GB\"},{\"@type\":\"Organization\",\"@id\":\"https:\/\/remembermefrance.org\/#organization\",\"name\":\"Remember me\",\"url\":\"https:\/\/remembermefrance.org\/\",\"logo\":{\"@type\":\"ImageObject\",\"inLanguage\":\"en-GB\",\"@id\":\"https:\/\/remembermefrance.org\/#\/schema\/logo\/image\/\",\"url\":\"https:\/\/remembermefrance.org\/wp-content\/uploads\/logo-remember.png\",\"contentUrl\":\"https:\/\/remembermefrance.org\/wp-content\/uploads\/logo-remember.png\",\"width\":325,\"height\":60,\"caption\":\"Remember me\"},\"image\":{\"@id\":\"https:\/\/remembermefrance.org\/#\/schema\/logo\/image\/\"},\"sameAs\":[\"https:\/\/www.facebook.com\/remembermefrance\",\"https:\/\/www.instagram.com\/remembermefrance\/\"]}]}<\/script>\n<!-- \/ Yoast SEO plugin. -->","yoast_head_json":{"title":"Actualit\u00e9s - Association RMF","robots":{"index":"index","follow":"follow","max-snippet":"max-snippet:-1","max-image-preview":"max-image-preview:large","max-video-preview":"max-video-preview:-1"},"canonical":"https:\/\/remembermefrance.org\/en\/actualites\/","og_locale":"en_GB","og_type":"article","og_title":"Actualit\u00e9s - Association RMF","og_description":"Nos derni\u00e8res actualit\u00e9s Dans les m\u00e9dias","og_url":"https:\/\/remembermefrance.org\/en\/actualites\/","og_site_name":"Association RMF","article_publisher":"https:\/\/www.facebook.com\/remembermefrance","article_modified_time":"2025-08-30T14:10:00+00:00","og_image":[{"width":1920,"height":720,"url":"https:\/\/remembermefrance.org\/wp-content\/uploads\/adopter-chiots-1.jpg","type":"image\/jpeg"}],"twitter_card":"summary_large_image","schema":{"@context":"https:\/\/schema.org","@graph":[{"@type":"WebPage","@id":"https:\/\/remembermefrance.org\/actualites\/","url":"https:\/\/remembermefrance.org\/actualites\/","name":"Actualit\u00e9s - Association RMF","isPartOf":{"@id":"https:\/\/remembermefrance.org\/#website"},"datePublished":"2020-05-18T10:04:52+00:00","dateModified":"2025-08-30T14:10:00+00:00","breadcrumb":{"@id":"https:\/\/remembermefrance.org\/actualites\/#breadcrumb"},"inLanguage":"en-GB","potentialAction":[{"@type":"ReadAction","target":["https:\/\/remembermefrance.org\/actualites\/"]}]},{"@type":"BreadcrumbList","@id":"https:\/\/remembermefrance.org\/actualites\/#breadcrumb","itemListElement":[{"@type":"ListItem","position":1,"name":"Accueil","item":"https:\/\/remembermefrance.org\/"},{"@type":"ListItem","position":2,"name":"Actualit\u00e9s"}]},{"@type":"WebSite","@id":"https:\/\/remembermefrance.org\/#website","url":"https:\/\/remembermefrance.org\/","name":"Remember me","description":"Adopt a Romanian dog","publisher":{"@id":"https:\/\/remembermefrance.org\/#organization"},"potentialAction":[{"@type":"SearchAction","target":{"@type":"EntryPoint","urlTemplate":"https:\/\/remembermefrance.org\/?s={search_term_string}"},"query-input":{"@type":"PropertyValueSpecification","valueRequired":true,"valueName":"search_term_string"}}],"inLanguage":"en-GB"},{"@type":"Organization","@id":"https:\/\/remembermefrance.org\/#organization","name":"Remember me","url":"https:\/\/remembermefrance.org\/","logo":{"@type":"ImageObject","inLanguage":"en-GB","@id":"https:\/\/remembermefrance.org\/#\/schema\/logo\/image\/","url":"https:\/\/remembermefrance.org\/wp-content\/uploads\/logo-remember.png","contentUrl":"https:\/\/remembermefrance.org\/wp-content\/uploads\/logo-remember.png","width":325,"height":60,"caption":"Remember me"},"image":{"@id":"https:\/\/remembermefrance.org\/#\/schema\/logo\/image\/"},"sameAs":["https:\/\/www.facebook.com\/remembermefrance","https:\/\/www.instagram.com\/remembermefrance\/"]}]}},"_links":{"self":[{"href":"https:\/\/remembermefrance.org\/en\/wp-json\/wp\/v2\/pages\/817","targetHints":{"allow":["GET"]}}],"collection":[{"href":"https:\/\/remembermefrance.org\/en\/wp-json\/wp\/v2\/pages"}],"about":[{"href":"https:\/\/remembermefrance.org\/en\/wp-json\/wp\/v2\/types\/page"}],"author":[{"embeddable":true,"href":"https:\/\/remembermefrance.org\/en\/wp-json\/wp\/v2\/users\/5"}],"replies":[{"embeddable":true,"href":"https:\/\/remembermefrance.org\/en\/wp-json\/wp\/v2\/comments?post=817"}],"version-history":[{"count":0,"href":"https:\/\/remembermefrance.org\/en\/wp-json\/wp\/v2\/pages\/817\/revisions"}],"wp:attachment":[{"href":"https:\/\/remembermefrance.org\/en\/wp-json\/wp\/v2\/media?parent=817"}],"curies":[{"name":"wp","href":"https:\/\/api.w.org\/{rel}","templated":true}]}}